{"id":133,"date":"2022-06-27T21:35:49","date_gmt":"2022-06-27T19:35:49","guid":{"rendered":"https:\/\/lafabriquedagathe.fr\/?page_id=133"},"modified":"2023-05-30T11:29:02","modified_gmt":"2023-05-30T09:29:02","slug":"brouillon-envoi-postal","status":"publish","type":"page","link":"https:\/\/lafabriquedagathe.fr\/index.php\/brouillon-envoi-postal\/","title":{"rendered":"BROUILLON ENVOI POSTAL"},"content":{"rendered":"<div class=\"wp-block-image\">\n<figure class=\"aligncenter size-medium is-resized\"><img decoding=\"async\" src=\"https:\/\/lafabriquedagathe.fr\/wp-content\/uploads\/2022\/06\/animal-g84b4b0dcc_1280-300x181.png\" alt=\"\" class=\"wp-image-134\" width=\"150\" height=\"91\" srcset=\"https:\/\/lafabriquedagathe.fr\/wp-content\/uploads\/2022\/06\/animal-g84b4b0dcc_1280-300x181.png 300w, https:\/\/lafabriquedagathe.fr\/wp-content\/uploads\/2022\/06\/animal-g84b4b0dcc_1280-600x363.png 600w, https:\/\/lafabriquedagathe.fr\/wp-content\/uploads\/2022\/06\/animal-g84b4b0dcc_1280-1024x619.png 1024w, https:\/\/lafabriquedagathe.fr\/wp-content\/uploads\/2022\/06\/animal-g84b4b0dcc_1280-768x464.png 768w, https:\/\/lafabriquedagathe.fr\/wp-content\/uploads\/2022\/06\/animal-g84b4b0dcc_1280-150x91.png 150w, https:\/\/lafabriquedagathe.fr\/wp-content\/uploads\/2022\/06\/animal-g84b4b0dcc_1280.png 1280w\" sizes=\"(max-width: 150px) 100vw, 150px\" \/><\/figure>\n<\/div>\n\n\n<p> <p class=\"has-text-align-center\">Envoi via colissimo dans toute la<strong> France<\/strong>.<\/p><\/p>\n\n\n\n<p><p class=\"has-text-align-center\"><strong>Frais de port offert<\/strong> \u00e0 partir de 150\u20ac. <\/p><\/p>\n\n\n\n<p><p class=\"has-text-align-center\">Vous pouvez \u00e9galement venir retirer votre commande \u00e0 l&rsquo;Atelier. <\/p><\/p>\n\n\n\n<p><p class=\"has-text-align-center\">Dans un souci de respect de l&rsquo;environnement, les emballages d&rsquo;envois sont r\u00e9-utilisables (une fois). Ils sont \u00e9galement compostables (compost industriel ou compost familial).    <\/p><\/p>\n\n\n\n<p><p class=\"has-text-align-center\">Le papier de soie prot\u00e9geant les cr\u00e9ations est fabriqu\u00e9 en France, dans la Dr\u00f4me, \u00e0 partir de fibres naturelles. <\/p> <\/p>\n","protected":false},"excerpt":{"rendered":"<p>Envoi via colissimo dans toute la France. Frais de port offert \u00e0 partir de 150\u20ac. Vous pouvez \u00e9galement venir retirer votre commande \u00e0 l&rsquo;Atelier. Dans un souci de respect de l&rsquo;environnement, les emballages d&rsquo;envois sont r\u00e9-utilisables (une fois). Ils sont \u00e9galement compostables (compost industriel ou compost familial). Le papier de&#8230;<\/p>\n<p> <a class=\"continue-reading-link\" href=\"https:\/\/lafabriquedagathe.fr\/index.php\/brouillon-envoi-postal\/\"><span>Continue reading<\/span><i class=\"crycon-right-dir\"><\/i><\/a> <\/p>\n","protected":false},"author":1,"featured_media":0,"parent":0,"menu_order":0,"comment_status":"closed","ping_status":"closed","template":"","meta":{"footnotes":""},"class_list":["post-133","page","type-page","status-publish","hentry"],"yoast_head":"<!-- This site is optimized with the Yoast SEO plugin v27.1.1 - https:\/\/yoast.com\/product\/yoast-seo-wordpress\/ -->\n<title>BROUILLON ENVOI POSTAL - Sarouels et v\u00eatements \u00e9volutifs pour enfant en coton bio!<\/title>\n<meta name=\"robots\" content=\"index, follow, max-snippet:-1, max-image-preview:large, max-video-preview:-1\" \/>\n<link rel=\"canonical\" href=\"https:\/\/lafabriquedagathe.fr\/index.php\/brouillon-envoi-postal\/\" \/>\n<meta property=\"og:locale\" content=\"fr_FR\" \/>\n<meta property=\"og:type\" content=\"article\" \/>\n<meta property=\"og:title\" content=\"BROUILLON ENVOI POSTAL - Sarouels et v\u00eatements \u00e9volutifs pour enfant en coton bio!\" \/>\n<meta property=\"og:description\" content=\"Envoi via colissimo dans toute la France. Frais de port offert \u00e0 partir de 150\u20ac. Vous pouvez \u00e9galement venir retirer votre commande \u00e0 l&rsquo;Atelier. Dans un souci de respect de l&rsquo;environnement, les emballages d&rsquo;envois sont r\u00e9-utilisables (une fois). Ils sont \u00e9galement compostables (compost industriel ou compost familial). Le papier de... Continue reading\" \/>\n<meta property=\"og:url\" content=\"https:\/\/lafabriquedagathe.fr\/index.php\/brouillon-envoi-postal\/\" \/>\n<meta property=\"og:site_name\" content=\"Sarouels et v\u00eatements \u00e9volutifs pour enfant en coton bio!\" \/>\n<meta property=\"article:publisher\" content=\"https:\/\/www.facebook.com\/lafabriquedagathe\" \/>\n<meta property=\"article:modified_time\" content=\"2023-05-30T09:29:02+00:00\" \/>\n<meta property=\"og:image\" content=\"https:\/\/lafabriquedagathe.fr\/wp-content\/uploads\/2022\/06\/animal-g84b4b0dcc_1280-300x181.png\" \/>\n<meta name=\"twitter:card\" content=\"summary_large_image\" \/>\n<meta name=\"twitter:label1\" content=\"Dur\u00e9e de lecture estim\u00e9e\" \/>\n\t<meta name=\"twitter:data1\" content=\"1 minute\" \/>\n<script type=\"application\/ld+json\" class=\"yoast-schema-graph\">{\"@context\":\"https:\/\/schema.org\",\"@graph\":[{\"@type\":\"WebPage\",\"@id\":\"https:\/\/lafabriquedagathe.fr\/index.php\/brouillon-envoi-postal\/\",\"url\":\"https:\/\/lafabriquedagathe.fr\/index.php\/brouillon-envoi-postal\/\",\"name\":\"BROUILLON ENVOI POSTAL - Sarouels et v\u00eatements \u00e9volutifs pour enfant en coton bio!\",\"isPartOf\":{\"@id\":\"https:\/\/lafabriquedagathe.fr\/#website\"},\"primaryImageOfPage\":{\"@id\":\"https:\/\/lafabriquedagathe.fr\/index.php\/brouillon-envoi-postal\/#primaryimage\"},\"image\":{\"@id\":\"https:\/\/lafabriquedagathe.fr\/index.php\/brouillon-envoi-postal\/#primaryimage\"},\"thumbnailUrl\":\"https:\/\/lafabriquedagathe.fr\/wp-content\/uploads\/2022\/06\/animal-g84b4b0dcc_1280-300x181.png\",\"datePublished\":\"2022-06-27T19:35:49+00:00\",\"dateModified\":\"2023-05-30T09:29:02+00:00\",\"breadcrumb\":{\"@id\":\"https:\/\/lafabriquedagathe.fr\/index.php\/brouillon-envoi-postal\/#breadcrumb\"},\"inLanguage\":\"fr-FR\",\"potentialAction\":[{\"@type\":\"ReadAction\",\"target\":[\"https:\/\/lafabriquedagathe.fr\/index.php\/brouillon-envoi-postal\/\"]}]},{\"@type\":\"ImageObject\",\"inLanguage\":\"fr-FR\",\"@id\":\"https:\/\/lafabriquedagathe.fr\/index.php\/brouillon-envoi-postal\/#primaryimage\",\"url\":\"https:\/\/lafabriquedagathe.fr\/wp-content\/uploads\/2022\/06\/animal-g84b4b0dcc_1280-300x181.png\",\"contentUrl\":\"https:\/\/lafabriquedagathe.fr\/wp-content\/uploads\/2022\/06\/animal-g84b4b0dcc_1280-300x181.png\"},{\"@type\":\"BreadcrumbList\",\"@id\":\"https:\/\/lafabriquedagathe.fr\/index.php\/brouillon-envoi-postal\/#breadcrumb\",\"itemListElement\":[{\"@type\":\"ListItem\",\"position\":1,\"name\":\"Accueil\",\"item\":\"https:\/\/lafabriquedagathe.fr\/\"},{\"@type\":\"ListItem\",\"position\":2,\"name\":\"BROUILLON ENVOI POSTAL\"}]},{\"@type\":\"WebSite\",\"@id\":\"https:\/\/lafabriquedagathe.fr\/#website\",\"url\":\"https:\/\/lafabriquedagathe.fr\/\",\"name\":\"Sarouels et v\u00eatements \u00e9volutifs pour enfant en coton bio!\",\"description\":\"Pour grandir, jouer et durer.\",\"publisher\":{\"@id\":\"https:\/\/lafabriquedagathe.fr\/#organization\"},\"potentialAction\":[{\"@type\":\"SearchAction\",\"target\":{\"@type\":\"EntryPoint\",\"urlTemplate\":\"https:\/\/lafabriquedagathe.fr\/?s={search_term_string}\"},\"query-input\":{\"@type\":\"PropertyValueSpecification\",\"valueRequired\":true,\"valueName\":\"search_term_string\"}}],\"inLanguage\":\"fr-FR\"},{\"@type\":\"Organization\",\"@id\":\"https:\/\/lafabriquedagathe.fr\/#organization\",\"name\":\"La fabrique d'Agathe\",\"url\":\"https:\/\/lafabriquedagathe.fr\/\",\"logo\":{\"@type\":\"ImageObject\",\"inLanguage\":\"fr-FR\",\"@id\":\"https:\/\/lafabriquedagathe.fr\/#\/schema\/logo\/image\/\",\"url\":\"https:\/\/lafabriquedagathe.fr\/wp-content\/uploads\/2022\/06\/LOGO1ERE-2.jpg\",\"contentUrl\":\"https:\/\/lafabriquedagathe.fr\/wp-content\/uploads\/2022\/06\/LOGO1ERE-2.jpg\",\"width\":350,\"height\":175,\"caption\":\"La fabrique d'Agathe\"},\"image\":{\"@id\":\"https:\/\/lafabriquedagathe.fr\/#\/schema\/logo\/image\/\"},\"sameAs\":[\"https:\/\/www.facebook.com\/lafabriquedagathe\",\"https:\/\/www.instagram.com\/lafabriquedagathe\/\"]}]}<\/script>\n<!-- \/ Yoast SEO plugin. -->","yoast_head_json":{"title":"BROUILLON ENVOI POSTAL - Sarouels et v\u00eatements \u00e9volutifs pour enfant en coton bio!","robots":{"index":"index","follow":"follow","max-snippet":"max-snippet:-1","max-image-preview":"max-image-preview:large","max-video-preview":"max-video-preview:-1"},"canonical":"https:\/\/lafabriquedagathe.fr\/index.php\/brouillon-envoi-postal\/","og_locale":"fr_FR","og_type":"article","og_title":"BROUILLON ENVOI POSTAL - Sarouels et v\u00eatements \u00e9volutifs pour enfant en coton bio!","og_description":"Envoi via colissimo dans toute la France. Frais de port offert \u00e0 partir de 150\u20ac. Vous pouvez \u00e9galement venir retirer votre commande \u00e0 l&rsquo;Atelier. Dans un souci de respect de l&rsquo;environnement, les emballages d&rsquo;envois sont r\u00e9-utilisables (une fois). Ils sont \u00e9galement compostables (compost industriel ou compost familial). Le papier de... Continue reading","og_url":"https:\/\/lafabriquedagathe.fr\/index.php\/brouillon-envoi-postal\/","og_site_name":"Sarouels et v\u00eatements \u00e9volutifs pour enfant en coton bio!","article_publisher":"https:\/\/www.facebook.com\/lafabriquedagathe","article_modified_time":"2023-05-30T09:29:02+00:00","og_image":[{"url":"https:\/\/lafabriquedagathe.fr\/wp-content\/uploads\/2022\/06\/animal-g84b4b0dcc_1280-300x181.png","type":"","width":"","height":""}],"twitter_card":"summary_large_image","twitter_misc":{"Dur\u00e9e de lecture estim\u00e9e":"1 minute"},"schema":{"@context":"https:\/\/schema.org","@graph":[{"@type":"WebPage","@id":"https:\/\/lafabriquedagathe.fr\/index.php\/brouillon-envoi-postal\/","url":"https:\/\/lafabriquedagathe.fr\/index.php\/brouillon-envoi-postal\/","name":"BROUILLON ENVOI POSTAL - Sarouels et v\u00eatements \u00e9volutifs pour enfant en coton bio!","isPartOf":{"@id":"https:\/\/lafabriquedagathe.fr\/#website"},"primaryImageOfPage":{"@id":"https:\/\/lafabriquedagathe.fr\/index.php\/brouillon-envoi-postal\/#primaryimage"},"image":{"@id":"https:\/\/lafabriquedagathe.fr\/index.php\/brouillon-envoi-postal\/#primaryimage"},"thumbnailUrl":"https:\/\/lafabriquedagathe.fr\/wp-content\/uploads\/2022\/06\/animal-g84b4b0dcc_1280-300x181.png","datePublished":"2022-06-27T19:35:49+00:00","dateModified":"2023-05-30T09:29:02+00:00","breadcrumb":{"@id":"https:\/\/lafabriquedagathe.fr\/index.php\/brouillon-envoi-postal\/#breadcrumb"},"inLanguage":"fr-FR","potentialAction":[{"@type":"ReadAction","target":["https:\/\/lafabriquedagathe.fr\/index.php\/brouillon-envoi-postal\/"]}]},{"@type":"ImageObject","inLanguage":"fr-FR","@id":"https:\/\/lafabriquedagathe.fr\/index.php\/brouillon-envoi-postal\/#primaryimage","url":"https:\/\/lafabriquedagathe.fr\/wp-content\/uploads\/2022\/06\/animal-g84b4b0dcc_1280-300x181.png","contentUrl":"https:\/\/lafabriquedagathe.fr\/wp-content\/uploads\/2022\/06\/animal-g84b4b0dcc_1280-300x181.png"},{"@type":"BreadcrumbList","@id":"https:\/\/lafabriquedagathe.fr\/index.php\/brouillon-envoi-postal\/#breadcrumb","itemListElement":[{"@type":"ListItem","position":1,"name":"Accueil","item":"https:\/\/lafabriquedagathe.fr\/"},{"@type":"ListItem","position":2,"name":"BROUILLON ENVOI POSTAL"}]},{"@type":"WebSite","@id":"https:\/\/lafabriquedagathe.fr\/#website","url":"https:\/\/lafabriquedagathe.fr\/","name":"Sarouels et v\u00eatements \u00e9volutifs pour enfant en coton bio!","description":"Pour grandir, jouer et durer.","publisher":{"@id":"https:\/\/lafabriquedagathe.fr\/#organization"},"potentialAction":[{"@type":"SearchAction","target":{"@type":"EntryPoint","urlTemplate":"https:\/\/lafabriquedagathe.fr\/?s={search_term_string}"},"query-input":{"@type":"PropertyValueSpecification","valueRequired":true,"valueName":"search_term_string"}}],"inLanguage":"fr-FR"},{"@type":"Organization","@id":"https:\/\/lafabriquedagathe.fr\/#organization","name":"La fabrique d'Agathe","url":"https:\/\/lafabriquedagathe.fr\/","logo":{"@type":"ImageObject","inLanguage":"fr-FR","@id":"https:\/\/lafabriquedagathe.fr\/#\/schema\/logo\/image\/","url":"https:\/\/lafabriquedagathe.fr\/wp-content\/uploads\/2022\/06\/LOGO1ERE-2.jpg","contentUrl":"https:\/\/lafabriquedagathe.fr\/wp-content\/uploads\/2022\/06\/LOGO1ERE-2.jpg","width":350,"height":175,"caption":"La fabrique d'Agathe"},"image":{"@id":"https:\/\/lafabriquedagathe.fr\/#\/schema\/logo\/image\/"},"sameAs":["https:\/\/www.facebook.com\/lafabriquedagathe","https:\/\/www.instagram.com\/lafabriquedagathe\/"]}]}},"_links":{"self":[{"href":"https:\/\/lafabriquedagathe.fr\/index.php\/wp-json\/wp\/v2\/pages\/133","targetHints":{"allow":["GET"]}}],"collection":[{"href":"https:\/\/lafabriquedagathe.fr\/index.php\/wp-json\/wp\/v2\/pages"}],"about":[{"href":"https:\/\/lafabriquedagathe.fr\/index.php\/wp-json\/wp\/v2\/types\/page"}],"author":[{"embeddable":true,"href":"https:\/\/lafabriquedagathe.fr\/index.php\/wp-json\/wp\/v2\/users\/1"}],"replies":[{"embeddable":true,"href":"https:\/\/lafabriquedagathe.fr\/index.php\/wp-json\/wp\/v2\/comments?post=133"}],"version-history":[{"count":8,"href":"https:\/\/lafabriquedagathe.fr\/index.php\/wp-json\/wp\/v2\/pages\/133\/revisions"}],"predecessor-version":[{"id":3790,"href":"https:\/\/lafabriquedagathe.fr\/index.php\/wp-json\/wp\/v2\/pages\/133\/revisions\/3790"}],"wp:attachment":[{"href":"https:\/\/lafabriquedagathe.fr\/index.php\/wp-json\/wp\/v2\/media?parent=133"}],"curies":[{"name":"wp","href":"https:\/\/api.w.org\/{rel}","templated":true}]}}