{"id":17,"date":"2022-06-22T17:19:37","date_gmt":"2022-06-22T15:19:37","guid":{"rendered":"http:\/\/lafabriquedagathe.fr\/?page_id=17"},"modified":"2024-01-22T09:43:31","modified_gmt":"2024-01-22T08:43:31","slug":"contact","status":"publish","type":"page","link":"https:\/\/lafabriquedagathe.fr\/index.php\/contact\/","title":{"rendered":"Contact"},"content":{"rendered":"\n<div class=\"wp-block-columns is-layout-flex wp-container-core-columns-is-layout-9d6595d7 wp-block-columns-is-layout-flex\">\n<div class=\"wp-block-column is-layout-flow wp-block-column-is-layout-flow\">\n<div class=\"wp-block-group\"><div class=\"wp-block-group__inner-container is-layout-flow wp-block-group-is-layout-flow\">\n<div class=\"wp-block-group\"><div class=\"wp-block-group__inner-container is-layout-flow wp-block-group-is-layout-flow\">\n<div class=\"wp-block-group\"><div class=\"wp-block-group__inner-container is-layout-flow wp-block-group-is-layout-flow\">\n<div class=\"wp-block-group\"><div class=\"wp-block-group__inner-container is-layout-flow wp-block-group-is-layout-flow\">\n<div class=\"wp-block-group\"><div class=\"wp-block-group__inner-container is-layout-flow wp-block-group-is-layout-flow\">\n<div class=\"wp-block-group\"><div class=\"wp-block-group__inner-container is-layout-flow wp-block-group-is-layout-flow\">\n<p><\/p>\n\n\n\n<p class=\"has-text-align-center\">La Fabrique d&rsquo;Agathe<\/p>\n\n\n\n<p class=\"has-text-align-center\">Agathe Bornet <\/p>\n<\/div><\/div>\n<\/div><\/div>\n\n\n\n<p class=\"has-text-align-center\">701 Rue de la fruiti\u00e8re <\/p>\n\n\n\n<p class=\"has-text-align-center\">01410 CHAMPFROMIER<\/p>\n\n\n\n<p class=\"has-text-align-center\">0689568893<\/p>\n\n\n\n<p class=\"has-text-align-center\">lafabriquedagathe@yahoo.com<\/p>\n<\/div><\/div>\n<\/div><\/div>\n<\/div><\/div>\n<\/div><\/div>\n<\/div>\n\n\n\n<div class=\"wp-block-column is-layout-flow wp-block-column-is-layout-flow\">\n<iframe src=\"https:\/\/www.google.com\/maps\/embed?pb=!1m18!1m12!1m3!1d2761.7507178736973!2d5.808225014853782!3d46.19551909236896!2m3!1f0!2f0!3f0!3m2!1i1024!2i768!4f13.1!3m3!1m2!1s0x478c9ac752d39217%3A0x605fedc97af5b17c!2s701%20Rue%20de%20la%20Fruiti%C3%A8re%2C%2001410%20Champfromier!5e0!3m2!1sfr!2sfr!4v1656063382175!5m2!1sfr!2sfr\" style=\"border:0;\" allowfullscreen=\"\" loading=\"lazy\" referrerpolicy=\"no-referrer-when-downgrade\" width=\"600\" height=\"450\"><\/iframe>\n<\/div>\n<\/div>\n\n\n\n<div class=\"wp-block-media-text alignwide is-stacked-on-mobile\"><figure class=\"wp-block-media-text__media\"><img fetchpriority=\"high\" decoding=\"async\" width=\"768\" height=\"1024\" src=\"https:\/\/lafabriquedagathe.fr\/wp-content\/uploads\/2022\/09\/PXL_20220325_090849643-768x1024.jpg\" alt=\"\" class=\"wp-image-637 size-full\" srcset=\"https:\/\/lafabriquedagathe.fr\/wp-content\/uploads\/2022\/09\/PXL_20220325_090849643-768x1024.jpg 768w, https:\/\/lafabriquedagathe.fr\/wp-content\/uploads\/2022\/09\/PXL_20220325_090849643-225x300.jpg 225w, https:\/\/lafabriquedagathe.fr\/wp-content\/uploads\/2022\/09\/PXL_20220325_090849643-1152x1536.jpg 1152w, https:\/\/lafabriquedagathe.fr\/wp-content\/uploads\/2022\/09\/PXL_20220325_090849643-1536x2048.jpg 1536w, https:\/\/lafabriquedagathe.fr\/wp-content\/uploads\/2022\/09\/PXL_20220325_090849643-113x150.jpg 113w, https:\/\/lafabriquedagathe.fr\/wp-content\/uploads\/2022\/09\/PXL_20220325_090849643-600x800.jpg 600w, https:\/\/lafabriquedagathe.fr\/wp-content\/uploads\/2022\/09\/PXL_20220325_090849643-scaled.jpg 1920w\" sizes=\"(max-width: 768px) 100vw, 768px\" \/><\/figure><div class=\"wp-block-media-text__content\">\n<p class=\"has-text-align-center\">Mon atelier est ouvert sur rendez-vous. Vous pourrez y retrouver mon stock de cr\u00e9ations. Vous pourrez \u00e9galement choisir le tissu de votre choix, pour la cr\u00e9ation \u00e0 r\u00e9aliser. N&rsquo;h\u00e9sitez pas \u00e0 me contacter pour d\u00e9couvrir mon travail. <\/p>\n\n\n\n<p><\/p>\n\n\n\n<p><\/p>\n<\/div><\/div>\n\n\n\n<div class=\"wp-block-columns is-layout-flex wp-container-core-columns-is-layout-9d6595d7 wp-block-columns-is-layout-flex\">\n<div class=\"wp-block-column is-layout-flow wp-block-column-is-layout-flow\"><\/div>\n\n\n\n<div class=\"wp-block-column is-layout-flow wp-block-column-is-layout-flow\"><\/div>\n<\/div>\n\n\n\n<div class=\"wp-block-columns is-layout-flex wp-container-core-columns-is-layout-9d6595d7 wp-block-columns-is-layout-flex\">\n<div class=\"wp-block-column is-layout-flow wp-block-column-is-layout-flow\"><\/div>\n\n\n\n<div class=\"wp-block-column is-layout-flow wp-block-column-is-layout-flow\"><\/div>\n<\/div>\n","protected":false},"excerpt":{"rendered":"<p>La Fabrique d&rsquo;Agathe Agathe Bornet 701 Rue de la fruiti\u00e8re 01410 CHAMPFROMIER 0689568893 lafabriquedagathe@yahoo.com Mon atelier est ouvert sur rendez-vous. Vous pourrez y retrouver mon stock de cr\u00e9ations. Vous pourrez \u00e9galement choisir le tissu de votre choix, pour la cr\u00e9ation \u00e0 r\u00e9aliser. N&rsquo;h\u00e9sitez pas \u00e0 me contacter pour d\u00e9couvrir mon&#8230;<\/p>\n<p> <a class=\"continue-reading-link\" href=\"https:\/\/lafabriquedagathe.fr\/index.php\/contact\/\"><span>Continue reading<\/span><i class=\"crycon-right-dir\"><\/i><\/a> <\/p>\n","protected":false},"author":1,"featured_media":0,"parent":0,"menu_order":0,"comment_status":"closed","ping_status":"closed","template":"","meta":{"footnotes":""},"class_list":["post-17","page","type-page","status-publish","hentry"],"yoast_head":"<!-- This site is optimized with the Yoast SEO plugin v27.1.1 - https:\/\/yoast.com\/product\/yoast-seo-wordpress\/ -->\n<title>Contact - Sarouels et v\u00eatements \u00e9volutifs pour enfant en coton bio!<\/title>\n<meta name=\"description\" content=\"Des v\u00eatements pour petits et grands confectionn\u00e9s \u00e0 Champfromier dans l&#039;AIN. Atelier ouvert sur rendez-vous au 0689568893.\" \/>\n<meta name=\"robots\" content=\"index, follow, max-snippet:-1, max-image-preview:large, max-video-preview:-1\" \/>\n<link rel=\"canonical\" href=\"https:\/\/lafabriquedagathe.fr\/index.php\/contact\/\" \/>\n<meta property=\"og:locale\" content=\"fr_FR\" \/>\n<meta property=\"og:type\" content=\"article\" \/>\n<meta property=\"og:title\" content=\"Contact - Sarouels et v\u00eatements \u00e9volutifs pour enfant en coton bio!\" \/>\n<meta property=\"og:description\" content=\"Des v\u00eatements pour petits et grands confectionn\u00e9s \u00e0 Champfromier dans l&#039;AIN. Atelier ouvert sur rendez-vous au 0689568893.\" \/>\n<meta property=\"og:url\" content=\"https:\/\/lafabriquedagathe.fr\/index.php\/contact\/\" \/>\n<meta property=\"og:site_name\" content=\"Sarouels et v\u00eatements \u00e9volutifs pour enfant en coton bio!\" \/>\n<meta property=\"article:publisher\" content=\"https:\/\/www.facebook.com\/lafabriquedagathe\" \/>\n<meta property=\"article:modified_time\" content=\"2024-01-22T08:43:31+00:00\" \/>\n<meta property=\"og:image\" content=\"https:\/\/lafabriquedagathe.fr\/wp-content\/uploads\/2022\/09\/PXL_20220325_090849643-768x1024.jpg\" \/>\n<meta name=\"twitter:card\" content=\"summary_large_image\" \/>\n<meta name=\"twitter:label1\" content=\"Dur\u00e9e de lecture estim\u00e9e\" \/>\n\t<meta name=\"twitter:data1\" content=\"1 minute\" \/>\n<script type=\"application\/ld+json\" class=\"yoast-schema-graph\">{\"@context\":\"https:\/\/schema.org\",\"@graph\":[{\"@type\":\"WebPage\",\"@id\":\"https:\/\/lafabriquedagathe.fr\/index.php\/contact\/\",\"url\":\"https:\/\/lafabriquedagathe.fr\/index.php\/contact\/\",\"name\":\"Contact - Sarouels et v\u00eatements \u00e9volutifs pour enfant en coton bio!\",\"isPartOf\":{\"@id\":\"https:\/\/lafabriquedagathe.fr\/#website\"},\"primaryImageOfPage\":{\"@id\":\"https:\/\/lafabriquedagathe.fr\/index.php\/contact\/#primaryimage\"},\"image\":{\"@id\":\"https:\/\/lafabriquedagathe.fr\/index.php\/contact\/#primaryimage\"},\"thumbnailUrl\":\"https:\/\/lafabriquedagathe.fr\/wp-content\/uploads\/2022\/09\/PXL_20220325_090849643-768x1024.jpg\",\"datePublished\":\"2022-06-22T15:19:37+00:00\",\"dateModified\":\"2024-01-22T08:43:31+00:00\",\"description\":\"Des v\u00eatements pour petits et grands confectionn\u00e9s \u00e0 Champfromier dans l'AIN. Atelier ouvert sur rendez-vous au 0689568893.\",\"breadcrumb\":{\"@id\":\"https:\/\/lafabriquedagathe.fr\/index.php\/contact\/#breadcrumb\"},\"inLanguage\":\"fr-FR\",\"potentialAction\":[{\"@type\":\"ReadAction\",\"target\":[\"https:\/\/lafabriquedagathe.fr\/index.php\/contact\/\"]}]},{\"@type\":\"ImageObject\",\"inLanguage\":\"fr-FR\",\"@id\":\"https:\/\/lafabriquedagathe.fr\/index.php\/contact\/#primaryimage\",\"url\":\"https:\/\/lafabriquedagathe.fr\/wp-content\/uploads\/2022\/09\/PXL_20220325_090849643-scaled.jpg\",\"contentUrl\":\"https:\/\/lafabriquedagathe.fr\/wp-content\/uploads\/2022\/09\/PXL_20220325_090849643-scaled.jpg\",\"width\":1920,\"height\":2560,\"caption\":\"Atelier de couture dans l'Ain.\"},{\"@type\":\"BreadcrumbList\",\"@id\":\"https:\/\/lafabriquedagathe.fr\/index.php\/contact\/#breadcrumb\",\"itemListElement\":[{\"@type\":\"ListItem\",\"position\":1,\"name\":\"Accueil\",\"item\":\"https:\/\/lafabriquedagathe.fr\/\"},{\"@type\":\"ListItem\",\"position\":2,\"name\":\"Contact\"}]},{\"@type\":\"WebSite\",\"@id\":\"https:\/\/lafabriquedagathe.fr\/#website\",\"url\":\"https:\/\/lafabriquedagathe.fr\/\",\"name\":\"Sarouels et v\u00eatements \u00e9volutifs pour enfant en coton bio!\",\"description\":\"Pour grandir, jouer et durer.\",\"publisher\":{\"@id\":\"https:\/\/lafabriquedagathe.fr\/#organization\"},\"potentialAction\":[{\"@type\":\"SearchAction\",\"target\":{\"@type\":\"EntryPoint\",\"urlTemplate\":\"https:\/\/lafabriquedagathe.fr\/?s={search_term_string}\"},\"query-input\":{\"@type\":\"PropertyValueSpecification\",\"valueRequired\":true,\"valueName\":\"search_term_string\"}}],\"inLanguage\":\"fr-FR\"},{\"@type\":\"Organization\",\"@id\":\"https:\/\/lafabriquedagathe.fr\/#organization\",\"name\":\"La fabrique d'Agathe\",\"url\":\"https:\/\/lafabriquedagathe.fr\/\",\"logo\":{\"@type\":\"ImageObject\",\"inLanguage\":\"fr-FR\",\"@id\":\"https:\/\/lafabriquedagathe.fr\/#\/schema\/logo\/image\/\",\"url\":\"https:\/\/lafabriquedagathe.fr\/wp-content\/uploads\/2022\/06\/LOGO1ERE-2.jpg\",\"contentUrl\":\"https:\/\/lafabriquedagathe.fr\/wp-content\/uploads\/2022\/06\/LOGO1ERE-2.jpg\",\"width\":350,\"height\":175,\"caption\":\"La fabrique d'Agathe\"},\"image\":{\"@id\":\"https:\/\/lafabriquedagathe.fr\/#\/schema\/logo\/image\/\"},\"sameAs\":[\"https:\/\/www.facebook.com\/lafabriquedagathe\",\"https:\/\/www.instagram.com\/lafabriquedagathe\/\"]}]}<\/script>\n<!-- \/ Yoast SEO plugin. -->","yoast_head_json":{"title":"Contact - Sarouels et v\u00eatements \u00e9volutifs pour enfant en coton bio!","description":"Des v\u00eatements pour petits et grands confectionn\u00e9s \u00e0 Champfromier dans l'AIN. Atelier ouvert sur rendez-vous au 0689568893.","robots":{"index":"index","follow":"follow","max-snippet":"max-snippet:-1","max-image-preview":"max-image-preview:large","max-video-preview":"max-video-preview:-1"},"canonical":"https:\/\/lafabriquedagathe.fr\/index.php\/contact\/","og_locale":"fr_FR","og_type":"article","og_title":"Contact - Sarouels et v\u00eatements \u00e9volutifs pour enfant en coton bio!","og_description":"Des v\u00eatements pour petits et grands confectionn\u00e9s \u00e0 Champfromier dans l'AIN. Atelier ouvert sur rendez-vous au 0689568893.","og_url":"https:\/\/lafabriquedagathe.fr\/index.php\/contact\/","og_site_name":"Sarouels et v\u00eatements \u00e9volutifs pour enfant en coton bio!","article_publisher":"https:\/\/www.facebook.com\/lafabriquedagathe","article_modified_time":"2024-01-22T08:43:31+00:00","og_image":[{"url":"https:\/\/lafabriquedagathe.fr\/wp-content\/uploads\/2022\/09\/PXL_20220325_090849643-768x1024.jpg","type":"","width":"","height":""}],"twitter_card":"summary_large_image","twitter_misc":{"Dur\u00e9e de lecture estim\u00e9e":"1 minute"},"schema":{"@context":"https:\/\/schema.org","@graph":[{"@type":"WebPage","@id":"https:\/\/lafabriquedagathe.fr\/index.php\/contact\/","url":"https:\/\/lafabriquedagathe.fr\/index.php\/contact\/","name":"Contact - Sarouels et v\u00eatements \u00e9volutifs pour enfant en coton bio!","isPartOf":{"@id":"https:\/\/lafabriquedagathe.fr\/#website"},"primaryImageOfPage":{"@id":"https:\/\/lafabriquedagathe.fr\/index.php\/contact\/#primaryimage"},"image":{"@id":"https:\/\/lafabriquedagathe.fr\/index.php\/contact\/#primaryimage"},"thumbnailUrl":"https:\/\/lafabriquedagathe.fr\/wp-content\/uploads\/2022\/09\/PXL_20220325_090849643-768x1024.jpg","datePublished":"2022-06-22T15:19:37+00:00","dateModified":"2024-01-22T08:43:31+00:00","description":"Des v\u00eatements pour petits et grands confectionn\u00e9s \u00e0 Champfromier dans l'AIN. Atelier ouvert sur rendez-vous au 0689568893.","breadcrumb":{"@id":"https:\/\/lafabriquedagathe.fr\/index.php\/contact\/#breadcrumb"},"inLanguage":"fr-FR","potentialAction":[{"@type":"ReadAction","target":["https:\/\/lafabriquedagathe.fr\/index.php\/contact\/"]}]},{"@type":"ImageObject","inLanguage":"fr-FR","@id":"https:\/\/lafabriquedagathe.fr\/index.php\/contact\/#primaryimage","url":"https:\/\/lafabriquedagathe.fr\/wp-content\/uploads\/2022\/09\/PXL_20220325_090849643-scaled.jpg","contentUrl":"https:\/\/lafabriquedagathe.fr\/wp-content\/uploads\/2022\/09\/PXL_20220325_090849643-scaled.jpg","width":1920,"height":2560,"caption":"Atelier de couture dans l'Ain."},{"@type":"BreadcrumbList","@id":"https:\/\/lafabriquedagathe.fr\/index.php\/contact\/#breadcrumb","itemListElement":[{"@type":"ListItem","position":1,"name":"Accueil","item":"https:\/\/lafabriquedagathe.fr\/"},{"@type":"ListItem","position":2,"name":"Contact"}]},{"@type":"WebSite","@id":"https:\/\/lafabriquedagathe.fr\/#website","url":"https:\/\/lafabriquedagathe.fr\/","name":"Sarouels et v\u00eatements \u00e9volutifs pour enfant en coton bio!","description":"Pour grandir, jouer et durer.","publisher":{"@id":"https:\/\/lafabriquedagathe.fr\/#organization"},"potentialAction":[{"@type":"SearchAction","target":{"@type":"EntryPoint","urlTemplate":"https:\/\/lafabriquedagathe.fr\/?s={search_term_string}"},"query-input":{"@type":"PropertyValueSpecification","valueRequired":true,"valueName":"search_term_string"}}],"inLanguage":"fr-FR"},{"@type":"Organization","@id":"https:\/\/lafabriquedagathe.fr\/#organization","name":"La fabrique d'Agathe","url":"https:\/\/lafabriquedagathe.fr\/","logo":{"@type":"ImageObject","inLanguage":"fr-FR","@id":"https:\/\/lafabriquedagathe.fr\/#\/schema\/logo\/image\/","url":"https:\/\/lafabriquedagathe.fr\/wp-content\/uploads\/2022\/06\/LOGO1ERE-2.jpg","contentUrl":"https:\/\/lafabriquedagathe.fr\/wp-content\/uploads\/2022\/06\/LOGO1ERE-2.jpg","width":350,"height":175,"caption":"La fabrique d'Agathe"},"image":{"@id":"https:\/\/lafabriquedagathe.fr\/#\/schema\/logo\/image\/"},"sameAs":["https:\/\/www.facebook.com\/lafabriquedagathe","https:\/\/www.instagram.com\/lafabriquedagathe\/"]}]}},"_links":{"self":[{"href":"https:\/\/lafabriquedagathe.fr\/index.php\/wp-json\/wp\/v2\/pages\/17","targetHints":{"allow":["GET"]}}],"collection":[{"href":"https:\/\/lafabriquedagathe.fr\/index.php\/wp-json\/wp\/v2\/pages"}],"about":[{"href":"https:\/\/lafabriquedagathe.fr\/index.php\/wp-json\/wp\/v2\/types\/page"}],"author":[{"embeddable":true,"href":"https:\/\/lafabriquedagathe.fr\/index.php\/wp-json\/wp\/v2\/users\/1"}],"replies":[{"embeddable":true,"href":"https:\/\/lafabriquedagathe.fr\/index.php\/wp-json\/wp\/v2\/comments?post=17"}],"version-history":[{"count":14,"href":"https:\/\/lafabriquedagathe.fr\/index.php\/wp-json\/wp\/v2\/pages\/17\/revisions"}],"predecessor-version":[{"id":3745,"href":"https:\/\/lafabriquedagathe.fr\/index.php\/wp-json\/wp\/v2\/pages\/17\/revisions\/3745"}],"wp:attachment":[{"href":"https:\/\/lafabriquedagathe.fr\/index.php\/wp-json\/wp\/v2\/media?parent=17"}],"curies":[{"name":"wp","href":"https:\/\/api.w.org\/{rel}","templated":true}]}}