{"id":4180,"date":"2024-04-12T18:25:21","date_gmt":"2024-04-12T16:25:21","guid":{"rendered":"https:\/\/lafabriquedagathe.fr\/?post_type=product&#038;p=4180"},"modified":"2024-04-15T19:51:43","modified_gmt":"2024-04-15T17:51:43","slug":"robe-a-capuche-leo","status":"publish","type":"product","link":"https:\/\/lafabriquedagathe.fr\/index.php\/produit\/robe-a-capuche-leo\/","title":{"rendered":"Robe \u00e0 capuche L\u00e9o"},"content":{"rendered":"<p>Robe \u00e0 capuche femme cousu en France dans un tissu sweat imprim\u00e9 en <strong>Europe<\/strong>.<br \/>\n97% coton biologique et 3% Lycra<br \/>\nLe tissu est certifi\u00e9 <strong>GOTS<\/strong>.<\/p>\n<p>Les poignets ainsi que le bas du pull sont r\u00e9alis\u00e9s en bord-c\u00f4te certifi\u00e9s GOTS, ils peuvent se retourner afin de s&rsquo;ajuster au mieux \u00e0 la taille de vos bras.<\/p>\n<p>Vous ne savez pas quelle taille choisir? Rendez vous ici pour le guide des tailles: <a href=\"https:\/\/lafabriquedagathe.fr\/index.php\/guide-des-tailles-femmes\/\">GUIDE DES TAILLES FEMMES<\/a><\/p>\n<p>Si vous ne trouvez pas votre taille n&rsquo;h\u00e9sitez pas \u00e0 me contacter par message.<\/p>\n","protected":false},"excerpt":{"rendered":"<p>Robe \u00e0 capuche, confortable.<br \/>\nCousu en <strong>France<\/strong>, dans un tissu imprim\u00e9 en <strong>Europe<\/strong> est certifi\u00e9 <strong>GOTS<\/strong>.<\/p>\n<p>97% coton biologique, 3% Lyra.<\/p>\n<p>&nbsp;<\/p>\n<p> <a class=\"continue-reading-link\" href=\"https:\/\/lafabriquedagathe.fr\/index.php\/produit\/robe-a-capuche-leo\/\"><span>Continue reading<\/span><i class=\"crycon-right-dir\"><\/i><\/a> <\/p>\n","protected":false},"featured_media":4187,"comment_status":"open","ping_status":"closed","template":"","meta":[],"product_brand":[],"product_cat":[67],"product_tag":[],"class_list":{"0":"post-4180","1":"product","2":"type-product","3":"status-publish","4":"has-post-thumbnail","6":"product_cat-robe-sweat-femme","8":"first","9":"instock","10":"taxable","11":"shipping-taxable","12":"purchasable","13":"product-type-variable"},"yoast_head":"<!-- This site is optimized with the Yoast SEO plugin v27.1.1 - https:\/\/yoast.com\/product\/yoast-seo-wordpress\/ -->\n<title>Robe \u00e0 capuche L\u00e9o - Sarouels et v\u00eatements \u00e9volutifs pour enfant en coton bio!<\/title>\n<meta name=\"description\" content=\"Pull \u00e0 col rond pour femme, cousu en France dans un tissu en coton biologique certifi\u00e9 GOTS en provenance d&#039;Allemagne. Disponible du XS au XXL\" \/>\n<meta name=\"robots\" content=\"index, follow, max-snippet:-1, max-image-preview:large, max-video-preview:-1\" \/>\n<link rel=\"canonical\" href=\"https:\/\/lafabriquedagathe.fr\/index.php\/produit\/robe-a-capuche-leo\/\" \/>\n<meta property=\"og:locale\" content=\"fr_FR\" \/>\n<meta property=\"og:type\" content=\"article\" \/>\n<meta property=\"og:title\" content=\"Robe \u00e0 capuche L\u00e9o - Sarouels et v\u00eatements \u00e9volutifs pour enfant en coton bio!\" \/>\n<meta property=\"og:description\" content=\"Pull \u00e0 col rond pour femme, cousu en France dans un tissu en coton biologique certifi\u00e9 GOTS en provenance d&#039;Allemagne. Disponible du XS au XXL\" \/>\n<meta property=\"og:url\" content=\"https:\/\/lafabriquedagathe.fr\/index.php\/produit\/robe-a-capuche-leo\/\" \/>\n<meta property=\"og:site_name\" content=\"Sarouels et v\u00eatements \u00e9volutifs pour enfant en coton bio!\" \/>\n<meta property=\"article:publisher\" content=\"https:\/\/www.facebook.com\/lafabriquedagathe\" \/>\n<meta property=\"article:modified_time\" content=\"2024-04-15T17:51:43+00:00\" \/>\n<meta property=\"og:image\" content=\"https:\/\/lafabriquedagathe.fr\/wp-content\/uploads\/2024\/04\/pullcapucheleocarre.jpg\" \/>\n\t<meta property=\"og:image:width\" content=\"400\" \/>\n\t<meta property=\"og:image:height\" content=\"400\" \/>\n\t<meta property=\"og:image:type\" content=\"image\/jpeg\" \/>\n<meta name=\"twitter:card\" content=\"summary_large_image\" \/>\n<meta name=\"twitter:label1\" content=\"Dur\u00e9e de lecture estim\u00e9e\" \/>\n\t<meta name=\"twitter:data1\" content=\"1 minute\" \/>\n<script type=\"application\/ld+json\" class=\"yoast-schema-graph\">{\"@context\":\"https:\/\/schema.org\",\"@graph\":[{\"@type\":\"WebPage\",\"@id\":\"https:\/\/lafabriquedagathe.fr\/index.php\/produit\/robe-a-capuche-leo\/\",\"url\":\"https:\/\/lafabriquedagathe.fr\/index.php\/produit\/robe-a-capuche-leo\/\",\"name\":\"Robe \u00e0 capuche L\u00e9o - Sarouels et v\u00eatements \u00e9volutifs pour enfant en coton bio!\",\"isPartOf\":{\"@id\":\"https:\/\/lafabriquedagathe.fr\/#website\"},\"primaryImageOfPage\":{\"@id\":\"https:\/\/lafabriquedagathe.fr\/index.php\/produit\/robe-a-capuche-leo\/#primaryimage\"},\"image\":{\"@id\":\"https:\/\/lafabriquedagathe.fr\/index.php\/produit\/robe-a-capuche-leo\/#primaryimage\"},\"thumbnailUrl\":\"https:\/\/lafabriquedagathe.fr\/wp-content\/uploads\/2024\/04\/pullcapucheleocarre.jpg\",\"datePublished\":\"2024-04-12T16:25:21+00:00\",\"dateModified\":\"2024-04-15T17:51:43+00:00\",\"description\":\"Pull \u00e0 col rond pour femme, cousu en France dans un tissu en coton biologique certifi\u00e9 GOTS en provenance d'Allemagne. Disponible du XS au XXL\",\"breadcrumb\":{\"@id\":\"https:\/\/lafabriquedagathe.fr\/index.php\/produit\/robe-a-capuche-leo\/#breadcrumb\"},\"inLanguage\":\"fr-FR\",\"potentialAction\":[{\"@type\":\"ReadAction\",\"target\":[\"https:\/\/lafabriquedagathe.fr\/index.php\/produit\/robe-a-capuche-leo\/\"]}]},{\"@type\":\"ImageObject\",\"inLanguage\":\"fr-FR\",\"@id\":\"https:\/\/lafabriquedagathe.fr\/index.php\/produit\/robe-a-capuche-leo\/#primaryimage\",\"url\":\"https:\/\/lafabriquedagathe.fr\/wp-content\/uploads\/2024\/04\/pullcapucheleocarre.jpg\",\"contentUrl\":\"https:\/\/lafabriquedagathe.fr\/wp-content\/uploads\/2024\/04\/pullcapucheleocarre.jpg\",\"width\":400,\"height\":400,\"caption\":\"Pull femme en coton bio. Cousu en France . motif l\u00e9opard\"},{\"@type\":\"BreadcrumbList\",\"@id\":\"https:\/\/lafabriquedagathe.fr\/index.php\/produit\/robe-a-capuche-leo\/#breadcrumb\",\"itemListElement\":[{\"@type\":\"ListItem\",\"position\":1,\"name\":\"Accueil\",\"item\":\"https:\/\/lafabriquedagathe.fr\/\"},{\"@type\":\"ListItem\",\"position\":2,\"name\":\"Boutique\",\"item\":\"https:\/\/lafabriquedagathe.fr\/index.php\/boutique\/\"},{\"@type\":\"ListItem\",\"position\":3,\"name\":\"Robe \u00e0 capuche L\u00e9o\"}]},{\"@type\":\"WebSite\",\"@id\":\"https:\/\/lafabriquedagathe.fr\/#website\",\"url\":\"https:\/\/lafabriquedagathe.fr\/\",\"name\":\"Sarouels et v\u00eatements \u00e9volutifs pour enfant en coton bio!\",\"description\":\"Pour grandir, jouer et durer.\",\"publisher\":{\"@id\":\"https:\/\/lafabriquedagathe.fr\/#organization\"},\"potentialAction\":[{\"@type\":\"SearchAction\",\"target\":{\"@type\":\"EntryPoint\",\"urlTemplate\":\"https:\/\/lafabriquedagathe.fr\/?s={search_term_string}\"},\"query-input\":{\"@type\":\"PropertyValueSpecification\",\"valueRequired\":true,\"valueName\":\"search_term_string\"}}],\"inLanguage\":\"fr-FR\"},{\"@type\":\"Organization\",\"@id\":\"https:\/\/lafabriquedagathe.fr\/#organization\",\"name\":\"La fabrique d'Agathe\",\"url\":\"https:\/\/lafabriquedagathe.fr\/\",\"logo\":{\"@type\":\"ImageObject\",\"inLanguage\":\"fr-FR\",\"@id\":\"https:\/\/lafabriquedagathe.fr\/#\/schema\/logo\/image\/\",\"url\":\"https:\/\/lafabriquedagathe.fr\/wp-content\/uploads\/2022\/06\/LOGO1ERE-2.jpg\",\"contentUrl\":\"https:\/\/lafabriquedagathe.fr\/wp-content\/uploads\/2022\/06\/LOGO1ERE-2.jpg\",\"width\":350,\"height\":175,\"caption\":\"La fabrique d'Agathe\"},\"image\":{\"@id\":\"https:\/\/lafabriquedagathe.fr\/#\/schema\/logo\/image\/\"},\"sameAs\":[\"https:\/\/www.facebook.com\/lafabriquedagathe\",\"https:\/\/www.instagram.com\/lafabriquedagathe\/\"]}]}<\/script>\n<!-- \/ Yoast SEO plugin. -->","yoast_head_json":{"title":"Robe \u00e0 capuche L\u00e9o - Sarouels et v\u00eatements \u00e9volutifs pour enfant en coton bio!","description":"Pull \u00e0 col rond pour femme, cousu en France dans un tissu en coton biologique certifi\u00e9 GOTS en provenance d'Allemagne. Disponible du XS au XXL","robots":{"index":"index","follow":"follow","max-snippet":"max-snippet:-1","max-image-preview":"max-image-preview:large","max-video-preview":"max-video-preview:-1"},"canonical":"https:\/\/lafabriquedagathe.fr\/index.php\/produit\/robe-a-capuche-leo\/","og_locale":"fr_FR","og_type":"article","og_title":"Robe \u00e0 capuche L\u00e9o - Sarouels et v\u00eatements \u00e9volutifs pour enfant en coton bio!","og_description":"Pull \u00e0 col rond pour femme, cousu en France dans un tissu en coton biologique certifi\u00e9 GOTS en provenance d'Allemagne. Disponible du XS au XXL","og_url":"https:\/\/lafabriquedagathe.fr\/index.php\/produit\/robe-a-capuche-leo\/","og_site_name":"Sarouels et v\u00eatements \u00e9volutifs pour enfant en coton bio!","article_publisher":"https:\/\/www.facebook.com\/lafabriquedagathe","article_modified_time":"2024-04-15T17:51:43+00:00","og_image":[{"width":400,"height":400,"url":"https:\/\/lafabriquedagathe.fr\/wp-content\/uploads\/2024\/04\/pullcapucheleocarre.jpg","type":"image\/jpeg"}],"twitter_card":"summary_large_image","twitter_misc":{"Dur\u00e9e de lecture estim\u00e9e":"1 minute"},"schema":{"@context":"https:\/\/schema.org","@graph":[{"@type":"WebPage","@id":"https:\/\/lafabriquedagathe.fr\/index.php\/produit\/robe-a-capuche-leo\/","url":"https:\/\/lafabriquedagathe.fr\/index.php\/produit\/robe-a-capuche-leo\/","name":"Robe \u00e0 capuche L\u00e9o - Sarouels et v\u00eatements \u00e9volutifs pour enfant en coton bio!","isPartOf":{"@id":"https:\/\/lafabriquedagathe.fr\/#website"},"primaryImageOfPage":{"@id":"https:\/\/lafabriquedagathe.fr\/index.php\/produit\/robe-a-capuche-leo\/#primaryimage"},"image":{"@id":"https:\/\/lafabriquedagathe.fr\/index.php\/produit\/robe-a-capuche-leo\/#primaryimage"},"thumbnailUrl":"https:\/\/lafabriquedagathe.fr\/wp-content\/uploads\/2024\/04\/pullcapucheleocarre.jpg","datePublished":"2024-04-12T16:25:21+00:00","dateModified":"2024-04-15T17:51:43+00:00","description":"Pull \u00e0 col rond pour femme, cousu en France dans un tissu en coton biologique certifi\u00e9 GOTS en provenance d'Allemagne. Disponible du XS au XXL","breadcrumb":{"@id":"https:\/\/lafabriquedagathe.fr\/index.php\/produit\/robe-a-capuche-leo\/#breadcrumb"},"inLanguage":"fr-FR","potentialAction":[{"@type":"ReadAction","target":["https:\/\/lafabriquedagathe.fr\/index.php\/produit\/robe-a-capuche-leo\/"]}]},{"@type":"ImageObject","inLanguage":"fr-FR","@id":"https:\/\/lafabriquedagathe.fr\/index.php\/produit\/robe-a-capuche-leo\/#primaryimage","url":"https:\/\/lafabriquedagathe.fr\/wp-content\/uploads\/2024\/04\/pullcapucheleocarre.jpg","contentUrl":"https:\/\/lafabriquedagathe.fr\/wp-content\/uploads\/2024\/04\/pullcapucheleocarre.jpg","width":400,"height":400,"caption":"Pull femme en coton bio. Cousu en France . motif l\u00e9opard"},{"@type":"BreadcrumbList","@id":"https:\/\/lafabriquedagathe.fr\/index.php\/produit\/robe-a-capuche-leo\/#breadcrumb","itemListElement":[{"@type":"ListItem","position":1,"name":"Accueil","item":"https:\/\/lafabriquedagathe.fr\/"},{"@type":"ListItem","position":2,"name":"Boutique","item":"https:\/\/lafabriquedagathe.fr\/index.php\/boutique\/"},{"@type":"ListItem","position":3,"name":"Robe \u00e0 capuche L\u00e9o"}]},{"@type":"WebSite","@id":"https:\/\/lafabriquedagathe.fr\/#website","url":"https:\/\/lafabriquedagathe.fr\/","name":"Sarouels et v\u00eatements \u00e9volutifs pour enfant en coton bio!","description":"Pour grandir, jouer et durer.","publisher":{"@id":"https:\/\/lafabriquedagathe.fr\/#organization"},"potentialAction":[{"@type":"SearchAction","target":{"@type":"EntryPoint","urlTemplate":"https:\/\/lafabriquedagathe.fr\/?s={search_term_string}"},"query-input":{"@type":"PropertyValueSpecification","valueRequired":true,"valueName":"search_term_string"}}],"inLanguage":"fr-FR"},{"@type":"Organization","@id":"https:\/\/lafabriquedagathe.fr\/#organization","name":"La fabrique d'Agathe","url":"https:\/\/lafabriquedagathe.fr\/","logo":{"@type":"ImageObject","inLanguage":"fr-FR","@id":"https:\/\/lafabriquedagathe.fr\/#\/schema\/logo\/image\/","url":"https:\/\/lafabriquedagathe.fr\/wp-content\/uploads\/2022\/06\/LOGO1ERE-2.jpg","contentUrl":"https:\/\/lafabriquedagathe.fr\/wp-content\/uploads\/2022\/06\/LOGO1ERE-2.jpg","width":350,"height":175,"caption":"La fabrique d'Agathe"},"image":{"@id":"https:\/\/lafabriquedagathe.fr\/#\/schema\/logo\/image\/"},"sameAs":["https:\/\/www.facebook.com\/lafabriquedagathe","https:\/\/www.instagram.com\/lafabriquedagathe\/"]}]}},"_links":{"self":[{"href":"https:\/\/lafabriquedagathe.fr\/index.php\/wp-json\/wp\/v2\/product\/4180","targetHints":{"allow":["GET"]}}],"collection":[{"href":"https:\/\/lafabriquedagathe.fr\/index.php\/wp-json\/wp\/v2\/product"}],"about":[{"href":"https:\/\/lafabriquedagathe.fr\/index.php\/wp-json\/wp\/v2\/types\/product"}],"replies":[{"embeddable":true,"href":"https:\/\/lafabriquedagathe.fr\/index.php\/wp-json\/wp\/v2\/comments?post=4180"}],"wp:featuredmedia":[{"embeddable":true,"href":"https:\/\/lafabriquedagathe.fr\/index.php\/wp-json\/wp\/v2\/media\/4187"}],"wp:attachment":[{"href":"https:\/\/lafabriquedagathe.fr\/index.php\/wp-json\/wp\/v2\/media?parent=4180"}],"wp:term":[{"taxonomy":"product_brand","embeddable":true,"href":"https:\/\/lafabriquedagathe.fr\/index.php\/wp-json\/wp\/v2\/product_brand?post=4180"},{"taxonomy":"product_cat","embeddable":true,"href":"https:\/\/lafabriquedagathe.fr\/index.php\/wp-json\/wp\/v2\/product_cat?post=4180"},{"taxonomy":"product_tag","embeddable":true,"href":"https:\/\/lafabriquedagathe.fr\/index.php\/wp-json\/wp\/v2\/product_tag?post=4180"}],"curies":[{"name":"wp","href":"https:\/\/api.w.org\/{rel}","templated":true}]}}