{"id":4654,"date":"2024-07-02T16:27:10","date_gmt":"2024-07-02T14:27:10","guid":{"rendered":"https:\/\/lafabriquedagathe.fr\/?post_type=product&#038;p=4654"},"modified":"2024-09-26T16:16:57","modified_gmt":"2024-09-26T14:16:57","slug":"lange-champi","status":"publish","type":"product","link":"https:\/\/lafabriquedagathe.fr\/index.php\/produit\/lange-champi\/","title":{"rendered":"Lange Petits champis"},"content":{"rendered":"<p>D\u00e9couvrez le <strong>lange b\u00e9b\u00e9 en coton <\/strong>, un accessoire essentiel pour les parents.<\/p>\n<p>Con\u00e7u et cousu en<strong> France<\/strong>, ce lange sera l&rsquo;alli\u00e9 parfait pour les moments de douceur et de soin de votre b\u00e9b\u00e9.<\/p>\n<p>Chaque lange est unique gr\u00e2ce \u00e0 des <strong>motifs exclusifs<\/strong>, achet\u00e9 \u00e0 des illustratrices de talent.<\/p>\n<p>&nbsp;<\/p>\n<h4>Quels sont les caract\u00e9ristiques principales de ce lange?<\/h4>\n<p>&#8211; Mati\u00e8re: 100% coton , doux et respectueux de la peau de votre b\u00e9b\u00e9.<\/p>\n<p>&#8211; Dimensions: le Mini 60cm x 60 cm et le Maxi 120cm x 120 cm.<\/p>\n<p>&#8211; Motifs et Couleurs: Motifs exclusif, imprim\u00e9 avce des encres certifi\u00e9es.<\/p>\n<p>&#8211; Fabrication: Con\u00e7u et cousu \u00e0 la main en France.<\/p>\n<p>&#8211; Entretien: Lavage en machine \u00e0 30\u00b0C. Repassage possible. Eviter le s\u00e9che-linge.<\/p>\n<p>&nbsp;<\/p>\n<h4>Quels sont les avantages de ce lange?<\/h4>\n<p>&#8211; Artisanal: Chaque lange est confectionn\u00e9 de mani\u00e8re artisansal, garantissant une bonne qualit\u00e9 et de joli finition.<\/p>\n<p>&#8211; Ecologique: Le lange est con\u00e7u en coton, respectueux de l&rsquo;environnement ainsi que de la peau d\u00e9licate de votre enfant.<\/p>\n<p>&#8211; Original: Ce lange pour b\u00e9b\u00e9 est unique car les motifs sont exclusif \u00e0 ma marque. Ils ont \u00e9t\u00e9 r\u00e9alis\u00e9s par des illustratrices. Vous ne pourrez donc par retrouver ces langes partout.<\/p>\n<p>-Une utilisation polyvalente: Ce lange est multifonction que ce soit en\u00a0 couverture d&rsquo;appoint, bavoir d&rsquo;\u00e9paule, protection pour le change de votre enfant, doudou, foulard,&#8230;.<\/p>\n<p>&nbsp;<\/p>\n<h4>Pourquoi choisir un lange La Fabrique d&rsquo;Agathe?<\/h4>\n<p>En choisissant mes langes en coton, vous soutenez l\u2019artisanat fran\u00e7ais ainsi qu&rsquo;une d\u00e9marche \u00e9thique. Chaque achat est un soutien \u00e0 mon entreprise locale , tout en offrant le meilleur \u00e0 votre b\u00e9b\u00e9.<\/p>\n","protected":false},"excerpt":{"rendered":"<p>Lange pour b\u00e9b\u00e9 100% coton .<\/p>\n<p>Fabriqu\u00e9 en France.<\/p>\n<p>Disponible en 2 tailles.<\/p>\n<p> <a class=\"continue-reading-link\" href=\"https:\/\/lafabriquedagathe.fr\/index.php\/produit\/lange-champi\/\"><span>Continue reading<\/span><i class=\"crycon-right-dir\"><\/i><\/a> <\/p>\n","protected":false},"featured_media":4657,"comment_status":"open","ping_status":"closed","template":"","meta":[],"product_brand":[],"product_cat":[93],"product_tag":[],"class_list":{"0":"post-4654","1":"product","2":"type-product","3":"status-publish","4":"has-post-thumbnail","6":"product_cat-lange","8":"first","9":"instock","10":"taxable","11":"shipping-taxable","12":"purchasable","13":"product-type-variable"},"yoast_head":"<!-- This site is optimized with the Yoast SEO plugin v27.1.1 - https:\/\/yoast.com\/product\/yoast-seo-wordpress\/ -->\n<title>Lange Petits champis - Sarouels et v\u00eatements \u00e9volutifs pour enfant en coton bio!<\/title>\n<meta name=\"description\" content=\"Ce lange pour b\u00e9b\u00e9 est l&#039;alli\u00e9 id\u00e9al des parents. R\u00e9alis\u00e9 dans un tissu 100 % coton bio, il a \u00e9t\u00e9 con\u00e7ut et cousu en France. 60cmx60cm ou 120cmx120cm\" \/>\n<meta name=\"robots\" content=\"index, follow, max-snippet:-1, max-image-preview:large, max-video-preview:-1\" \/>\n<link rel=\"canonical\" href=\"https:\/\/lafabriquedagathe.fr\/index.php\/produit\/lange-champi\/\" \/>\n<meta property=\"og:locale\" content=\"fr_FR\" \/>\n<meta property=\"og:type\" content=\"article\" \/>\n<meta property=\"og:title\" content=\"Lange Petits champis - Sarouels et v\u00eatements \u00e9volutifs pour enfant en coton bio!\" \/>\n<meta property=\"og:description\" content=\"Ce lange pour b\u00e9b\u00e9 est l&#039;alli\u00e9 id\u00e9al des parents. R\u00e9alis\u00e9 dans un tissu 100 % coton bio, il a \u00e9t\u00e9 con\u00e7ut et cousu en France. 60cmx60cm ou 120cmx120cm\" \/>\n<meta property=\"og:url\" content=\"https:\/\/lafabriquedagathe.fr\/index.php\/produit\/lange-champi\/\" \/>\n<meta property=\"og:site_name\" content=\"Sarouels et v\u00eatements \u00e9volutifs pour enfant en coton bio!\" \/>\n<meta property=\"article:publisher\" content=\"https:\/\/www.facebook.com\/lafabriquedagathe\" \/>\n<meta property=\"article:modified_time\" content=\"2024-09-26T14:16:57+00:00\" \/>\n<meta property=\"og:image\" content=\"https:\/\/lafabriquedagathe.fr\/wp-content\/uploads\/2024\/07\/LANGECHAMPI.jpg\" \/>\n\t<meta property=\"og:image:width\" content=\"400\" \/>\n\t<meta property=\"og:image:height\" content=\"400\" \/>\n\t<meta property=\"og:image:type\" content=\"image\/jpeg\" \/>\n<meta name=\"twitter:card\" content=\"summary_large_image\" \/>\n<meta name=\"twitter:label1\" content=\"Dur\u00e9e de lecture estim\u00e9e\" \/>\n\t<meta name=\"twitter:data1\" content=\"2 minutes\" \/>\n<script type=\"application\/ld+json\" class=\"yoast-schema-graph\">{\"@context\":\"https:\/\/schema.org\",\"@graph\":[{\"@type\":\"WebPage\",\"@id\":\"https:\/\/lafabriquedagathe.fr\/index.php\/produit\/lange-champi\/\",\"url\":\"https:\/\/lafabriquedagathe.fr\/index.php\/produit\/lange-champi\/\",\"name\":\"Lange Petits champis - Sarouels et v\u00eatements \u00e9volutifs pour enfant en coton bio!\",\"isPartOf\":{\"@id\":\"https:\/\/lafabriquedagathe.fr\/#website\"},\"primaryImageOfPage\":{\"@id\":\"https:\/\/lafabriquedagathe.fr\/index.php\/produit\/lange-champi\/#primaryimage\"},\"image\":{\"@id\":\"https:\/\/lafabriquedagathe.fr\/index.php\/produit\/lange-champi\/#primaryimage\"},\"thumbnailUrl\":\"https:\/\/lafabriquedagathe.fr\/wp-content\/uploads\/2024\/07\/LANGECHAMPI.jpg\",\"datePublished\":\"2024-07-02T14:27:10+00:00\",\"dateModified\":\"2024-09-26T14:16:57+00:00\",\"description\":\"Ce lange pour b\u00e9b\u00e9 est l'alli\u00e9 id\u00e9al des parents. R\u00e9alis\u00e9 dans un tissu 100 % coton bio, il a \u00e9t\u00e9 con\u00e7ut et cousu en France. 60cmx60cm ou 120cmx120cm\",\"breadcrumb\":{\"@id\":\"https:\/\/lafabriquedagathe.fr\/index.php\/produit\/lange-champi\/#breadcrumb\"},\"inLanguage\":\"fr-FR\",\"potentialAction\":[{\"@type\":\"ReadAction\",\"target\":[\"https:\/\/lafabriquedagathe.fr\/index.php\/produit\/lange-champi\/\"]}]},{\"@type\":\"ImageObject\",\"inLanguage\":\"fr-FR\",\"@id\":\"https:\/\/lafabriquedagathe.fr\/index.php\/produit\/lange-champi\/#primaryimage\",\"url\":\"https:\/\/lafabriquedagathe.fr\/wp-content\/uploads\/2024\/07\/LANGECHAMPI.jpg\",\"contentUrl\":\"https:\/\/lafabriquedagathe.fr\/wp-content\/uploads\/2024\/07\/LANGECHAMPI.jpg\",\"width\":400,\"height\":400,\"caption\":\"lange pour b\u00e9b\u00e9 en coton biologique. A destination des parents\"},{\"@type\":\"BreadcrumbList\",\"@id\":\"https:\/\/lafabriquedagathe.fr\/index.php\/produit\/lange-champi\/#breadcrumb\",\"itemListElement\":[{\"@type\":\"ListItem\",\"position\":1,\"name\":\"Accueil\",\"item\":\"https:\/\/lafabriquedagathe.fr\/\"},{\"@type\":\"ListItem\",\"position\":2,\"name\":\"Boutique\",\"item\":\"https:\/\/lafabriquedagathe.fr\/index.php\/boutique\/\"},{\"@type\":\"ListItem\",\"position\":3,\"name\":\"Lange Petits champis\"}]},{\"@type\":\"WebSite\",\"@id\":\"https:\/\/lafabriquedagathe.fr\/#website\",\"url\":\"https:\/\/lafabriquedagathe.fr\/\",\"name\":\"Sarouels et v\u00eatements \u00e9volutifs pour enfant en coton bio!\",\"description\":\"Pour grandir, jouer et durer.\",\"publisher\":{\"@id\":\"https:\/\/lafabriquedagathe.fr\/#organization\"},\"potentialAction\":[{\"@type\":\"SearchAction\",\"target\":{\"@type\":\"EntryPoint\",\"urlTemplate\":\"https:\/\/lafabriquedagathe.fr\/?s={search_term_string}\"},\"query-input\":{\"@type\":\"PropertyValueSpecification\",\"valueRequired\":true,\"valueName\":\"search_term_string\"}}],\"inLanguage\":\"fr-FR\"},{\"@type\":\"Organization\",\"@id\":\"https:\/\/lafabriquedagathe.fr\/#organization\",\"name\":\"La fabrique d'Agathe\",\"url\":\"https:\/\/lafabriquedagathe.fr\/\",\"logo\":{\"@type\":\"ImageObject\",\"inLanguage\":\"fr-FR\",\"@id\":\"https:\/\/lafabriquedagathe.fr\/#\/schema\/logo\/image\/\",\"url\":\"https:\/\/lafabriquedagathe.fr\/wp-content\/uploads\/2022\/06\/LOGO1ERE-2.jpg\",\"contentUrl\":\"https:\/\/lafabriquedagathe.fr\/wp-content\/uploads\/2022\/06\/LOGO1ERE-2.jpg\",\"width\":350,\"height\":175,\"caption\":\"La fabrique d'Agathe\"},\"image\":{\"@id\":\"https:\/\/lafabriquedagathe.fr\/#\/schema\/logo\/image\/\"},\"sameAs\":[\"https:\/\/www.facebook.com\/lafabriquedagathe\",\"https:\/\/www.instagram.com\/lafabriquedagathe\/\"]}]}<\/script>\n<!-- \/ Yoast SEO plugin. -->","yoast_head_json":{"title":"Lange Petits champis - Sarouels et v\u00eatements \u00e9volutifs pour enfant en coton bio!","description":"Ce lange pour b\u00e9b\u00e9 est l'alli\u00e9 id\u00e9al des parents. R\u00e9alis\u00e9 dans un tissu 100 % coton bio, il a \u00e9t\u00e9 con\u00e7ut et cousu en France. 60cmx60cm ou 120cmx120cm","robots":{"index":"index","follow":"follow","max-snippet":"max-snippet:-1","max-image-preview":"max-image-preview:large","max-video-preview":"max-video-preview:-1"},"canonical":"https:\/\/lafabriquedagathe.fr\/index.php\/produit\/lange-champi\/","og_locale":"fr_FR","og_type":"article","og_title":"Lange Petits champis - Sarouels et v\u00eatements \u00e9volutifs pour enfant en coton bio!","og_description":"Ce lange pour b\u00e9b\u00e9 est l'alli\u00e9 id\u00e9al des parents. R\u00e9alis\u00e9 dans un tissu 100 % coton bio, il a \u00e9t\u00e9 con\u00e7ut et cousu en France. 60cmx60cm ou 120cmx120cm","og_url":"https:\/\/lafabriquedagathe.fr\/index.php\/produit\/lange-champi\/","og_site_name":"Sarouels et v\u00eatements \u00e9volutifs pour enfant en coton bio!","article_publisher":"https:\/\/www.facebook.com\/lafabriquedagathe","article_modified_time":"2024-09-26T14:16:57+00:00","og_image":[{"width":400,"height":400,"url":"https:\/\/lafabriquedagathe.fr\/wp-content\/uploads\/2024\/07\/LANGECHAMPI.jpg","type":"image\/jpeg"}],"twitter_card":"summary_large_image","twitter_misc":{"Dur\u00e9e de lecture estim\u00e9e":"2 minutes"},"schema":{"@context":"https:\/\/schema.org","@graph":[{"@type":"WebPage","@id":"https:\/\/lafabriquedagathe.fr\/index.php\/produit\/lange-champi\/","url":"https:\/\/lafabriquedagathe.fr\/index.php\/produit\/lange-champi\/","name":"Lange Petits champis - Sarouels et v\u00eatements \u00e9volutifs pour enfant en coton bio!","isPartOf":{"@id":"https:\/\/lafabriquedagathe.fr\/#website"},"primaryImageOfPage":{"@id":"https:\/\/lafabriquedagathe.fr\/index.php\/produit\/lange-champi\/#primaryimage"},"image":{"@id":"https:\/\/lafabriquedagathe.fr\/index.php\/produit\/lange-champi\/#primaryimage"},"thumbnailUrl":"https:\/\/lafabriquedagathe.fr\/wp-content\/uploads\/2024\/07\/LANGECHAMPI.jpg","datePublished":"2024-07-02T14:27:10+00:00","dateModified":"2024-09-26T14:16:57+00:00","description":"Ce lange pour b\u00e9b\u00e9 est l'alli\u00e9 id\u00e9al des parents. R\u00e9alis\u00e9 dans un tissu 100 % coton bio, il a \u00e9t\u00e9 con\u00e7ut et cousu en France. 60cmx60cm ou 120cmx120cm","breadcrumb":{"@id":"https:\/\/lafabriquedagathe.fr\/index.php\/produit\/lange-champi\/#breadcrumb"},"inLanguage":"fr-FR","potentialAction":[{"@type":"ReadAction","target":["https:\/\/lafabriquedagathe.fr\/index.php\/produit\/lange-champi\/"]}]},{"@type":"ImageObject","inLanguage":"fr-FR","@id":"https:\/\/lafabriquedagathe.fr\/index.php\/produit\/lange-champi\/#primaryimage","url":"https:\/\/lafabriquedagathe.fr\/wp-content\/uploads\/2024\/07\/LANGECHAMPI.jpg","contentUrl":"https:\/\/lafabriquedagathe.fr\/wp-content\/uploads\/2024\/07\/LANGECHAMPI.jpg","width":400,"height":400,"caption":"lange pour b\u00e9b\u00e9 en coton biologique. A destination des parents"},{"@type":"BreadcrumbList","@id":"https:\/\/lafabriquedagathe.fr\/index.php\/produit\/lange-champi\/#breadcrumb","itemListElement":[{"@type":"ListItem","position":1,"name":"Accueil","item":"https:\/\/lafabriquedagathe.fr\/"},{"@type":"ListItem","position":2,"name":"Boutique","item":"https:\/\/lafabriquedagathe.fr\/index.php\/boutique\/"},{"@type":"ListItem","position":3,"name":"Lange Petits champis"}]},{"@type":"WebSite","@id":"https:\/\/lafabriquedagathe.fr\/#website","url":"https:\/\/lafabriquedagathe.fr\/","name":"Sarouels et v\u00eatements \u00e9volutifs pour enfant en coton bio!","description":"Pour grandir, jouer et durer.","publisher":{"@id":"https:\/\/lafabriquedagathe.fr\/#organization"},"potentialAction":[{"@type":"SearchAction","target":{"@type":"EntryPoint","urlTemplate":"https:\/\/lafabriquedagathe.fr\/?s={search_term_string}"},"query-input":{"@type":"PropertyValueSpecification","valueRequired":true,"valueName":"search_term_string"}}],"inLanguage":"fr-FR"},{"@type":"Organization","@id":"https:\/\/lafabriquedagathe.fr\/#organization","name":"La fabrique d'Agathe","url":"https:\/\/lafabriquedagathe.fr\/","logo":{"@type":"ImageObject","inLanguage":"fr-FR","@id":"https:\/\/lafabriquedagathe.fr\/#\/schema\/logo\/image\/","url":"https:\/\/lafabriquedagathe.fr\/wp-content\/uploads\/2022\/06\/LOGO1ERE-2.jpg","contentUrl":"https:\/\/lafabriquedagathe.fr\/wp-content\/uploads\/2022\/06\/LOGO1ERE-2.jpg","width":350,"height":175,"caption":"La fabrique d'Agathe"},"image":{"@id":"https:\/\/lafabriquedagathe.fr\/#\/schema\/logo\/image\/"},"sameAs":["https:\/\/www.facebook.com\/lafabriquedagathe","https:\/\/www.instagram.com\/lafabriquedagathe\/"]}]}},"_links":{"self":[{"href":"https:\/\/lafabriquedagathe.fr\/index.php\/wp-json\/wp\/v2\/product\/4654","targetHints":{"allow":["GET"]}}],"collection":[{"href":"https:\/\/lafabriquedagathe.fr\/index.php\/wp-json\/wp\/v2\/product"}],"about":[{"href":"https:\/\/lafabriquedagathe.fr\/index.php\/wp-json\/wp\/v2\/types\/product"}],"replies":[{"embeddable":true,"href":"https:\/\/lafabriquedagathe.fr\/index.php\/wp-json\/wp\/v2\/comments?post=4654"}],"wp:featuredmedia":[{"embeddable":true,"href":"https:\/\/lafabriquedagathe.fr\/index.php\/wp-json\/wp\/v2\/media\/4657"}],"wp:attachment":[{"href":"https:\/\/lafabriquedagathe.fr\/index.php\/wp-json\/wp\/v2\/media?parent=4654"}],"wp:term":[{"taxonomy":"product_brand","embeddable":true,"href":"https:\/\/lafabriquedagathe.fr\/index.php\/wp-json\/wp\/v2\/product_brand?post=4654"},{"taxonomy":"product_cat","embeddable":true,"href":"https:\/\/lafabriquedagathe.fr\/index.php\/wp-json\/wp\/v2\/product_cat?post=4654"},{"taxonomy":"product_tag","embeddable":true,"href":"https:\/\/lafabriquedagathe.fr\/index.php\/wp-json\/wp\/v2\/product_tag?post=4654"}],"curies":[{"name":"wp","href":"https:\/\/api.w.org\/{rel}","templated":true}]}}