{"id":6711,"date":"2025-06-01T18:19:07","date_gmt":"2025-06-01T16:19:07","guid":{"rendered":"https:\/\/lafabriquedagathe.fr\/?post_type=product&#038;p=6711"},"modified":"2025-12-09T08:36:25","modified_gmt":"2025-12-09T07:36:25","slug":"jupe-copains-des-bois","status":"publish","type":"product","link":"https:\/\/lafabriquedagathe.fr\/index.php\/produit\/jupe-copains-des-bois\/","title":{"rendered":"Jupe Copains des bois"},"content":{"rendered":"<h2>Jupe en jersey de coton biologique. Confort et tourbillon!<\/h2>\n<p>Cette jupe en jersey de coton biologique est con\u00e7ue pour offrir \u00e0 votre enfant confort et libert\u00e9 de mouvement.<\/p>\n<p>Gr\u00e2ce \u00e0 sa ceinture en bord-c\u00f4te douce et extensible, elle s&rsquo;ajuste parfaitement \u00e0 la taille, sans comprimer.<\/p>\n<p>Cette jupe tourne et tourbillone,\u00a0 ce qui ajoute une touche de magie aux moments de jeu et de danse.<\/p>\n<p>Cousu dans un tissu 97% coton biologique, 3% lycra imprim\u00e9 en Europe avec des encres certifi\u00e9es <strong>GOTS<\/strong>.<\/p>\n<p>La ceinture est cousu dans un tissu bord c\u00f4te certifi\u00e9 GOTS en provenance d&rsquo;Allemagne. Vous pouvez les retourner afin d\u2019ajuster au mieux la jupe \u00e0 la taille de votre enfant.<\/p>\n<p>Caract\u00e9ristique de la jupe:<\/p>\n<ul>\n<li>Mati\u00e8re : 97% jersey de coton biologique et 3% lycra<\/li>\n<li>Ceinture en bord-c\u00f4te en coton biologique \u00e9lastique pour un confort optimal. Tissu en Provenance d&rsquo;Allemagne<\/li>\n<li>Coupe ample et confortable qui tourne lorsqu\u2019on tourne<\/li>\n<li>Doux, l\u00e9ger et respirant, parfait pour les peaux sensibles<\/li>\n<li>Disponible dans plusieurs coloris et motifs exclusifs<\/li>\n<li>Lavable en machine \u00e0 30\u00b0C<\/li>\n<\/ul>\n<p>Confectionn\u00e9e \u00e0 la main dans mon atelier situ\u00e9 dans l&rsquo;Ain en France.<\/p>\n<p>Vous ne savez pas quelle taille choisir? Cliquer sur ce lien: <a href=\"https:\/\/lafabriquedagathe.fr\/index.php\/guide-des-tailles-enfants\/\">GUIDE DES TAILLES ENFANTS<\/a><\/p>\n","protected":false},"excerpt":{"rendered":"<p>Jupe confortable.<br \/>\nCousu en <strong>France<\/strong><br \/>\nTissu 97% coton <strong>biologique<\/strong>, 3% Lycra <strong>imprim\u00e9 en Europee<\/strong> avec des encres certifi\u00e9es <strong>GOTS<\/strong>.<\/p>\n<p> <a class=\"continue-reading-link\" href=\"https:\/\/lafabriquedagathe.fr\/index.php\/produit\/jupe-copains-des-bois\/\"><span>Continue reading<\/span><i class=\"crycon-right-dir\"><\/i><\/a> <\/p>\n","protected":false},"featured_media":6325,"comment_status":"open","ping_status":"closed","template":"","meta":[],"product_brand":[],"product_cat":[83],"product_tag":[],"class_list":{"0":"post-6711","1":"product","2":"type-product","3":"status-publish","4":"has-post-thumbnail","6":"product_cat-jupe","8":"first","9":"outofstock","10":"taxable","11":"shipping-taxable","12":"purchasable","13":"product-type-variable"},"yoast_head":"<!-- This site is optimized with the Yoast SEO plugin v27.1.1 - https:\/\/yoast.com\/product\/yoast-seo-wordpress\/ -->\n<title>Jupe Copains des bois - Sarouels et v\u00eatements \u00e9volutifs pour enfant en coton bio!<\/title>\n<meta name=\"description\" content=\"Jupe confortable pour enfants de 3 \u00e0 10 ans. Cousu dans l&#039;Ain ( 01) avec un tissu Jersey imprim\u00e9 en France. Tissu en coton biologique\" \/>\n<meta name=\"robots\" content=\"index, follow, max-snippet:-1, max-image-preview:large, max-video-preview:-1\" \/>\n<link rel=\"canonical\" href=\"https:\/\/lafabriquedagathe.fr\/index.php\/produit\/jupe-copains-des-bois\/\" \/>\n<meta property=\"og:locale\" content=\"fr_FR\" \/>\n<meta property=\"og:type\" content=\"article\" \/>\n<meta property=\"og:title\" content=\"Jupe Copains des bois - Sarouels et v\u00eatements \u00e9volutifs pour enfant en coton bio!\" \/>\n<meta property=\"og:description\" content=\"Jupe confortable pour enfants de 3 \u00e0 10 ans. Cousu dans l&#039;Ain ( 01) avec un tissu Jersey imprim\u00e9 en France. Tissu en coton biologique\" \/>\n<meta property=\"og:url\" content=\"https:\/\/lafabriquedagathe.fr\/index.php\/produit\/jupe-copains-des-bois\/\" \/>\n<meta property=\"og:site_name\" content=\"Sarouels et v\u00eatements \u00e9volutifs pour enfant en coton bio!\" \/>\n<meta property=\"article:publisher\" content=\"https:\/\/www.facebook.com\/lafabriquedagathe\" \/>\n<meta property=\"article:modified_time\" content=\"2025-12-09T07:36:25+00:00\" \/>\n<meta property=\"og:image\" content=\"https:\/\/lafabriquedagathe.fr\/wp-content\/uploads\/2025\/06\/COLOR6translationne-beige.jpg\" \/>\n\t<meta property=\"og:image:width\" content=\"2480\" \/>\n\t<meta property=\"og:image:height\" content=\"2480\" \/>\n\t<meta property=\"og:image:type\" content=\"image\/jpeg\" \/>\n<meta name=\"twitter:card\" content=\"summary_large_image\" \/>\n<meta name=\"twitter:label1\" content=\"Dur\u00e9e de lecture estim\u00e9e\" \/>\n\t<meta name=\"twitter:data1\" content=\"2 minutes\" \/>\n<script type=\"application\/ld+json\" class=\"yoast-schema-graph\">{\"@context\":\"https:\/\/schema.org\",\"@graph\":[{\"@type\":\"WebPage\",\"@id\":\"https:\/\/lafabriquedagathe.fr\/index.php\/produit\/jupe-copains-des-bois\/\",\"url\":\"https:\/\/lafabriquedagathe.fr\/index.php\/produit\/jupe-copains-des-bois\/\",\"name\":\"Jupe Copains des bois - Sarouels et v\u00eatements \u00e9volutifs pour enfant en coton bio!\",\"isPartOf\":{\"@id\":\"https:\/\/lafabriquedagathe.fr\/#website\"},\"primaryImageOfPage\":{\"@id\":\"https:\/\/lafabriquedagathe.fr\/index.php\/produit\/jupe-copains-des-bois\/#primaryimage\"},\"image\":{\"@id\":\"https:\/\/lafabriquedagathe.fr\/index.php\/produit\/jupe-copains-des-bois\/#primaryimage\"},\"thumbnailUrl\":\"https:\/\/lafabriquedagathe.fr\/wp-content\/uploads\/2025\/06\/COLOR6translationne-beige.jpg\",\"datePublished\":\"2025-06-01T16:19:07+00:00\",\"dateModified\":\"2025-12-09T07:36:25+00:00\",\"description\":\"Jupe confortable pour enfants de 3 \u00e0 10 ans. Cousu dans l'Ain ( 01) avec un tissu Jersey imprim\u00e9 en France. Tissu en coton biologique\",\"breadcrumb\":{\"@id\":\"https:\/\/lafabriquedagathe.fr\/index.php\/produit\/jupe-copains-des-bois\/#breadcrumb\"},\"inLanguage\":\"fr-FR\",\"potentialAction\":[{\"@type\":\"ReadAction\",\"target\":[\"https:\/\/lafabriquedagathe.fr\/index.php\/produit\/jupe-copains-des-bois\/\"]}]},{\"@type\":\"ImageObject\",\"inLanguage\":\"fr-FR\",\"@id\":\"https:\/\/lafabriquedagathe.fr\/index.php\/produit\/jupe-copains-des-bois\/#primaryimage\",\"url\":\"https:\/\/lafabriquedagathe.fr\/wp-content\/uploads\/2025\/06\/COLOR6translationne-beige.jpg\",\"contentUrl\":\"https:\/\/lafabriquedagathe.fr\/wp-content\/uploads\/2025\/06\/COLOR6translationne-beige.jpg\",\"width\":2480,\"height\":2480,\"caption\":\"motif pour v\u00eatement \u00e9volutif cousu en france avec des tissu en coton biologique\"},{\"@type\":\"BreadcrumbList\",\"@id\":\"https:\/\/lafabriquedagathe.fr\/index.php\/produit\/jupe-copains-des-bois\/#breadcrumb\",\"itemListElement\":[{\"@type\":\"ListItem\",\"position\":1,\"name\":\"Accueil\",\"item\":\"https:\/\/lafabriquedagathe.fr\/\"},{\"@type\":\"ListItem\",\"position\":2,\"name\":\"Boutique\",\"item\":\"https:\/\/lafabriquedagathe.fr\/index.php\/boutique\/\"},{\"@type\":\"ListItem\",\"position\":3,\"name\":\"Jupe Copains des bois\"}]},{\"@type\":\"WebSite\",\"@id\":\"https:\/\/lafabriquedagathe.fr\/#website\",\"url\":\"https:\/\/lafabriquedagathe.fr\/\",\"name\":\"Sarouels et v\u00eatements \u00e9volutifs pour enfant en coton bio!\",\"description\":\"Pour grandir, jouer et durer.\",\"publisher\":{\"@id\":\"https:\/\/lafabriquedagathe.fr\/#organization\"},\"potentialAction\":[{\"@type\":\"SearchAction\",\"target\":{\"@type\":\"EntryPoint\",\"urlTemplate\":\"https:\/\/lafabriquedagathe.fr\/?s={search_term_string}\"},\"query-input\":{\"@type\":\"PropertyValueSpecification\",\"valueRequired\":true,\"valueName\":\"search_term_string\"}}],\"inLanguage\":\"fr-FR\"},{\"@type\":\"Organization\",\"@id\":\"https:\/\/lafabriquedagathe.fr\/#organization\",\"name\":\"La fabrique d'Agathe\",\"url\":\"https:\/\/lafabriquedagathe.fr\/\",\"logo\":{\"@type\":\"ImageObject\",\"inLanguage\":\"fr-FR\",\"@id\":\"https:\/\/lafabriquedagathe.fr\/#\/schema\/logo\/image\/\",\"url\":\"https:\/\/lafabriquedagathe.fr\/wp-content\/uploads\/2022\/06\/LOGO1ERE-2.jpg\",\"contentUrl\":\"https:\/\/lafabriquedagathe.fr\/wp-content\/uploads\/2022\/06\/LOGO1ERE-2.jpg\",\"width\":350,\"height\":175,\"caption\":\"La fabrique d'Agathe\"},\"image\":{\"@id\":\"https:\/\/lafabriquedagathe.fr\/#\/schema\/logo\/image\/\"},\"sameAs\":[\"https:\/\/www.facebook.com\/lafabriquedagathe\",\"https:\/\/www.instagram.com\/lafabriquedagathe\/\"]}]}<\/script>\n<!-- \/ Yoast SEO plugin. -->","yoast_head_json":{"title":"Jupe Copains des bois - Sarouels et v\u00eatements \u00e9volutifs pour enfant en coton bio!","description":"Jupe confortable pour enfants de 3 \u00e0 10 ans. Cousu dans l'Ain ( 01) avec un tissu Jersey imprim\u00e9 en France. Tissu en coton biologique","robots":{"index":"index","follow":"follow","max-snippet":"max-snippet:-1","max-image-preview":"max-image-preview:large","max-video-preview":"max-video-preview:-1"},"canonical":"https:\/\/lafabriquedagathe.fr\/index.php\/produit\/jupe-copains-des-bois\/","og_locale":"fr_FR","og_type":"article","og_title":"Jupe Copains des bois - Sarouels et v\u00eatements \u00e9volutifs pour enfant en coton bio!","og_description":"Jupe confortable pour enfants de 3 \u00e0 10 ans. Cousu dans l'Ain ( 01) avec un tissu Jersey imprim\u00e9 en France. Tissu en coton biologique","og_url":"https:\/\/lafabriquedagathe.fr\/index.php\/produit\/jupe-copains-des-bois\/","og_site_name":"Sarouels et v\u00eatements \u00e9volutifs pour enfant en coton bio!","article_publisher":"https:\/\/www.facebook.com\/lafabriquedagathe","article_modified_time":"2025-12-09T07:36:25+00:00","og_image":[{"width":2480,"height":2480,"url":"https:\/\/lafabriquedagathe.fr\/wp-content\/uploads\/2025\/06\/COLOR6translationne-beige.jpg","type":"image\/jpeg"}],"twitter_card":"summary_large_image","twitter_misc":{"Dur\u00e9e de lecture estim\u00e9e":"2 minutes"},"schema":{"@context":"https:\/\/schema.org","@graph":[{"@type":"WebPage","@id":"https:\/\/lafabriquedagathe.fr\/index.php\/produit\/jupe-copains-des-bois\/","url":"https:\/\/lafabriquedagathe.fr\/index.php\/produit\/jupe-copains-des-bois\/","name":"Jupe Copains des bois - Sarouels et v\u00eatements \u00e9volutifs pour enfant en coton bio!","isPartOf":{"@id":"https:\/\/lafabriquedagathe.fr\/#website"},"primaryImageOfPage":{"@id":"https:\/\/lafabriquedagathe.fr\/index.php\/produit\/jupe-copains-des-bois\/#primaryimage"},"image":{"@id":"https:\/\/lafabriquedagathe.fr\/index.php\/produit\/jupe-copains-des-bois\/#primaryimage"},"thumbnailUrl":"https:\/\/lafabriquedagathe.fr\/wp-content\/uploads\/2025\/06\/COLOR6translationne-beige.jpg","datePublished":"2025-06-01T16:19:07+00:00","dateModified":"2025-12-09T07:36:25+00:00","description":"Jupe confortable pour enfants de 3 \u00e0 10 ans. Cousu dans l'Ain ( 01) avec un tissu Jersey imprim\u00e9 en France. Tissu en coton biologique","breadcrumb":{"@id":"https:\/\/lafabriquedagathe.fr\/index.php\/produit\/jupe-copains-des-bois\/#breadcrumb"},"inLanguage":"fr-FR","potentialAction":[{"@type":"ReadAction","target":["https:\/\/lafabriquedagathe.fr\/index.php\/produit\/jupe-copains-des-bois\/"]}]},{"@type":"ImageObject","inLanguage":"fr-FR","@id":"https:\/\/lafabriquedagathe.fr\/index.php\/produit\/jupe-copains-des-bois\/#primaryimage","url":"https:\/\/lafabriquedagathe.fr\/wp-content\/uploads\/2025\/06\/COLOR6translationne-beige.jpg","contentUrl":"https:\/\/lafabriquedagathe.fr\/wp-content\/uploads\/2025\/06\/COLOR6translationne-beige.jpg","width":2480,"height":2480,"caption":"motif pour v\u00eatement \u00e9volutif cousu en france avec des tissu en coton biologique"},{"@type":"BreadcrumbList","@id":"https:\/\/lafabriquedagathe.fr\/index.php\/produit\/jupe-copains-des-bois\/#breadcrumb","itemListElement":[{"@type":"ListItem","position":1,"name":"Accueil","item":"https:\/\/lafabriquedagathe.fr\/"},{"@type":"ListItem","position":2,"name":"Boutique","item":"https:\/\/lafabriquedagathe.fr\/index.php\/boutique\/"},{"@type":"ListItem","position":3,"name":"Jupe Copains des bois"}]},{"@type":"WebSite","@id":"https:\/\/lafabriquedagathe.fr\/#website","url":"https:\/\/lafabriquedagathe.fr\/","name":"Sarouels et v\u00eatements \u00e9volutifs pour enfant en coton bio!","description":"Pour grandir, jouer et durer.","publisher":{"@id":"https:\/\/lafabriquedagathe.fr\/#organization"},"potentialAction":[{"@type":"SearchAction","target":{"@type":"EntryPoint","urlTemplate":"https:\/\/lafabriquedagathe.fr\/?s={search_term_string}"},"query-input":{"@type":"PropertyValueSpecification","valueRequired":true,"valueName":"search_term_string"}}],"inLanguage":"fr-FR"},{"@type":"Organization","@id":"https:\/\/lafabriquedagathe.fr\/#organization","name":"La fabrique d'Agathe","url":"https:\/\/lafabriquedagathe.fr\/","logo":{"@type":"ImageObject","inLanguage":"fr-FR","@id":"https:\/\/lafabriquedagathe.fr\/#\/schema\/logo\/image\/","url":"https:\/\/lafabriquedagathe.fr\/wp-content\/uploads\/2022\/06\/LOGO1ERE-2.jpg","contentUrl":"https:\/\/lafabriquedagathe.fr\/wp-content\/uploads\/2022\/06\/LOGO1ERE-2.jpg","width":350,"height":175,"caption":"La fabrique d'Agathe"},"image":{"@id":"https:\/\/lafabriquedagathe.fr\/#\/schema\/logo\/image\/"},"sameAs":["https:\/\/www.facebook.com\/lafabriquedagathe","https:\/\/www.instagram.com\/lafabriquedagathe\/"]}]}},"_links":{"self":[{"href":"https:\/\/lafabriquedagathe.fr\/index.php\/wp-json\/wp\/v2\/product\/6711","targetHints":{"allow":["GET"]}}],"collection":[{"href":"https:\/\/lafabriquedagathe.fr\/index.php\/wp-json\/wp\/v2\/product"}],"about":[{"href":"https:\/\/lafabriquedagathe.fr\/index.php\/wp-json\/wp\/v2\/types\/product"}],"replies":[{"embeddable":true,"href":"https:\/\/lafabriquedagathe.fr\/index.php\/wp-json\/wp\/v2\/comments?post=6711"}],"wp:featuredmedia":[{"embeddable":true,"href":"https:\/\/lafabriquedagathe.fr\/index.php\/wp-json\/wp\/v2\/media\/6325"}],"wp:attachment":[{"href":"https:\/\/lafabriquedagathe.fr\/index.php\/wp-json\/wp\/v2\/media?parent=6711"}],"wp:term":[{"taxonomy":"product_brand","embeddable":true,"href":"https:\/\/lafabriquedagathe.fr\/index.php\/wp-json\/wp\/v2\/product_brand?post=6711"},{"taxonomy":"product_cat","embeddable":true,"href":"https:\/\/lafabriquedagathe.fr\/index.php\/wp-json\/wp\/v2\/product_cat?post=6711"},{"taxonomy":"product_tag","embeddable":true,"href":"https:\/\/lafabriquedagathe.fr\/index.php\/wp-json\/wp\/v2\/product_tag?post=6711"}],"curies":[{"name":"wp","href":"https:\/\/api.w.org\/{rel}","templated":true}]}}