{"id":7075,"date":"2025-09-10T21:49:24","date_gmt":"2025-09-10T19:49:24","guid":{"rendered":"https:\/\/lafabriquedagathe.fr\/?post_type=product&#038;p=7075"},"modified":"2026-03-24T11:01:03","modified_gmt":"2026-03-24T10:01:03","slug":"sarouel-evolutif-velours-rouille-la-valse-des-champignons","status":"publish","type":"product","link":"https:\/\/lafabriquedagathe.fr\/index.php\/produit\/sarouel-evolutif-velours-rouille-la-valse-des-champignons\/","title":{"rendered":"Sarouel \u00e9volutif velours Rouille\/La valse des champignons"},"content":{"rendered":"<h2>Le sarouel \u00e9volutif en coton biologique<\/h2>\n<p>Offrez \u00e0 votre enfant confort et libert\u00e9 de mouvement avec ce <strong>sarouel \u00e9volutif<\/strong>, sp\u00e9cialement con\u00e7u pour grandir avec votre enfant.<\/p>\n<p>Ce mod\u00e8le de<strong> sarouel \u00e9volutif<\/strong> est id\u00e9al pour les petits aventuriers, il est fabriqu\u00e9 dans mon atelier <strong>en France<\/strong>, au c\u0153ur du d\u00e9partement de l\u2019Ain.<\/p>\n<p>Caract\u00e9ristiques du <strong>sarouel \u00e9volutif<\/strong>\u00a0:<\/p>\n<ul>\n<li>Mati\u00e8re : 100% coton biologique, ce tissu est doux et respectueux de la peau de votre enfant. La poche est r\u00e9alis\u00e9e avec un tissu de jersey en coton biologique avec un motif exclusif.<\/li>\n<\/ul>\n<p>&nbsp;<\/p>\n<ul>\n<li>Velours c\u00f4tel\u00e9 en coton bio! Avec un large choix de couleurs!<\/li>\n<\/ul>\n<p>&nbsp;<\/p>\n<ul>\n<li>Un v\u00eatement artisanal\u00a0: Chaque sarouel est cousu avec soin dans mon atelier en France.<\/li>\n<\/ul>\n<p>&nbsp;<\/p>\n<ul>\n<li>Evolutif\u00a0: Gr\u00e2ce \u00e0 sa coupe astucieuse et ses bords qui se retournent, ce sarouel grandit avec votre enfant. Ce qui en fait un v\u00eatement durable.<\/li>\n<\/ul>\n<p>&nbsp;<\/p>\n<ul>\n<li>Facilit\u00e9 d\u2019entretien\u00a0: Lavable en machine \u00e0 30\u00b0C de pr\u00e9f\u00e9rence sur l\u2019envers pour pr\u00e9server la couleur. Eviter le s\u00e8che-linge.<\/li>\n<\/ul>\n<p>&nbsp;<\/p>\n<p>Pourquoi choisi un sarouel La Fabrique d\u2019Agathe\u00a0?<\/p>\n<ul>\n<li>Une mode \u00e9coresponsable\u00a0: Confectionn\u00e9 avec du coton biologique, le tissu de ce sarouel et \u00e0 la fois doux pour votre enfant et respectueux de la plan\u00e8te.<\/li>\n<\/ul>\n<p>&nbsp;<\/p>\n<ul>\n<li>Une mode unique\u00a0: Chaque pi\u00e8ces est r\u00e9alis\u00e9 en petites s\u00e9ries, ce qui en fait des sarouels uniques et authentiques.<\/li>\n<\/ul>\n<p>Toute mes cr\u00e9ations sont fabriqu\u00e9es en France avec amour et passion, ce sarouel est le choix id\u00e9al pour les parents \u00e0 la recherche de v\u00eatements pratiques, durables et confortables pour leurs enfants.<\/p>\n<p>Ce mod\u00e8le est compatible avec les <strong>couches lavables<\/strong> et le <strong>portage<\/strong>.<\/p>\n<p>Vous ne savez pas quelle taille choisir? Cliquer sur ce lien: <a href=\"https:\/\/lafabriquedagathe.fr\/index.php\/guide-des-tailles-enfants\/\">GUIDE DES TAILLES ENFANTS<\/a><\/p>\n","protected":false},"excerpt":{"rendered":"<p>Sarouel \u00e9volutif avec poche kangourou sur le devant.<\/p>\n<p>Cousu en <strong>France<\/strong><\/p>\n<p>Tissu en velours c\u00f4tel\u00e9 100% coton bio<\/p>\n<p> <a class=\"continue-reading-link\" href=\"https:\/\/lafabriquedagathe.fr\/index.php\/produit\/sarouel-evolutif-velours-rouille-la-valse-des-champignons\/\"><span>Continue reading<\/span><i class=\"crycon-right-dir\"><\/i><\/a> <\/p>\n","protected":false},"featured_media":6012,"comment_status":"open","ping_status":"closed","template":"","meta":[],"product_brand":[],"product_cat":[41,103],"product_tag":[],"class_list":{"0":"post-7075","1":"product","2":"type-product","3":"status-publish","4":"has-post-thumbnail","6":"product_cat-sarouel","7":"product_cat-sarouel-a-poche","9":"first","10":"instock","11":"taxable","12":"shipping-taxable","13":"purchasable","14":"product-type-variable"},"yoast_head":"<!-- This site is optimized with the Yoast SEO plugin v27.1.1 - https:\/\/yoast.com\/product\/yoast-seo-wordpress\/ -->\n<title>Sarouel \u00e9volutif velours Rouille\/La valse des champignons - Sarouels et v\u00eatements \u00e9volutifs pour enfant en coton bio!<\/title>\n<meta name=\"description\" content=\"Sarouel \u00e9volutif pour enfants (0\/6ans).Pantalon ample et confortable cousu en France. Compatible avec les couches lavables et le portage.\" \/>\n<meta name=\"robots\" content=\"index, follow, max-snippet:-1, max-image-preview:large, max-video-preview:-1\" \/>\n<link rel=\"canonical\" href=\"https:\/\/lafabriquedagathe.fr\/index.php\/produit\/sarouel-evolutif-velours-rouille-la-valse-des-champignons\/\" \/>\n<meta property=\"og:locale\" content=\"fr_FR\" \/>\n<meta property=\"og:type\" content=\"article\" \/>\n<meta property=\"og:title\" content=\"Sarouel \u00e9volutif velours Rouille\/La valse des champignons - Sarouels et v\u00eatements \u00e9volutifs pour enfant en coton bio!\" \/>\n<meta property=\"og:description\" content=\"Sarouel \u00e9volutif pour enfants (0\/6ans).Pantalon ample et confortable cousu en France. Compatible avec les couches lavables et le portage.\" \/>\n<meta property=\"og:url\" content=\"https:\/\/lafabriquedagathe.fr\/index.php\/produit\/sarouel-evolutif-velours-rouille-la-valse-des-champignons\/\" \/>\n<meta property=\"og:site_name\" content=\"Sarouels et v\u00eatements \u00e9volutifs pour enfant en coton bio!\" \/>\n<meta property=\"article:publisher\" content=\"https:\/\/www.facebook.com\/lafabriquedagathe\" \/>\n<meta property=\"article:modified_time\" content=\"2026-03-24T10:01:03+00:00\" \/>\n<meta property=\"og:image\" content=\"https:\/\/lafabriquedagathe.fr\/wp-content\/uploads\/2025\/03\/PXL_20250310_1332553823.jpg\" \/>\n\t<meta property=\"og:image:width\" content=\"1814\" \/>\n\t<meta property=\"og:image:height\" content=\"1814\" \/>\n\t<meta property=\"og:image:type\" content=\"image\/jpeg\" \/>\n<meta name=\"twitter:card\" content=\"summary_large_image\" \/>\n<meta name=\"twitter:label1\" content=\"Dur\u00e9e de lecture estim\u00e9e\" \/>\n\t<meta name=\"twitter:data1\" content=\"2 minutes\" \/>\n<script type=\"application\/ld+json\" class=\"yoast-schema-graph\">{\"@context\":\"https:\/\/schema.org\",\"@graph\":[{\"@type\":\"WebPage\",\"@id\":\"https:\/\/lafabriquedagathe.fr\/index.php\/produit\/sarouel-evolutif-velours-rouille-la-valse-des-champignons\/\",\"url\":\"https:\/\/lafabriquedagathe.fr\/index.php\/produit\/sarouel-evolutif-velours-rouille-la-valse-des-champignons\/\",\"name\":\"Sarouel \u00e9volutif velours Rouille\/La valse des champignons - Sarouels et v\u00eatements \u00e9volutifs pour enfant en coton bio!\",\"isPartOf\":{\"@id\":\"https:\/\/lafabriquedagathe.fr\/#website\"},\"primaryImageOfPage\":{\"@id\":\"https:\/\/lafabriquedagathe.fr\/index.php\/produit\/sarouel-evolutif-velours-rouille-la-valse-des-champignons\/#primaryimage\"},\"image\":{\"@id\":\"https:\/\/lafabriquedagathe.fr\/index.php\/produit\/sarouel-evolutif-velours-rouille-la-valse-des-champignons\/#primaryimage\"},\"thumbnailUrl\":\"https:\/\/lafabriquedagathe.fr\/wp-content\/uploads\/2025\/03\/PXL_20250310_1332553823.jpg\",\"datePublished\":\"2025-09-10T19:49:24+00:00\",\"dateModified\":\"2026-03-24T10:01:03+00:00\",\"description\":\"Sarouel \u00e9volutif pour enfants (0\/6ans).Pantalon ample et confortable cousu en France. Compatible avec les couches lavables et le portage.\",\"breadcrumb\":{\"@id\":\"https:\/\/lafabriquedagathe.fr\/index.php\/produit\/sarouel-evolutif-velours-rouille-la-valse-des-champignons\/#breadcrumb\"},\"inLanguage\":\"fr-FR\",\"potentialAction\":[{\"@type\":\"ReadAction\",\"target\":[\"https:\/\/lafabriquedagathe.fr\/index.php\/produit\/sarouel-evolutif-velours-rouille-la-valse-des-champignons\/\"]}]},{\"@type\":\"ImageObject\",\"inLanguage\":\"fr-FR\",\"@id\":\"https:\/\/lafabriquedagathe.fr\/index.php\/produit\/sarouel-evolutif-velours-rouille-la-valse-des-champignons\/#primaryimage\",\"url\":\"https:\/\/lafabriquedagathe.fr\/wp-content\/uploads\/2025\/03\/PXL_20250310_1332553823.jpg\",\"contentUrl\":\"https:\/\/lafabriquedagathe.fr\/wp-content\/uploads\/2025\/03\/PXL_20250310_1332553823.jpg\",\"width\":1814,\"height\":1814,\"caption\":\"sarouel \u00e9volutifs en coton biologique\"},{\"@type\":\"BreadcrumbList\",\"@id\":\"https:\/\/lafabriquedagathe.fr\/index.php\/produit\/sarouel-evolutif-velours-rouille-la-valse-des-champignons\/#breadcrumb\",\"itemListElement\":[{\"@type\":\"ListItem\",\"position\":1,\"name\":\"Accueil\",\"item\":\"https:\/\/lafabriquedagathe.fr\/\"},{\"@type\":\"ListItem\",\"position\":2,\"name\":\"Boutique\",\"item\":\"https:\/\/lafabriquedagathe.fr\/index.php\/boutique\/\"},{\"@type\":\"ListItem\",\"position\":3,\"name\":\"Sarouel \u00e9volutif velours Rouille\/La valse des champignons\"}]},{\"@type\":\"WebSite\",\"@id\":\"https:\/\/lafabriquedagathe.fr\/#website\",\"url\":\"https:\/\/lafabriquedagathe.fr\/\",\"name\":\"Sarouels et v\u00eatements \u00e9volutifs pour enfant en coton bio!\",\"description\":\"Pour grandir, jouer et durer.\",\"publisher\":{\"@id\":\"https:\/\/lafabriquedagathe.fr\/#organization\"},\"potentialAction\":[{\"@type\":\"SearchAction\",\"target\":{\"@type\":\"EntryPoint\",\"urlTemplate\":\"https:\/\/lafabriquedagathe.fr\/?s={search_term_string}\"},\"query-input\":{\"@type\":\"PropertyValueSpecification\",\"valueRequired\":true,\"valueName\":\"search_term_string\"}}],\"inLanguage\":\"fr-FR\"},{\"@type\":\"Organization\",\"@id\":\"https:\/\/lafabriquedagathe.fr\/#organization\",\"name\":\"La fabrique d'Agathe\",\"url\":\"https:\/\/lafabriquedagathe.fr\/\",\"logo\":{\"@type\":\"ImageObject\",\"inLanguage\":\"fr-FR\",\"@id\":\"https:\/\/lafabriquedagathe.fr\/#\/schema\/logo\/image\/\",\"url\":\"https:\/\/lafabriquedagathe.fr\/wp-content\/uploads\/2022\/06\/LOGO1ERE-2.jpg\",\"contentUrl\":\"https:\/\/lafabriquedagathe.fr\/wp-content\/uploads\/2022\/06\/LOGO1ERE-2.jpg\",\"width\":350,\"height\":175,\"caption\":\"La fabrique d'Agathe\"},\"image\":{\"@id\":\"https:\/\/lafabriquedagathe.fr\/#\/schema\/logo\/image\/\"},\"sameAs\":[\"https:\/\/www.facebook.com\/lafabriquedagathe\",\"https:\/\/www.instagram.com\/lafabriquedagathe\/\"]}]}<\/script>\n<!-- \/ Yoast SEO plugin. -->","yoast_head_json":{"title":"Sarouel \u00e9volutif velours Rouille\/La valse des champignons - Sarouels et v\u00eatements \u00e9volutifs pour enfant en coton bio!","description":"Sarouel \u00e9volutif pour enfants (0\/6ans).Pantalon ample et confortable cousu en France. Compatible avec les couches lavables et le portage.","robots":{"index":"index","follow":"follow","max-snippet":"max-snippet:-1","max-image-preview":"max-image-preview:large","max-video-preview":"max-video-preview:-1"},"canonical":"https:\/\/lafabriquedagathe.fr\/index.php\/produit\/sarouel-evolutif-velours-rouille-la-valse-des-champignons\/","og_locale":"fr_FR","og_type":"article","og_title":"Sarouel \u00e9volutif velours Rouille\/La valse des champignons - Sarouels et v\u00eatements \u00e9volutifs pour enfant en coton bio!","og_description":"Sarouel \u00e9volutif pour enfants (0\/6ans).Pantalon ample et confortable cousu en France. Compatible avec les couches lavables et le portage.","og_url":"https:\/\/lafabriquedagathe.fr\/index.php\/produit\/sarouel-evolutif-velours-rouille-la-valse-des-champignons\/","og_site_name":"Sarouels et v\u00eatements \u00e9volutifs pour enfant en coton bio!","article_publisher":"https:\/\/www.facebook.com\/lafabriquedagathe","article_modified_time":"2026-03-24T10:01:03+00:00","og_image":[{"width":1814,"height":1814,"url":"https:\/\/lafabriquedagathe.fr\/wp-content\/uploads\/2025\/03\/PXL_20250310_1332553823.jpg","type":"image\/jpeg"}],"twitter_card":"summary_large_image","twitter_misc":{"Dur\u00e9e de lecture estim\u00e9e":"2 minutes"},"schema":{"@context":"https:\/\/schema.org","@graph":[{"@type":"WebPage","@id":"https:\/\/lafabriquedagathe.fr\/index.php\/produit\/sarouel-evolutif-velours-rouille-la-valse-des-champignons\/","url":"https:\/\/lafabriquedagathe.fr\/index.php\/produit\/sarouel-evolutif-velours-rouille-la-valse-des-champignons\/","name":"Sarouel \u00e9volutif velours Rouille\/La valse des champignons - Sarouels et v\u00eatements \u00e9volutifs pour enfant en coton bio!","isPartOf":{"@id":"https:\/\/lafabriquedagathe.fr\/#website"},"primaryImageOfPage":{"@id":"https:\/\/lafabriquedagathe.fr\/index.php\/produit\/sarouel-evolutif-velours-rouille-la-valse-des-champignons\/#primaryimage"},"image":{"@id":"https:\/\/lafabriquedagathe.fr\/index.php\/produit\/sarouel-evolutif-velours-rouille-la-valse-des-champignons\/#primaryimage"},"thumbnailUrl":"https:\/\/lafabriquedagathe.fr\/wp-content\/uploads\/2025\/03\/PXL_20250310_1332553823.jpg","datePublished":"2025-09-10T19:49:24+00:00","dateModified":"2026-03-24T10:01:03+00:00","description":"Sarouel \u00e9volutif pour enfants (0\/6ans).Pantalon ample et confortable cousu en France. Compatible avec les couches lavables et le portage.","breadcrumb":{"@id":"https:\/\/lafabriquedagathe.fr\/index.php\/produit\/sarouel-evolutif-velours-rouille-la-valse-des-champignons\/#breadcrumb"},"inLanguage":"fr-FR","potentialAction":[{"@type":"ReadAction","target":["https:\/\/lafabriquedagathe.fr\/index.php\/produit\/sarouel-evolutif-velours-rouille-la-valse-des-champignons\/"]}]},{"@type":"ImageObject","inLanguage":"fr-FR","@id":"https:\/\/lafabriquedagathe.fr\/index.php\/produit\/sarouel-evolutif-velours-rouille-la-valse-des-champignons\/#primaryimage","url":"https:\/\/lafabriquedagathe.fr\/wp-content\/uploads\/2025\/03\/PXL_20250310_1332553823.jpg","contentUrl":"https:\/\/lafabriquedagathe.fr\/wp-content\/uploads\/2025\/03\/PXL_20250310_1332553823.jpg","width":1814,"height":1814,"caption":"sarouel \u00e9volutifs en coton biologique"},{"@type":"BreadcrumbList","@id":"https:\/\/lafabriquedagathe.fr\/index.php\/produit\/sarouel-evolutif-velours-rouille-la-valse-des-champignons\/#breadcrumb","itemListElement":[{"@type":"ListItem","position":1,"name":"Accueil","item":"https:\/\/lafabriquedagathe.fr\/"},{"@type":"ListItem","position":2,"name":"Boutique","item":"https:\/\/lafabriquedagathe.fr\/index.php\/boutique\/"},{"@type":"ListItem","position":3,"name":"Sarouel \u00e9volutif velours Rouille\/La valse des champignons"}]},{"@type":"WebSite","@id":"https:\/\/lafabriquedagathe.fr\/#website","url":"https:\/\/lafabriquedagathe.fr\/","name":"Sarouels et v\u00eatements \u00e9volutifs pour enfant en coton bio!","description":"Pour grandir, jouer et durer.","publisher":{"@id":"https:\/\/lafabriquedagathe.fr\/#organization"},"potentialAction":[{"@type":"SearchAction","target":{"@type":"EntryPoint","urlTemplate":"https:\/\/lafabriquedagathe.fr\/?s={search_term_string}"},"query-input":{"@type":"PropertyValueSpecification","valueRequired":true,"valueName":"search_term_string"}}],"inLanguage":"fr-FR"},{"@type":"Organization","@id":"https:\/\/lafabriquedagathe.fr\/#organization","name":"La fabrique d'Agathe","url":"https:\/\/lafabriquedagathe.fr\/","logo":{"@type":"ImageObject","inLanguage":"fr-FR","@id":"https:\/\/lafabriquedagathe.fr\/#\/schema\/logo\/image\/","url":"https:\/\/lafabriquedagathe.fr\/wp-content\/uploads\/2022\/06\/LOGO1ERE-2.jpg","contentUrl":"https:\/\/lafabriquedagathe.fr\/wp-content\/uploads\/2022\/06\/LOGO1ERE-2.jpg","width":350,"height":175,"caption":"La fabrique d'Agathe"},"image":{"@id":"https:\/\/lafabriquedagathe.fr\/#\/schema\/logo\/image\/"},"sameAs":["https:\/\/www.facebook.com\/lafabriquedagathe","https:\/\/www.instagram.com\/lafabriquedagathe\/"]}]}},"_links":{"self":[{"href":"https:\/\/lafabriquedagathe.fr\/index.php\/wp-json\/wp\/v2\/product\/7075","targetHints":{"allow":["GET"]}}],"collection":[{"href":"https:\/\/lafabriquedagathe.fr\/index.php\/wp-json\/wp\/v2\/product"}],"about":[{"href":"https:\/\/lafabriquedagathe.fr\/index.php\/wp-json\/wp\/v2\/types\/product"}],"replies":[{"embeddable":true,"href":"https:\/\/lafabriquedagathe.fr\/index.php\/wp-json\/wp\/v2\/comments?post=7075"}],"wp:featuredmedia":[{"embeddable":true,"href":"https:\/\/lafabriquedagathe.fr\/index.php\/wp-json\/wp\/v2\/media\/6012"}],"wp:attachment":[{"href":"https:\/\/lafabriquedagathe.fr\/index.php\/wp-json\/wp\/v2\/media?parent=7075"}],"wp:term":[{"taxonomy":"product_brand","embeddable":true,"href":"https:\/\/lafabriquedagathe.fr\/index.php\/wp-json\/wp\/v2\/product_brand?post=7075"},{"taxonomy":"product_cat","embeddable":true,"href":"https:\/\/lafabriquedagathe.fr\/index.php\/wp-json\/wp\/v2\/product_cat?post=7075"},{"taxonomy":"product_tag","embeddable":true,"href":"https:\/\/lafabriquedagathe.fr\/index.php\/wp-json\/wp\/v2\/product_tag?post=7075"}],"curies":[{"name":"wp","href":"https:\/\/api.w.org\/{rel}","templated":true}]}}