{"id":7288,"date":"2025-10-03T17:46:17","date_gmt":"2025-10-03T15:46:17","guid":{"rendered":"https:\/\/lafabriquedagathe.fr\/?post_type=product&#038;p=7288"},"modified":"2025-10-03T17:59:39","modified_gmt":"2025-10-03T15:59:39","slug":"pull-femme-bi-colore-beige-vanille","status":"publish","type":"product","link":"https:\/\/lafabriquedagathe.fr\/index.php\/produit\/pull-femme-bi-colore-beige-vanille\/","title":{"rendered":"Pull femme Bi-colore Beige\/Vanille"},"content":{"rendered":"<h1>Pull femme Oversize en Velours C\u00f4tel\u00e9.<\/h1>\n<p>Enveloppez vous d&rsquo;un cocon de douceur avec ce pull en velours c\u00f4tel\u00e9 100% coton biologique.<\/p>\n<p>Un sweat \u00e0 la fois confortable, joli et \u00e9thique.<\/p>\n<p>Son tissu doux et respirant, provenant d&rsquo;Allemagne, en fait une pi\u00e8ce agr\u00e9able \u00e0 porter en toute saison.<\/p>\n<h2>Mati\u00e8re et confort<\/h2>\n<ul>\n<li>Cousu en velours c\u00f4tel\u00e9 100% coton bio<\/li>\n<li>Tissu soupe et doux pour encore plus de confort<\/li>\n<li>Coupe oversize pour un style d\u00e9contract\u00e9 et ultra confortable<\/li>\n<\/ul>\n<h2>Un sweat unique et personnalisable<\/h2>\n<ul>\n<li>Un buste avec un tissu en base beige<\/li>\n<li>Des manches color\u00e9es! Choisissez vos couleurs pour un pull \u00e0 votre image<\/li>\n<\/ul>\n<h2>Le pull indispensable pour un style unique<\/h2>\n<ul>\n<li>Gr\u00e2ce \u00e0 sa coupe crop top, il est parfait pour la saison printemps\/\u00e9t\u00e9<\/li>\n<li>Id\u00e9al \u00e0 associer avec un jean ou une jupe taille haute<\/li>\n<li>Sur les photos, je porte une taille M.<\/li>\n<\/ul>\n<p>&nbsp;<\/p>\n<p>Craquez pour un pull qui vous ressemble!<\/p>\n<p>Si vous souhaitez cr\u00e9er une association de couleurs qui n&rsquo;est pas propos\u00e9, n&rsquo;h\u00e9sitez pas \u00e0 me contacter.<\/p>\n<p>Toute mes cr\u00e9ations sont fabriqu\u00e9es avec soin dans mon atelier en France.<\/p>\n","protected":false},"excerpt":{"rendered":"<p>Plongez dans un cocon de douceur avec ce pull oversize en velours c\u00f4tel\u00e9 100% coton bio.<\/p>\n<p>Coupe crop top. Le sweat se porte large pour plus de confort.<\/p>\n<p>Personnalissez-le en choississant la couleur de vos manches !<\/p>\n<p>&nbsp;<\/p>\n<p> <a class=\"continue-reading-link\" href=\"https:\/\/lafabriquedagathe.fr\/index.php\/produit\/pull-femme-bi-colore-beige-vanille\/\"><span>Continue reading<\/span><i class=\"crycon-right-dir\"><\/i><\/a> <\/p>\n","protected":false},"featured_media":7307,"comment_status":"open","ping_status":"closed","template":"","meta":[],"product_brand":[],"product_cat":[107],"product_tag":[],"class_list":{"0":"post-7288","1":"product","2":"type-product","3":"status-publish","4":"has-post-thumbnail","6":"product_cat-pull-bi-colore","8":"first","9":"instock","10":"taxable","11":"shipping-taxable","12":"purchasable","13":"product-type-variable"},"yoast_head":"<!-- This site is optimized with the Yoast SEO plugin v27.1.1 - https:\/\/yoast.com\/product\/yoast-seo-wordpress\/ -->\n<title>Pull femme Bi-colore Beige\/Vanille - Sarouels et v\u00eatements \u00e9volutifs pour enfant en coton bio!<\/title>\n<meta name=\"description\" content=\"Pull oversize femme cousu en dans un tissu en velours c\u00f4tel\u00e9 100% coton biologique. Confortable, color\u00e9 et personnalisable.\" \/>\n<meta name=\"robots\" content=\"index, follow, max-snippet:-1, max-image-preview:large, max-video-preview:-1\" \/>\n<link rel=\"canonical\" href=\"https:\/\/lafabriquedagathe.fr\/index.php\/produit\/pull-femme-bi-colore-beige-vanille\/\" \/>\n<meta property=\"og:locale\" content=\"fr_FR\" \/>\n<meta property=\"og:type\" content=\"article\" \/>\n<meta property=\"og:title\" content=\"Pull femme Bi-colore Beige\/Vanille - Sarouels et v\u00eatements \u00e9volutifs pour enfant en coton bio!\" \/>\n<meta property=\"og:description\" content=\"Pull oversize femme cousu en dans un tissu en velours c\u00f4tel\u00e9 100% coton biologique. Confortable, color\u00e9 et personnalisable.\" \/>\n<meta property=\"og:url\" content=\"https:\/\/lafabriquedagathe.fr\/index.php\/produit\/pull-femme-bi-colore-beige-vanille\/\" \/>\n<meta property=\"og:site_name\" content=\"Sarouels et v\u00eatements \u00e9volutifs pour enfant en coton bio!\" \/>\n<meta property=\"article:publisher\" content=\"https:\/\/www.facebook.com\/lafabriquedagathe\" \/>\n<meta property=\"article:modified_time\" content=\"2025-10-03T15:59:39+00:00\" \/>\n<meta property=\"og:image\" content=\"https:\/\/lafabriquedagathe.fr\/wp-content\/uploads\/2025\/10\/PXL_20251003_132133807.PORTRAIT2.jpg\" \/>\n\t<meta property=\"og:image:width\" content=\"918\" \/>\n\t<meta property=\"og:image:height\" content=\"918\" \/>\n\t<meta property=\"og:image:type\" content=\"image\/jpeg\" \/>\n<meta name=\"twitter:card\" content=\"summary_large_image\" \/>\n<meta name=\"twitter:label1\" content=\"Dur\u00e9e de lecture estim\u00e9e\" \/>\n\t<meta name=\"twitter:data1\" content=\"2 minutes\" \/>\n<script type=\"application\/ld+json\" class=\"yoast-schema-graph\">{\"@context\":\"https:\/\/schema.org\",\"@graph\":[{\"@type\":\"WebPage\",\"@id\":\"https:\/\/lafabriquedagathe.fr\/index.php\/produit\/pull-femme-bi-colore-beige-vanille\/\",\"url\":\"https:\/\/lafabriquedagathe.fr\/index.php\/produit\/pull-femme-bi-colore-beige-vanille\/\",\"name\":\"Pull femme Bi-colore Beige\/Vanille - Sarouels et v\u00eatements \u00e9volutifs pour enfant en coton bio!\",\"isPartOf\":{\"@id\":\"https:\/\/lafabriquedagathe.fr\/#website\"},\"primaryImageOfPage\":{\"@id\":\"https:\/\/lafabriquedagathe.fr\/index.php\/produit\/pull-femme-bi-colore-beige-vanille\/#primaryimage\"},\"image\":{\"@id\":\"https:\/\/lafabriquedagathe.fr\/index.php\/produit\/pull-femme-bi-colore-beige-vanille\/#primaryimage\"},\"thumbnailUrl\":\"https:\/\/lafabriquedagathe.fr\/wp-content\/uploads\/2025\/10\/PXL_20251003_132133807.PORTRAIT2.jpg\",\"datePublished\":\"2025-10-03T15:46:17+00:00\",\"dateModified\":\"2025-10-03T15:59:39+00:00\",\"description\":\"Pull oversize femme cousu en dans un tissu en velours c\u00f4tel\u00e9 100% coton biologique. Confortable, color\u00e9 et personnalisable.\",\"breadcrumb\":{\"@id\":\"https:\/\/lafabriquedagathe.fr\/index.php\/produit\/pull-femme-bi-colore-beige-vanille\/#breadcrumb\"},\"inLanguage\":\"fr-FR\",\"potentialAction\":[{\"@type\":\"ReadAction\",\"target\":[\"https:\/\/lafabriquedagathe.fr\/index.php\/produit\/pull-femme-bi-colore-beige-vanille\/\"]}]},{\"@type\":\"ImageObject\",\"inLanguage\":\"fr-FR\",\"@id\":\"https:\/\/lafabriquedagathe.fr\/index.php\/produit\/pull-femme-bi-colore-beige-vanille\/#primaryimage\",\"url\":\"https:\/\/lafabriquedagathe.fr\/wp-content\/uploads\/2025\/10\/PXL_20251003_132133807.PORTRAIT2.jpg\",\"contentUrl\":\"https:\/\/lafabriquedagathe.fr\/wp-content\/uploads\/2025\/10\/PXL_20251003_132133807.PORTRAIT2.jpg\",\"width\":918,\"height\":918,\"caption\":\"pull bi colore en velour cotel\u00e9 bio\"},{\"@type\":\"BreadcrumbList\",\"@id\":\"https:\/\/lafabriquedagathe.fr\/index.php\/produit\/pull-femme-bi-colore-beige-vanille\/#breadcrumb\",\"itemListElement\":[{\"@type\":\"ListItem\",\"position\":1,\"name\":\"Accueil\",\"item\":\"https:\/\/lafabriquedagathe.fr\/\"},{\"@type\":\"ListItem\",\"position\":2,\"name\":\"Boutique\",\"item\":\"https:\/\/lafabriquedagathe.fr\/index.php\/boutique\/\"},{\"@type\":\"ListItem\",\"position\":3,\"name\":\"Pull femme Bi-colore Beige\/Vanille\"}]},{\"@type\":\"WebSite\",\"@id\":\"https:\/\/lafabriquedagathe.fr\/#website\",\"url\":\"https:\/\/lafabriquedagathe.fr\/\",\"name\":\"Sarouels et v\u00eatements \u00e9volutifs pour enfant en coton bio!\",\"description\":\"Pour grandir, jouer et durer.\",\"publisher\":{\"@id\":\"https:\/\/lafabriquedagathe.fr\/#organization\"},\"potentialAction\":[{\"@type\":\"SearchAction\",\"target\":{\"@type\":\"EntryPoint\",\"urlTemplate\":\"https:\/\/lafabriquedagathe.fr\/?s={search_term_string}\"},\"query-input\":{\"@type\":\"PropertyValueSpecification\",\"valueRequired\":true,\"valueName\":\"search_term_string\"}}],\"inLanguage\":\"fr-FR\"},{\"@type\":\"Organization\",\"@id\":\"https:\/\/lafabriquedagathe.fr\/#organization\",\"name\":\"La fabrique d'Agathe\",\"url\":\"https:\/\/lafabriquedagathe.fr\/\",\"logo\":{\"@type\":\"ImageObject\",\"inLanguage\":\"fr-FR\",\"@id\":\"https:\/\/lafabriquedagathe.fr\/#\/schema\/logo\/image\/\",\"url\":\"https:\/\/lafabriquedagathe.fr\/wp-content\/uploads\/2022\/06\/LOGO1ERE-2.jpg\",\"contentUrl\":\"https:\/\/lafabriquedagathe.fr\/wp-content\/uploads\/2022\/06\/LOGO1ERE-2.jpg\",\"width\":350,\"height\":175,\"caption\":\"La fabrique d'Agathe\"},\"image\":{\"@id\":\"https:\/\/lafabriquedagathe.fr\/#\/schema\/logo\/image\/\"},\"sameAs\":[\"https:\/\/www.facebook.com\/lafabriquedagathe\",\"https:\/\/www.instagram.com\/lafabriquedagathe\/\"]}]}<\/script>\n<!-- \/ Yoast SEO plugin. -->","yoast_head_json":{"title":"Pull femme Bi-colore Beige\/Vanille - Sarouels et v\u00eatements \u00e9volutifs pour enfant en coton bio!","description":"Pull oversize femme cousu en dans un tissu en velours c\u00f4tel\u00e9 100% coton biologique. Confortable, color\u00e9 et personnalisable.","robots":{"index":"index","follow":"follow","max-snippet":"max-snippet:-1","max-image-preview":"max-image-preview:large","max-video-preview":"max-video-preview:-1"},"canonical":"https:\/\/lafabriquedagathe.fr\/index.php\/produit\/pull-femme-bi-colore-beige-vanille\/","og_locale":"fr_FR","og_type":"article","og_title":"Pull femme Bi-colore Beige\/Vanille - Sarouels et v\u00eatements \u00e9volutifs pour enfant en coton bio!","og_description":"Pull oversize femme cousu en dans un tissu en velours c\u00f4tel\u00e9 100% coton biologique. Confortable, color\u00e9 et personnalisable.","og_url":"https:\/\/lafabriquedagathe.fr\/index.php\/produit\/pull-femme-bi-colore-beige-vanille\/","og_site_name":"Sarouels et v\u00eatements \u00e9volutifs pour enfant en coton bio!","article_publisher":"https:\/\/www.facebook.com\/lafabriquedagathe","article_modified_time":"2025-10-03T15:59:39+00:00","og_image":[{"width":918,"height":918,"url":"https:\/\/lafabriquedagathe.fr\/wp-content\/uploads\/2025\/10\/PXL_20251003_132133807.PORTRAIT2.jpg","type":"image\/jpeg"}],"twitter_card":"summary_large_image","twitter_misc":{"Dur\u00e9e de lecture estim\u00e9e":"2 minutes"},"schema":{"@context":"https:\/\/schema.org","@graph":[{"@type":"WebPage","@id":"https:\/\/lafabriquedagathe.fr\/index.php\/produit\/pull-femme-bi-colore-beige-vanille\/","url":"https:\/\/lafabriquedagathe.fr\/index.php\/produit\/pull-femme-bi-colore-beige-vanille\/","name":"Pull femme Bi-colore Beige\/Vanille - Sarouels et v\u00eatements \u00e9volutifs pour enfant en coton bio!","isPartOf":{"@id":"https:\/\/lafabriquedagathe.fr\/#website"},"primaryImageOfPage":{"@id":"https:\/\/lafabriquedagathe.fr\/index.php\/produit\/pull-femme-bi-colore-beige-vanille\/#primaryimage"},"image":{"@id":"https:\/\/lafabriquedagathe.fr\/index.php\/produit\/pull-femme-bi-colore-beige-vanille\/#primaryimage"},"thumbnailUrl":"https:\/\/lafabriquedagathe.fr\/wp-content\/uploads\/2025\/10\/PXL_20251003_132133807.PORTRAIT2.jpg","datePublished":"2025-10-03T15:46:17+00:00","dateModified":"2025-10-03T15:59:39+00:00","description":"Pull oversize femme cousu en dans un tissu en velours c\u00f4tel\u00e9 100% coton biologique. Confortable, color\u00e9 et personnalisable.","breadcrumb":{"@id":"https:\/\/lafabriquedagathe.fr\/index.php\/produit\/pull-femme-bi-colore-beige-vanille\/#breadcrumb"},"inLanguage":"fr-FR","potentialAction":[{"@type":"ReadAction","target":["https:\/\/lafabriquedagathe.fr\/index.php\/produit\/pull-femme-bi-colore-beige-vanille\/"]}]},{"@type":"ImageObject","inLanguage":"fr-FR","@id":"https:\/\/lafabriquedagathe.fr\/index.php\/produit\/pull-femme-bi-colore-beige-vanille\/#primaryimage","url":"https:\/\/lafabriquedagathe.fr\/wp-content\/uploads\/2025\/10\/PXL_20251003_132133807.PORTRAIT2.jpg","contentUrl":"https:\/\/lafabriquedagathe.fr\/wp-content\/uploads\/2025\/10\/PXL_20251003_132133807.PORTRAIT2.jpg","width":918,"height":918,"caption":"pull bi colore en velour cotel\u00e9 bio"},{"@type":"BreadcrumbList","@id":"https:\/\/lafabriquedagathe.fr\/index.php\/produit\/pull-femme-bi-colore-beige-vanille\/#breadcrumb","itemListElement":[{"@type":"ListItem","position":1,"name":"Accueil","item":"https:\/\/lafabriquedagathe.fr\/"},{"@type":"ListItem","position":2,"name":"Boutique","item":"https:\/\/lafabriquedagathe.fr\/index.php\/boutique\/"},{"@type":"ListItem","position":3,"name":"Pull femme Bi-colore Beige\/Vanille"}]},{"@type":"WebSite","@id":"https:\/\/lafabriquedagathe.fr\/#website","url":"https:\/\/lafabriquedagathe.fr\/","name":"Sarouels et v\u00eatements \u00e9volutifs pour enfant en coton bio!","description":"Pour grandir, jouer et durer.","publisher":{"@id":"https:\/\/lafabriquedagathe.fr\/#organization"},"potentialAction":[{"@type":"SearchAction","target":{"@type":"EntryPoint","urlTemplate":"https:\/\/lafabriquedagathe.fr\/?s={search_term_string}"},"query-input":{"@type":"PropertyValueSpecification","valueRequired":true,"valueName":"search_term_string"}}],"inLanguage":"fr-FR"},{"@type":"Organization","@id":"https:\/\/lafabriquedagathe.fr\/#organization","name":"La fabrique d'Agathe","url":"https:\/\/lafabriquedagathe.fr\/","logo":{"@type":"ImageObject","inLanguage":"fr-FR","@id":"https:\/\/lafabriquedagathe.fr\/#\/schema\/logo\/image\/","url":"https:\/\/lafabriquedagathe.fr\/wp-content\/uploads\/2022\/06\/LOGO1ERE-2.jpg","contentUrl":"https:\/\/lafabriquedagathe.fr\/wp-content\/uploads\/2022\/06\/LOGO1ERE-2.jpg","width":350,"height":175,"caption":"La fabrique d'Agathe"},"image":{"@id":"https:\/\/lafabriquedagathe.fr\/#\/schema\/logo\/image\/"},"sameAs":["https:\/\/www.facebook.com\/lafabriquedagathe","https:\/\/www.instagram.com\/lafabriquedagathe\/"]}]}},"_links":{"self":[{"href":"https:\/\/lafabriquedagathe.fr\/index.php\/wp-json\/wp\/v2\/product\/7288","targetHints":{"allow":["GET"]}}],"collection":[{"href":"https:\/\/lafabriquedagathe.fr\/index.php\/wp-json\/wp\/v2\/product"}],"about":[{"href":"https:\/\/lafabriquedagathe.fr\/index.php\/wp-json\/wp\/v2\/types\/product"}],"replies":[{"embeddable":true,"href":"https:\/\/lafabriquedagathe.fr\/index.php\/wp-json\/wp\/v2\/comments?post=7288"}],"wp:featuredmedia":[{"embeddable":true,"href":"https:\/\/lafabriquedagathe.fr\/index.php\/wp-json\/wp\/v2\/media\/7307"}],"wp:attachment":[{"href":"https:\/\/lafabriquedagathe.fr\/index.php\/wp-json\/wp\/v2\/media?parent=7288"}],"wp:term":[{"taxonomy":"product_brand","embeddable":true,"href":"https:\/\/lafabriquedagathe.fr\/index.php\/wp-json\/wp\/v2\/product_brand?post=7288"},{"taxonomy":"product_cat","embeddable":true,"href":"https:\/\/lafabriquedagathe.fr\/index.php\/wp-json\/wp\/v2\/product_cat?post=7288"},{"taxonomy":"product_tag","embeddable":true,"href":"https:\/\/lafabriquedagathe.fr\/index.php\/wp-json\/wp\/v2\/product_tag?post=7288"}],"curies":[{"name":"wp","href":"https:\/\/api.w.org\/{rel}","templated":true}]}}