{"id":7375,"date":"2025-10-03T18:55:01","date_gmt":"2025-10-03T16:55:01","guid":{"rendered":"https:\/\/lafabriquedagathe.fr\/?post_type=product&#038;p=7375"},"modified":"2026-03-24T10:59:15","modified_gmt":"2026-03-24T09:59:15","slug":"sweat-caramal-balade-en-foret","status":"publish","type":"product","link":"https:\/\/lafabriquedagathe.fr\/index.php\/produit\/sweat-caramal-balade-en-foret\/","title":{"rendered":"Sweat Caramal\/ Balade en for\u00eat"},"content":{"rendered":"<h2>Vous cherchez un sweat confortable, pratique et durable pour votre enfant ?<\/h2>\n<p>Alors ce pull est id\u00e9al pour vous!<\/p>\n<p>Un sweat confortable cousu en France avec des tissu en coton biologique.<\/p>\n<p>Pratique gr\u00e2ce \u00e0 sa grande poche ventrale, votre enfant pourra rammasser pleins de petits tr\u00e9sors et les ranger dedans.<\/p>\n<p>Le sweat en r\u00e9alis\u00e9 dans un tissu sweat: 95% coton biologique\/ 5% \u00e9lasthanne.<\/p>\n<p>&nbsp;<\/p>\n","protected":false},"excerpt":{"rendered":"<p>Sweat confortable et durable avec poche ventral.<\/p>\n<p>95% coton biologique\/ 5% \u00e9lasthanne<\/p>\n<p> <a class=\"continue-reading-link\" href=\"https:\/\/lafabriquedagathe.fr\/index.php\/produit\/sweat-caramal-balade-en-foret\/\"><span>Continue reading<\/span><i class=\"crycon-right-dir\"><\/i><\/a> <\/p>\n","protected":false},"featured_media":7389,"comment_status":"open","ping_status":"closed","template":"","meta":[],"product_brand":[],"product_cat":[133,146,106],"product_tag":[],"class_list":{"0":"post-7375","1":"product","2":"type-product","3":"status-publish","4":"has-post-thumbnail","6":"product_cat-sweat-a-poche","7":"product_cat-sweat-evolutif","8":"product_cat-vetements-enfant","10":"first","11":"instock","12":"taxable","13":"shipping-taxable","14":"purchasable","15":"product-type-variable"},"yoast_head":"<!-- This site is optimized with the Yoast SEO plugin v27.1.1 - https:\/\/yoast.com\/product\/yoast-seo-wordpress\/ -->\n<title>Sweat Caramal\/ Balade en for\u00eat - Sarouels et v\u00eatements \u00e9volutifs pour enfant en coton bio!<\/title>\n<meta name=\"robots\" content=\"index, follow, max-snippet:-1, max-image-preview:large, max-video-preview:-1\" \/>\n<link rel=\"canonical\" href=\"https:\/\/lafabriquedagathe.fr\/index.php\/produit\/sweat-caramal-balade-en-foret\/\" \/>\n<meta property=\"og:locale\" content=\"fr_FR\" \/>\n<meta property=\"og:type\" content=\"article\" \/>\n<meta property=\"og:title\" content=\"Sweat Caramal\/ Balade en for\u00eat - Sarouels et v\u00eatements \u00e9volutifs pour enfant en coton bio!\" \/>\n<meta property=\"og:description\" content=\"Sweat confortable et durable avec poche ventral.  95% coton biologique\/ 5% \u00e9lasthanne Continue reading\" \/>\n<meta property=\"og:url\" content=\"https:\/\/lafabriquedagathe.fr\/index.php\/produit\/sweat-caramal-balade-en-foret\/\" \/>\n<meta property=\"og:site_name\" content=\"Sarouels et v\u00eatements \u00e9volutifs pour enfant en coton bio!\" \/>\n<meta property=\"article:publisher\" content=\"https:\/\/www.facebook.com\/lafabriquedagathe\" \/>\n<meta property=\"article:modified_time\" content=\"2026-03-24T09:59:15+00:00\" \/>\n<meta property=\"og:image\" content=\"https:\/\/lafabriquedagathe.fr\/wp-content\/uploads\/2025\/10\/Photographie-122-1.jpg\" \/>\n\t<meta property=\"og:image:width\" content=\"1206\" \/>\n\t<meta property=\"og:image:height\" content=\"1206\" \/>\n\t<meta property=\"og:image:type\" content=\"image\/jpeg\" \/>\n<meta name=\"twitter:card\" content=\"summary_large_image\" \/>\n<meta name=\"twitter:label1\" content=\"Dur\u00e9e de lecture estim\u00e9e\" \/>\n\t<meta name=\"twitter:data1\" content=\"1 minute\" \/>\n<script type=\"application\/ld+json\" class=\"yoast-schema-graph\">{\"@context\":\"https:\/\/schema.org\",\"@graph\":[{\"@type\":\"WebPage\",\"@id\":\"https:\/\/lafabriquedagathe.fr\/index.php\/produit\/sweat-caramal-balade-en-foret\/\",\"url\":\"https:\/\/lafabriquedagathe.fr\/index.php\/produit\/sweat-caramal-balade-en-foret\/\",\"name\":\"Sweat Caramal\/ Balade en for\u00eat - Sarouels et v\u00eatements \u00e9volutifs pour enfant en coton bio!\",\"isPartOf\":{\"@id\":\"https:\/\/lafabriquedagathe.fr\/#website\"},\"primaryImageOfPage\":{\"@id\":\"https:\/\/lafabriquedagathe.fr\/index.php\/produit\/sweat-caramal-balade-en-foret\/#primaryimage\"},\"image\":{\"@id\":\"https:\/\/lafabriquedagathe.fr\/index.php\/produit\/sweat-caramal-balade-en-foret\/#primaryimage\"},\"thumbnailUrl\":\"https:\/\/lafabriquedagathe.fr\/wp-content\/uploads\/2025\/10\/Photographie-122-1.jpg\",\"datePublished\":\"2025-10-03T16:55:01+00:00\",\"dateModified\":\"2026-03-24T09:59:15+00:00\",\"breadcrumb\":{\"@id\":\"https:\/\/lafabriquedagathe.fr\/index.php\/produit\/sweat-caramal-balade-en-foret\/#breadcrumb\"},\"inLanguage\":\"fr-FR\",\"potentialAction\":[{\"@type\":\"ReadAction\",\"target\":[\"https:\/\/lafabriquedagathe.fr\/index.php\/produit\/sweat-caramal-balade-en-foret\/\"]}]},{\"@type\":\"ImageObject\",\"inLanguage\":\"fr-FR\",\"@id\":\"https:\/\/lafabriquedagathe.fr\/index.php\/produit\/sweat-caramal-balade-en-foret\/#primaryimage\",\"url\":\"https:\/\/lafabriquedagathe.fr\/wp-content\/uploads\/2025\/10\/Photographie-122-1.jpg\",\"contentUrl\":\"https:\/\/lafabriquedagathe.fr\/wp-content\/uploads\/2025\/10\/Photographie-122-1.jpg\",\"width\":1206,\"height\":1206,\"caption\":\"pantalon \u00e9volutif en coton bio pour les enfants\"},{\"@type\":\"BreadcrumbList\",\"@id\":\"https:\/\/lafabriquedagathe.fr\/index.php\/produit\/sweat-caramal-balade-en-foret\/#breadcrumb\",\"itemListElement\":[{\"@type\":\"ListItem\",\"position\":1,\"name\":\"Accueil\",\"item\":\"https:\/\/lafabriquedagathe.fr\/\"},{\"@type\":\"ListItem\",\"position\":2,\"name\":\"Boutique\",\"item\":\"https:\/\/lafabriquedagathe.fr\/index.php\/boutique\/\"},{\"@type\":\"ListItem\",\"position\":3,\"name\":\"Sweat Caramal\/ Balade en for\u00eat\"}]},{\"@type\":\"WebSite\",\"@id\":\"https:\/\/lafabriquedagathe.fr\/#website\",\"url\":\"https:\/\/lafabriquedagathe.fr\/\",\"name\":\"Sarouels et v\u00eatements \u00e9volutifs pour enfant en coton bio!\",\"description\":\"Pour grandir, jouer et durer.\",\"publisher\":{\"@id\":\"https:\/\/lafabriquedagathe.fr\/#organization\"},\"potentialAction\":[{\"@type\":\"SearchAction\",\"target\":{\"@type\":\"EntryPoint\",\"urlTemplate\":\"https:\/\/lafabriquedagathe.fr\/?s={search_term_string}\"},\"query-input\":{\"@type\":\"PropertyValueSpecification\",\"valueRequired\":true,\"valueName\":\"search_term_string\"}}],\"inLanguage\":\"fr-FR\"},{\"@type\":\"Organization\",\"@id\":\"https:\/\/lafabriquedagathe.fr\/#organization\",\"name\":\"La fabrique d'Agathe\",\"url\":\"https:\/\/lafabriquedagathe.fr\/\",\"logo\":{\"@type\":\"ImageObject\",\"inLanguage\":\"fr-FR\",\"@id\":\"https:\/\/lafabriquedagathe.fr\/#\/schema\/logo\/image\/\",\"url\":\"https:\/\/lafabriquedagathe.fr\/wp-content\/uploads\/2022\/06\/LOGO1ERE-2.jpg\",\"contentUrl\":\"https:\/\/lafabriquedagathe.fr\/wp-content\/uploads\/2022\/06\/LOGO1ERE-2.jpg\",\"width\":350,\"height\":175,\"caption\":\"La fabrique d'Agathe\"},\"image\":{\"@id\":\"https:\/\/lafabriquedagathe.fr\/#\/schema\/logo\/image\/\"},\"sameAs\":[\"https:\/\/www.facebook.com\/lafabriquedagathe\",\"https:\/\/www.instagram.com\/lafabriquedagathe\/\"]}]}<\/script>\n<!-- \/ Yoast SEO plugin. -->","yoast_head_json":{"title":"Sweat Caramal\/ Balade en for\u00eat - Sarouels et v\u00eatements \u00e9volutifs pour enfant en coton bio!","robots":{"index":"index","follow":"follow","max-snippet":"max-snippet:-1","max-image-preview":"max-image-preview:large","max-video-preview":"max-video-preview:-1"},"canonical":"https:\/\/lafabriquedagathe.fr\/index.php\/produit\/sweat-caramal-balade-en-foret\/","og_locale":"fr_FR","og_type":"article","og_title":"Sweat Caramal\/ Balade en for\u00eat - Sarouels et v\u00eatements \u00e9volutifs pour enfant en coton bio!","og_description":"Sweat confortable et durable avec poche ventral.  95% coton biologique\/ 5% \u00e9lasthanne Continue reading","og_url":"https:\/\/lafabriquedagathe.fr\/index.php\/produit\/sweat-caramal-balade-en-foret\/","og_site_name":"Sarouels et v\u00eatements \u00e9volutifs pour enfant en coton bio!","article_publisher":"https:\/\/www.facebook.com\/lafabriquedagathe","article_modified_time":"2026-03-24T09:59:15+00:00","og_image":[{"width":1206,"height":1206,"url":"https:\/\/lafabriquedagathe.fr\/wp-content\/uploads\/2025\/10\/Photographie-122-1.jpg","type":"image\/jpeg"}],"twitter_card":"summary_large_image","twitter_misc":{"Dur\u00e9e de lecture estim\u00e9e":"1 minute"},"schema":{"@context":"https:\/\/schema.org","@graph":[{"@type":"WebPage","@id":"https:\/\/lafabriquedagathe.fr\/index.php\/produit\/sweat-caramal-balade-en-foret\/","url":"https:\/\/lafabriquedagathe.fr\/index.php\/produit\/sweat-caramal-balade-en-foret\/","name":"Sweat Caramal\/ Balade en for\u00eat - Sarouels et v\u00eatements \u00e9volutifs pour enfant en coton bio!","isPartOf":{"@id":"https:\/\/lafabriquedagathe.fr\/#website"},"primaryImageOfPage":{"@id":"https:\/\/lafabriquedagathe.fr\/index.php\/produit\/sweat-caramal-balade-en-foret\/#primaryimage"},"image":{"@id":"https:\/\/lafabriquedagathe.fr\/index.php\/produit\/sweat-caramal-balade-en-foret\/#primaryimage"},"thumbnailUrl":"https:\/\/lafabriquedagathe.fr\/wp-content\/uploads\/2025\/10\/Photographie-122-1.jpg","datePublished":"2025-10-03T16:55:01+00:00","dateModified":"2026-03-24T09:59:15+00:00","breadcrumb":{"@id":"https:\/\/lafabriquedagathe.fr\/index.php\/produit\/sweat-caramal-balade-en-foret\/#breadcrumb"},"inLanguage":"fr-FR","potentialAction":[{"@type":"ReadAction","target":["https:\/\/lafabriquedagathe.fr\/index.php\/produit\/sweat-caramal-balade-en-foret\/"]}]},{"@type":"ImageObject","inLanguage":"fr-FR","@id":"https:\/\/lafabriquedagathe.fr\/index.php\/produit\/sweat-caramal-balade-en-foret\/#primaryimage","url":"https:\/\/lafabriquedagathe.fr\/wp-content\/uploads\/2025\/10\/Photographie-122-1.jpg","contentUrl":"https:\/\/lafabriquedagathe.fr\/wp-content\/uploads\/2025\/10\/Photographie-122-1.jpg","width":1206,"height":1206,"caption":"pantalon \u00e9volutif en coton bio pour les enfants"},{"@type":"BreadcrumbList","@id":"https:\/\/lafabriquedagathe.fr\/index.php\/produit\/sweat-caramal-balade-en-foret\/#breadcrumb","itemListElement":[{"@type":"ListItem","position":1,"name":"Accueil","item":"https:\/\/lafabriquedagathe.fr\/"},{"@type":"ListItem","position":2,"name":"Boutique","item":"https:\/\/lafabriquedagathe.fr\/index.php\/boutique\/"},{"@type":"ListItem","position":3,"name":"Sweat Caramal\/ Balade en for\u00eat"}]},{"@type":"WebSite","@id":"https:\/\/lafabriquedagathe.fr\/#website","url":"https:\/\/lafabriquedagathe.fr\/","name":"Sarouels et v\u00eatements \u00e9volutifs pour enfant en coton bio!","description":"Pour grandir, jouer et durer.","publisher":{"@id":"https:\/\/lafabriquedagathe.fr\/#organization"},"potentialAction":[{"@type":"SearchAction","target":{"@type":"EntryPoint","urlTemplate":"https:\/\/lafabriquedagathe.fr\/?s={search_term_string}"},"query-input":{"@type":"PropertyValueSpecification","valueRequired":true,"valueName":"search_term_string"}}],"inLanguage":"fr-FR"},{"@type":"Organization","@id":"https:\/\/lafabriquedagathe.fr\/#organization","name":"La fabrique d'Agathe","url":"https:\/\/lafabriquedagathe.fr\/","logo":{"@type":"ImageObject","inLanguage":"fr-FR","@id":"https:\/\/lafabriquedagathe.fr\/#\/schema\/logo\/image\/","url":"https:\/\/lafabriquedagathe.fr\/wp-content\/uploads\/2022\/06\/LOGO1ERE-2.jpg","contentUrl":"https:\/\/lafabriquedagathe.fr\/wp-content\/uploads\/2022\/06\/LOGO1ERE-2.jpg","width":350,"height":175,"caption":"La fabrique d'Agathe"},"image":{"@id":"https:\/\/lafabriquedagathe.fr\/#\/schema\/logo\/image\/"},"sameAs":["https:\/\/www.facebook.com\/lafabriquedagathe","https:\/\/www.instagram.com\/lafabriquedagathe\/"]}]}},"_links":{"self":[{"href":"https:\/\/lafabriquedagathe.fr\/index.php\/wp-json\/wp\/v2\/product\/7375","targetHints":{"allow":["GET"]}}],"collection":[{"href":"https:\/\/lafabriquedagathe.fr\/index.php\/wp-json\/wp\/v2\/product"}],"about":[{"href":"https:\/\/lafabriquedagathe.fr\/index.php\/wp-json\/wp\/v2\/types\/product"}],"replies":[{"embeddable":true,"href":"https:\/\/lafabriquedagathe.fr\/index.php\/wp-json\/wp\/v2\/comments?post=7375"}],"wp:featuredmedia":[{"embeddable":true,"href":"https:\/\/lafabriquedagathe.fr\/index.php\/wp-json\/wp\/v2\/media\/7389"}],"wp:attachment":[{"href":"https:\/\/lafabriquedagathe.fr\/index.php\/wp-json\/wp\/v2\/media?parent=7375"}],"wp:term":[{"taxonomy":"product_brand","embeddable":true,"href":"https:\/\/lafabriquedagathe.fr\/index.php\/wp-json\/wp\/v2\/product_brand?post=7375"},{"taxonomy":"product_cat","embeddable":true,"href":"https:\/\/lafabriquedagathe.fr\/index.php\/wp-json\/wp\/v2\/product_cat?post=7375"},{"taxonomy":"product_tag","embeddable":true,"href":"https:\/\/lafabriquedagathe.fr\/index.php\/wp-json\/wp\/v2\/product_tag?post=7375"}],"curies":[{"name":"wp","href":"https:\/\/api.w.org\/{rel}","templated":true}]}}