{"id":7513,"date":"2025-11-16T16:20:40","date_gmt":"2025-11-16T15:20:40","guid":{"rendered":"https:\/\/lafabriquedagathe.fr\/?post_type=product&#038;p=7513"},"modified":"2025-11-17T16:50:20","modified_gmt":"2025-11-17T15:50:20","slug":"gilet-de-berger-boucle-a-carreaux-bleu","status":"publish","type":"product","link":"https:\/\/lafabriquedagathe.fr\/index.php\/produit\/gilet-de-berger-boucle-a-carreaux-bleu\/","title":{"rendered":"Gilet de berger \/ Boucl\u00e9 \u00e0 carreaux bleu."},"content":{"rendered":"<h1>Gilet de berger r\u00e9versible femme \/ 100% coton bio<\/h1>\n<p>D\u00e9couvrez le nouveau gilet de berger r\u00e9versible pour femme, alliant confort et douceur!<\/p>\n<p>Con\u00e7u en tissu 100% coton biologique, il associe une fausse fourrure effet peau de mouton d&rsquo;un c\u00f4t\u00e9 et un tissu boucl\u00e9 \u00e0 carreaux bleu. Un gilet indispensable pour affronter la saison fra\u00eeche.<\/p>\n<h2>R\u00e9versible:<\/h2>\n<p>&#8211; un c\u00f4t\u00e9 fausse fourrure effet peau de mouton pour un style doux et chaleureux.<\/p>\n<p>&#8211; un tissu boucl\u00e9 \u00e0 carreaux ultra doux au touch\u00e9.\u00a0 Composition: 30% coton biologique, 45% Polyester, 25% Viscose.<\/p>\n<h2>100 % coton biologique:<\/h2>\n<p>&#8211; Mati\u00e8re douce, naturelle et respirante.<\/p>\n<p>-Respectueux de la peau et de la plan\u00e8te.<\/p>\n<h2>Confort:<\/h2>\n<p>&#8211; Une couple sans manche ample et confortable. Pour apporter du confort dans votre quotidien.<\/p>\n<p>&#8211; Facile \u00e0 porter par dessus un pull, une blouse, une robe.<\/p>\n<h2>Fabrication artisanale:<\/h2>\n<p>&#8211; Le gilet est fabriqu\u00e9 avec soin dans mon atelier situ\u00e9 dans l&rsquo;Ain.<\/p>\n<p>&nbsp;<\/p>\n","protected":false},"excerpt":{"rendered":"<p>Gilet de berger r\u00e9versible pour femme.<\/p>\n<p>Fausse fourrure 100 % coton bio et int\u00e9rieur en tissu boucl\u00e9 \u00e0 carreaux bleu.<\/p>\n<p>&nbsp;<\/p>\n<p> <a class=\"continue-reading-link\" href=\"https:\/\/lafabriquedagathe.fr\/index.php\/produit\/gilet-de-berger-boucle-a-carreaux-bleu\/\"><span>Continue reading<\/span><i class=\"crycon-right-dir\"><\/i><\/a> <\/p>\n","protected":false},"featured_media":7592,"comment_status":"open","ping_status":"closed","template":"","meta":[],"product_brand":[],"product_cat":[134],"product_tag":[],"class_list":{"0":"post-7513","1":"product","2":"type-product","3":"status-publish","4":"has-post-thumbnail","6":"product_cat-gilet-de-berger-femme","8":"first","9":"instock","10":"taxable","11":"shipping-taxable","12":"purchasable","13":"product-type-variable"},"yoast_head":"<!-- This site is optimized with the Yoast SEO plugin v27.1.1 - https:\/\/yoast.com\/product\/yoast-seo-wordpress\/ -->\n<title>Gilet de berger \/ Boucl\u00e9 \u00e0 carreaux bleu. - Sarouels et v\u00eatements \u00e9volutifs pour enfant en coton bio!<\/title>\n<meta name=\"robots\" content=\"index, follow, max-snippet:-1, max-image-preview:large, max-video-preview:-1\" \/>\n<link rel=\"canonical\" href=\"https:\/\/lafabriquedagathe.fr\/index.php\/produit\/gilet-de-berger-boucle-a-carreaux-bleu\/\" \/>\n<meta property=\"og:locale\" content=\"fr_FR\" \/>\n<meta property=\"og:type\" content=\"article\" \/>\n<meta property=\"og:title\" content=\"Gilet de berger \/ Boucl\u00e9 \u00e0 carreaux bleu. - Sarouels et v\u00eatements \u00e9volutifs pour enfant en coton bio!\" \/>\n<meta property=\"og:description\" content=\"Gilet de berger r\u00e9versible pour femme.  Fausse fourrure 100 % coton bio et int\u00e9rieur en tissu boucl\u00e9 \u00e0 carreaux bleu.  &nbsp; Continue reading\" \/>\n<meta property=\"og:url\" content=\"https:\/\/lafabriquedagathe.fr\/index.php\/produit\/gilet-de-berger-boucle-a-carreaux-bleu\/\" \/>\n<meta property=\"og:site_name\" content=\"Sarouels et v\u00eatements \u00e9volutifs pour enfant en coton bio!\" \/>\n<meta property=\"article:publisher\" content=\"https:\/\/www.facebook.com\/lafabriquedagathe\" \/>\n<meta property=\"article:modified_time\" content=\"2025-11-17T15:50:20+00:00\" \/>\n<meta property=\"og:image\" content=\"https:\/\/lafabriquedagathe.fr\/wp-content\/uploads\/2025\/11\/giletacarreaux.jpg\" \/>\n\t<meta property=\"og:image:width\" content=\"540\" \/>\n\t<meta property=\"og:image:height\" content=\"540\" \/>\n\t<meta property=\"og:image:type\" content=\"image\/jpeg\" \/>\n<meta name=\"twitter:card\" content=\"summary_large_image\" \/>\n<meta name=\"twitter:label1\" content=\"Dur\u00e9e de lecture estim\u00e9e\" \/>\n\t<meta name=\"twitter:data1\" content=\"1 minute\" \/>\n<script type=\"application\/ld+json\" class=\"yoast-schema-graph\">{\"@context\":\"https:\/\/schema.org\",\"@graph\":[{\"@type\":\"WebPage\",\"@id\":\"https:\/\/lafabriquedagathe.fr\/index.php\/produit\/gilet-de-berger-boucle-a-carreaux-bleu\/\",\"url\":\"https:\/\/lafabriquedagathe.fr\/index.php\/produit\/gilet-de-berger-boucle-a-carreaux-bleu\/\",\"name\":\"Gilet de berger \/ Boucl\u00e9 \u00e0 carreaux bleu. - Sarouels et v\u00eatements \u00e9volutifs pour enfant en coton bio!\",\"isPartOf\":{\"@id\":\"https:\/\/lafabriquedagathe.fr\/#website\"},\"primaryImageOfPage\":{\"@id\":\"https:\/\/lafabriquedagathe.fr\/index.php\/produit\/gilet-de-berger-boucle-a-carreaux-bleu\/#primaryimage\"},\"image\":{\"@id\":\"https:\/\/lafabriquedagathe.fr\/index.php\/produit\/gilet-de-berger-boucle-a-carreaux-bleu\/#primaryimage\"},\"thumbnailUrl\":\"https:\/\/lafabriquedagathe.fr\/wp-content\/uploads\/2025\/11\/giletacarreaux.jpg\",\"datePublished\":\"2025-11-16T15:20:40+00:00\",\"dateModified\":\"2025-11-17T15:50:20+00:00\",\"breadcrumb\":{\"@id\":\"https:\/\/lafabriquedagathe.fr\/index.php\/produit\/gilet-de-berger-boucle-a-carreaux-bleu\/#breadcrumb\"},\"inLanguage\":\"fr-FR\",\"potentialAction\":[{\"@type\":\"ReadAction\",\"target\":[\"https:\/\/lafabriquedagathe.fr\/index.php\/produit\/gilet-de-berger-boucle-a-carreaux-bleu\/\"]}]},{\"@type\":\"ImageObject\",\"inLanguage\":\"fr-FR\",\"@id\":\"https:\/\/lafabriquedagathe.fr\/index.php\/produit\/gilet-de-berger-boucle-a-carreaux-bleu\/#primaryimage\",\"url\":\"https:\/\/lafabriquedagathe.fr\/wp-content\/uploads\/2025\/11\/giletacarreaux.jpg\",\"contentUrl\":\"https:\/\/lafabriquedagathe.fr\/wp-content\/uploads\/2025\/11\/giletacarreaux.jpg\",\"width\":540,\"height\":540,\"caption\":\"gilet reversible en coton bio. Cousu en France\"},{\"@type\":\"BreadcrumbList\",\"@id\":\"https:\/\/lafabriquedagathe.fr\/index.php\/produit\/gilet-de-berger-boucle-a-carreaux-bleu\/#breadcrumb\",\"itemListElement\":[{\"@type\":\"ListItem\",\"position\":1,\"name\":\"Accueil\",\"item\":\"https:\/\/lafabriquedagathe.fr\/\"},{\"@type\":\"ListItem\",\"position\":2,\"name\":\"Boutique\",\"item\":\"https:\/\/lafabriquedagathe.fr\/index.php\/boutique\/\"},{\"@type\":\"ListItem\",\"position\":3,\"name\":\"Gilet de berger \/ Boucl\u00e9 \u00e0 carreaux bleu.\"}]},{\"@type\":\"WebSite\",\"@id\":\"https:\/\/lafabriquedagathe.fr\/#website\",\"url\":\"https:\/\/lafabriquedagathe.fr\/\",\"name\":\"Sarouels et v\u00eatements \u00e9volutifs pour enfant en coton bio!\",\"description\":\"Pour grandir, jouer et durer.\",\"publisher\":{\"@id\":\"https:\/\/lafabriquedagathe.fr\/#organization\"},\"potentialAction\":[{\"@type\":\"SearchAction\",\"target\":{\"@type\":\"EntryPoint\",\"urlTemplate\":\"https:\/\/lafabriquedagathe.fr\/?s={search_term_string}\"},\"query-input\":{\"@type\":\"PropertyValueSpecification\",\"valueRequired\":true,\"valueName\":\"search_term_string\"}}],\"inLanguage\":\"fr-FR\"},{\"@type\":\"Organization\",\"@id\":\"https:\/\/lafabriquedagathe.fr\/#organization\",\"name\":\"La fabrique d'Agathe\",\"url\":\"https:\/\/lafabriquedagathe.fr\/\",\"logo\":{\"@type\":\"ImageObject\",\"inLanguage\":\"fr-FR\",\"@id\":\"https:\/\/lafabriquedagathe.fr\/#\/schema\/logo\/image\/\",\"url\":\"https:\/\/lafabriquedagathe.fr\/wp-content\/uploads\/2022\/06\/LOGO1ERE-2.jpg\",\"contentUrl\":\"https:\/\/lafabriquedagathe.fr\/wp-content\/uploads\/2022\/06\/LOGO1ERE-2.jpg\",\"width\":350,\"height\":175,\"caption\":\"La fabrique d'Agathe\"},\"image\":{\"@id\":\"https:\/\/lafabriquedagathe.fr\/#\/schema\/logo\/image\/\"},\"sameAs\":[\"https:\/\/www.facebook.com\/lafabriquedagathe\",\"https:\/\/www.instagram.com\/lafabriquedagathe\/\"]}]}<\/script>\n<!-- \/ Yoast SEO plugin. -->","yoast_head_json":{"title":"Gilet de berger \/ Boucl\u00e9 \u00e0 carreaux bleu. - Sarouels et v\u00eatements \u00e9volutifs pour enfant en coton bio!","robots":{"index":"index","follow":"follow","max-snippet":"max-snippet:-1","max-image-preview":"max-image-preview:large","max-video-preview":"max-video-preview:-1"},"canonical":"https:\/\/lafabriquedagathe.fr\/index.php\/produit\/gilet-de-berger-boucle-a-carreaux-bleu\/","og_locale":"fr_FR","og_type":"article","og_title":"Gilet de berger \/ Boucl\u00e9 \u00e0 carreaux bleu. - Sarouels et v\u00eatements \u00e9volutifs pour enfant en coton bio!","og_description":"Gilet de berger r\u00e9versible pour femme.  Fausse fourrure 100 % coton bio et int\u00e9rieur en tissu boucl\u00e9 \u00e0 carreaux bleu.  &nbsp; Continue reading","og_url":"https:\/\/lafabriquedagathe.fr\/index.php\/produit\/gilet-de-berger-boucle-a-carreaux-bleu\/","og_site_name":"Sarouels et v\u00eatements \u00e9volutifs pour enfant en coton bio!","article_publisher":"https:\/\/www.facebook.com\/lafabriquedagathe","article_modified_time":"2025-11-17T15:50:20+00:00","og_image":[{"width":540,"height":540,"url":"https:\/\/lafabriquedagathe.fr\/wp-content\/uploads\/2025\/11\/giletacarreaux.jpg","type":"image\/jpeg"}],"twitter_card":"summary_large_image","twitter_misc":{"Dur\u00e9e de lecture estim\u00e9e":"1 minute"},"schema":{"@context":"https:\/\/schema.org","@graph":[{"@type":"WebPage","@id":"https:\/\/lafabriquedagathe.fr\/index.php\/produit\/gilet-de-berger-boucle-a-carreaux-bleu\/","url":"https:\/\/lafabriquedagathe.fr\/index.php\/produit\/gilet-de-berger-boucle-a-carreaux-bleu\/","name":"Gilet de berger \/ Boucl\u00e9 \u00e0 carreaux bleu. - Sarouels et v\u00eatements \u00e9volutifs pour enfant en coton bio!","isPartOf":{"@id":"https:\/\/lafabriquedagathe.fr\/#website"},"primaryImageOfPage":{"@id":"https:\/\/lafabriquedagathe.fr\/index.php\/produit\/gilet-de-berger-boucle-a-carreaux-bleu\/#primaryimage"},"image":{"@id":"https:\/\/lafabriquedagathe.fr\/index.php\/produit\/gilet-de-berger-boucle-a-carreaux-bleu\/#primaryimage"},"thumbnailUrl":"https:\/\/lafabriquedagathe.fr\/wp-content\/uploads\/2025\/11\/giletacarreaux.jpg","datePublished":"2025-11-16T15:20:40+00:00","dateModified":"2025-11-17T15:50:20+00:00","breadcrumb":{"@id":"https:\/\/lafabriquedagathe.fr\/index.php\/produit\/gilet-de-berger-boucle-a-carreaux-bleu\/#breadcrumb"},"inLanguage":"fr-FR","potentialAction":[{"@type":"ReadAction","target":["https:\/\/lafabriquedagathe.fr\/index.php\/produit\/gilet-de-berger-boucle-a-carreaux-bleu\/"]}]},{"@type":"ImageObject","inLanguage":"fr-FR","@id":"https:\/\/lafabriquedagathe.fr\/index.php\/produit\/gilet-de-berger-boucle-a-carreaux-bleu\/#primaryimage","url":"https:\/\/lafabriquedagathe.fr\/wp-content\/uploads\/2025\/11\/giletacarreaux.jpg","contentUrl":"https:\/\/lafabriquedagathe.fr\/wp-content\/uploads\/2025\/11\/giletacarreaux.jpg","width":540,"height":540,"caption":"gilet reversible en coton bio. Cousu en France"},{"@type":"BreadcrumbList","@id":"https:\/\/lafabriquedagathe.fr\/index.php\/produit\/gilet-de-berger-boucle-a-carreaux-bleu\/#breadcrumb","itemListElement":[{"@type":"ListItem","position":1,"name":"Accueil","item":"https:\/\/lafabriquedagathe.fr\/"},{"@type":"ListItem","position":2,"name":"Boutique","item":"https:\/\/lafabriquedagathe.fr\/index.php\/boutique\/"},{"@type":"ListItem","position":3,"name":"Gilet de berger \/ Boucl\u00e9 \u00e0 carreaux bleu."}]},{"@type":"WebSite","@id":"https:\/\/lafabriquedagathe.fr\/#website","url":"https:\/\/lafabriquedagathe.fr\/","name":"Sarouels et v\u00eatements \u00e9volutifs pour enfant en coton bio!","description":"Pour grandir, jouer et durer.","publisher":{"@id":"https:\/\/lafabriquedagathe.fr\/#organization"},"potentialAction":[{"@type":"SearchAction","target":{"@type":"EntryPoint","urlTemplate":"https:\/\/lafabriquedagathe.fr\/?s={search_term_string}"},"query-input":{"@type":"PropertyValueSpecification","valueRequired":true,"valueName":"search_term_string"}}],"inLanguage":"fr-FR"},{"@type":"Organization","@id":"https:\/\/lafabriquedagathe.fr\/#organization","name":"La fabrique d'Agathe","url":"https:\/\/lafabriquedagathe.fr\/","logo":{"@type":"ImageObject","inLanguage":"fr-FR","@id":"https:\/\/lafabriquedagathe.fr\/#\/schema\/logo\/image\/","url":"https:\/\/lafabriquedagathe.fr\/wp-content\/uploads\/2022\/06\/LOGO1ERE-2.jpg","contentUrl":"https:\/\/lafabriquedagathe.fr\/wp-content\/uploads\/2022\/06\/LOGO1ERE-2.jpg","width":350,"height":175,"caption":"La fabrique d'Agathe"},"image":{"@id":"https:\/\/lafabriquedagathe.fr\/#\/schema\/logo\/image\/"},"sameAs":["https:\/\/www.facebook.com\/lafabriquedagathe","https:\/\/www.instagram.com\/lafabriquedagathe\/"]}]}},"_links":{"self":[{"href":"https:\/\/lafabriquedagathe.fr\/index.php\/wp-json\/wp\/v2\/product\/7513","targetHints":{"allow":["GET"]}}],"collection":[{"href":"https:\/\/lafabriquedagathe.fr\/index.php\/wp-json\/wp\/v2\/product"}],"about":[{"href":"https:\/\/lafabriquedagathe.fr\/index.php\/wp-json\/wp\/v2\/types\/product"}],"replies":[{"embeddable":true,"href":"https:\/\/lafabriquedagathe.fr\/index.php\/wp-json\/wp\/v2\/comments?post=7513"}],"wp:featuredmedia":[{"embeddable":true,"href":"https:\/\/lafabriquedagathe.fr\/index.php\/wp-json\/wp\/v2\/media\/7592"}],"wp:attachment":[{"href":"https:\/\/lafabriquedagathe.fr\/index.php\/wp-json\/wp\/v2\/media?parent=7513"}],"wp:term":[{"taxonomy":"product_brand","embeddable":true,"href":"https:\/\/lafabriquedagathe.fr\/index.php\/wp-json\/wp\/v2\/product_brand?post=7513"},{"taxonomy":"product_cat","embeddable":true,"href":"https:\/\/lafabriquedagathe.fr\/index.php\/wp-json\/wp\/v2\/product_cat?post=7513"},{"taxonomy":"product_tag","embeddable":true,"href":"https:\/\/lafabriquedagathe.fr\/index.php\/wp-json\/wp\/v2\/product_tag?post=7513"}],"curies":[{"name":"wp","href":"https:\/\/api.w.org\/{rel}","templated":true}]}}