{"id":8407,"date":"2026-03-12T15:36:32","date_gmt":"2026-03-12T14:36:32","guid":{"rendered":"https:\/\/lafabriquedagathe.fr\/?post_type=product&#038;p=8407"},"modified":"2026-03-24T10:51:43","modified_gmt":"2026-03-24T09:51:43","slug":"pantalon-evolutif-pantheres","status":"publish","type":"product","link":"https:\/\/lafabriquedagathe.fr\/index.php\/produit\/pantalon-evolutif-pantheres\/","title":{"rendered":"Pantalon \u00e9volutif F\u00e9lin pour l&rsquo;autre"},"content":{"rendered":"<h1><strong>Patalon \u00e9volutif enfant \u2013 Sweat l\u00e9ger en coton bio<\/strong><\/h1>\n<p>&nbsp;<\/p>\n<p>Un patalon confortable, color\u00e9 et pens\u00e9 pour suivre vos enfants dans toutes leurs aventures!<\/p>\n<p>Gr\u00e2ce \u00e0 sa coupe ample et \u00e0 ses bandes en bord-c\u00f4te \u00e0 la taille et aux chevilles, ce pantalon s\u2019adapte \u00e0 la croissance des enfants. Il peut \u00eatre port\u00e9 beaucoup plus longtemps qu\u2019un pantalon classique.<\/p>\n<p>Con\u00e7u dans un <strong>sweat l\u00e9ger en coton biologique<\/strong>, il est \u00e0 la fois doux, souple et confortable. Parfait pour jouer, bouger et explorer tout au long de la journ\u00e9e.<\/p>\n<p>Son tissu l\u00e9ger est id\u00e9al pour la mi-saison ou les journ\u00e9es plus fra\u00eeches, tout en restant respirant.<\/p>\n<p>Chaque sarouel est enti\u00e8rement cousu \u00e0 la main dans mon atelier dans l\u2019Ain, avec des tissus biologiques soigneusement s\u00e9lectionn\u00e9s.<\/p>\n<p><strong>Pourquoi vous allez l\u2019adorer?\u00a0<\/strong><\/p>\n<p>\ud83c\udf3f <strong>\u00c9volutif<\/strong> : il accompagne la croissance de vos enfants pendant plusieurs mois\/ ann\u00e9e<br \/>\n\ud83c\udf3f <strong>Confortable<\/strong> : coupe ample qui laisse une grande libert\u00e9 de mouvement<br \/>\n\ud83c\udf3f <strong>Doux et souple<\/strong> : sweat l\u00e9ger en coton biologique<br \/>\n\ud83c\udf3f <strong>Durable<\/strong> : un v\u00eatement qui se porte longtemps et se transmet facilement<br \/>\n\ud83c\udf3f <strong>Artisanal<\/strong> : confectionn\u00e9 \u00e0 la main dans mon atelier<\/p>\n<p><strong>Composition:<\/strong><\/p>\n<p>95 % coton biologique<br \/>\n5 % \u00e9lasthanne<\/p>\n<p><strong>Entretien<\/strong><\/p>\n<ul>\n<li>Lavage en machine \u00e0 30 \u00b0C<\/li>\n<li>Pas de s\u00e8che-linge recommand\u00e9<\/li>\n<li>Repassage doux si n\u00e9cessaire<\/li>\n<\/ul>\n<p>Pour pr\u00e9server les couleurs et la douceur du tissu, privil\u00e9giez un lavage sur l\u2019envers.<\/p>\n","protected":false},"excerpt":{"rendered":"<p>Patalon \u00e9volutif en sweat l\u00e9ger.<\/p>\n<p>95% coton biologique 5% \u00e9lasthanne<\/p>\n<p>Tissu tr\u00e9s confortable.<\/p>\n<p> <a class=\"continue-reading-link\" href=\"https:\/\/lafabriquedagathe.fr\/index.php\/produit\/pantalon-evolutif-pantheres\/\"><span>Continue reading<\/span><i class=\"crycon-right-dir\"><\/i><\/a> <\/p>\n","protected":false},"featured_media":8488,"comment_status":"open","ping_status":"closed","template":"","meta":[],"product_brand":[],"product_cat":[100,145],"product_tag":[],"class_list":{"0":"post-8407","1":"product","2":"type-product","3":"status-publish","4":"has-post-thumbnail","6":"product_cat-pantalon-evolutif","7":"product_cat-pantalon-evolutif-sweat","9":"first","10":"instock","11":"taxable","12":"shipping-taxable","13":"purchasable","14":"product-type-variable"},"yoast_head":"<!-- This site is optimized with the Yoast SEO plugin v27.1.1 - https:\/\/yoast.com\/product\/yoast-seo-wordpress\/ -->\n<title>Pantalon \u00e9volutif F\u00e9lin pour l&#039;autre - Sarouels et v\u00eatements \u00e9volutifs pour enfant en coton bio!<\/title>\n<meta name=\"description\" content=\"Pantalon \u00e9volutif enfant en coton bio \ud83c\udf3f Confortable et durable, il grandit avec votre enfant pour \u00eatre port\u00e9 plus longtemps.\" \/>\n<meta name=\"robots\" content=\"index, follow, max-snippet:-1, max-image-preview:large, max-video-preview:-1\" \/>\n<link rel=\"canonical\" href=\"https:\/\/lafabriquedagathe.fr\/index.php\/produit\/pantalon-evolutif-pantheres\/\" \/>\n<meta property=\"og:locale\" content=\"fr_FR\" \/>\n<meta property=\"og:type\" content=\"article\" \/>\n<meta property=\"og:title\" content=\"Pantalon \u00e9volutif F\u00e9lin pour l&#039;autre - Sarouels et v\u00eatements \u00e9volutifs pour enfant en coton bio!\" \/>\n<meta property=\"og:description\" content=\"Pantalon \u00e9volutif enfant en coton bio \ud83c\udf3f Confortable et durable, il grandit avec votre enfant pour \u00eatre port\u00e9 plus longtemps.\" \/>\n<meta property=\"og:url\" content=\"https:\/\/lafabriquedagathe.fr\/index.php\/produit\/pantalon-evolutif-pantheres\/\" \/>\n<meta property=\"og:site_name\" content=\"Sarouels et v\u00eatements \u00e9volutifs pour enfant en coton bio!\" \/>\n<meta property=\"article:publisher\" content=\"https:\/\/www.facebook.com\/lafabriquedagathe\" \/>\n<meta property=\"article:modified_time\" content=\"2026-03-24T09:51:43+00:00\" \/>\n<meta property=\"og:image\" content=\"https:\/\/lafabriquedagathe.fr\/wp-content\/uploads\/2026\/03\/vectorstock_544329771.jpg\" \/>\n\t<meta property=\"og:image:width\" content=\"1062\" \/>\n\t<meta property=\"og:image:height\" content=\"1500\" \/>\n\t<meta property=\"og:image:type\" content=\"image\/jpeg\" \/>\n<meta name=\"twitter:card\" content=\"summary_large_image\" \/>\n<meta name=\"twitter:label1\" content=\"Dur\u00e9e de lecture estim\u00e9e\" \/>\n\t<meta name=\"twitter:data1\" content=\"2 minutes\" \/>\n<script type=\"application\/ld+json\" class=\"yoast-schema-graph\">{\"@context\":\"https:\/\/schema.org\",\"@graph\":[{\"@type\":\"WebPage\",\"@id\":\"https:\/\/lafabriquedagathe.fr\/index.php\/produit\/pantalon-evolutif-pantheres\/\",\"url\":\"https:\/\/lafabriquedagathe.fr\/index.php\/produit\/pantalon-evolutif-pantheres\/\",\"name\":\"Pantalon \u00e9volutif F\u00e9lin pour l'autre - Sarouels et v\u00eatements \u00e9volutifs pour enfant en coton bio!\",\"isPartOf\":{\"@id\":\"https:\/\/lafabriquedagathe.fr\/#website\"},\"primaryImageOfPage\":{\"@id\":\"https:\/\/lafabriquedagathe.fr\/index.php\/produit\/pantalon-evolutif-pantheres\/#primaryimage\"},\"image\":{\"@id\":\"https:\/\/lafabriquedagathe.fr\/index.php\/produit\/pantalon-evolutif-pantheres\/#primaryimage\"},\"thumbnailUrl\":\"https:\/\/lafabriquedagathe.fr\/wp-content\/uploads\/2026\/03\/vectorstock_544329771.jpg\",\"datePublished\":\"2026-03-12T14:36:32+00:00\",\"dateModified\":\"2026-03-24T09:51:43+00:00\",\"description\":\"Pantalon \u00e9volutif enfant en coton bio \ud83c\udf3f Confortable et durable, il grandit avec votre enfant pour \u00eatre port\u00e9 plus longtemps.\",\"breadcrumb\":{\"@id\":\"https:\/\/lafabriquedagathe.fr\/index.php\/produit\/pantalon-evolutif-pantheres\/#breadcrumb\"},\"inLanguage\":\"fr-FR\",\"potentialAction\":[{\"@type\":\"ReadAction\",\"target\":[\"https:\/\/lafabriquedagathe.fr\/index.php\/produit\/pantalon-evolutif-pantheres\/\"]}]},{\"@type\":\"ImageObject\",\"inLanguage\":\"fr-FR\",\"@id\":\"https:\/\/lafabriquedagathe.fr\/index.php\/produit\/pantalon-evolutif-pantheres\/#primaryimage\",\"url\":\"https:\/\/lafabriquedagathe.fr\/wp-content\/uploads\/2026\/03\/vectorstock_544329771.jpg\",\"contentUrl\":\"https:\/\/lafabriquedagathe.fr\/wp-content\/uploads\/2026\/03\/vectorstock_544329771.jpg\",\"width\":1062,\"height\":1500,\"caption\":\"Motif pour v\u00eatement \u00e9voluti\"},{\"@type\":\"BreadcrumbList\",\"@id\":\"https:\/\/lafabriquedagathe.fr\/index.php\/produit\/pantalon-evolutif-pantheres\/#breadcrumb\",\"itemListElement\":[{\"@type\":\"ListItem\",\"position\":1,\"name\":\"Accueil\",\"item\":\"https:\/\/lafabriquedagathe.fr\/\"},{\"@type\":\"ListItem\",\"position\":2,\"name\":\"Boutique\",\"item\":\"https:\/\/lafabriquedagathe.fr\/index.php\/boutique\/\"},{\"@type\":\"ListItem\",\"position\":3,\"name\":\"Pantalon \u00e9volutif F\u00e9lin pour l&rsquo;autre\"}]},{\"@type\":\"WebSite\",\"@id\":\"https:\/\/lafabriquedagathe.fr\/#website\",\"url\":\"https:\/\/lafabriquedagathe.fr\/\",\"name\":\"Sarouels et v\u00eatements \u00e9volutifs pour enfant en coton bio!\",\"description\":\"Pour grandir, jouer et durer.\",\"publisher\":{\"@id\":\"https:\/\/lafabriquedagathe.fr\/#organization\"},\"potentialAction\":[{\"@type\":\"SearchAction\",\"target\":{\"@type\":\"EntryPoint\",\"urlTemplate\":\"https:\/\/lafabriquedagathe.fr\/?s={search_term_string}\"},\"query-input\":{\"@type\":\"PropertyValueSpecification\",\"valueRequired\":true,\"valueName\":\"search_term_string\"}}],\"inLanguage\":\"fr-FR\"},{\"@type\":\"Organization\",\"@id\":\"https:\/\/lafabriquedagathe.fr\/#organization\",\"name\":\"La fabrique d'Agathe\",\"url\":\"https:\/\/lafabriquedagathe.fr\/\",\"logo\":{\"@type\":\"ImageObject\",\"inLanguage\":\"fr-FR\",\"@id\":\"https:\/\/lafabriquedagathe.fr\/#\/schema\/logo\/image\/\",\"url\":\"https:\/\/lafabriquedagathe.fr\/wp-content\/uploads\/2022\/06\/LOGO1ERE-2.jpg\",\"contentUrl\":\"https:\/\/lafabriquedagathe.fr\/wp-content\/uploads\/2022\/06\/LOGO1ERE-2.jpg\",\"width\":350,\"height\":175,\"caption\":\"La fabrique d'Agathe\"},\"image\":{\"@id\":\"https:\/\/lafabriquedagathe.fr\/#\/schema\/logo\/image\/\"},\"sameAs\":[\"https:\/\/www.facebook.com\/lafabriquedagathe\",\"https:\/\/www.instagram.com\/lafabriquedagathe\/\"]}]}<\/script>\n<!-- \/ Yoast SEO plugin. -->","yoast_head_json":{"title":"Pantalon \u00e9volutif F\u00e9lin pour l'autre - Sarouels et v\u00eatements \u00e9volutifs pour enfant en coton bio!","description":"Pantalon \u00e9volutif enfant en coton bio \ud83c\udf3f Confortable et durable, il grandit avec votre enfant pour \u00eatre port\u00e9 plus longtemps.","robots":{"index":"index","follow":"follow","max-snippet":"max-snippet:-1","max-image-preview":"max-image-preview:large","max-video-preview":"max-video-preview:-1"},"canonical":"https:\/\/lafabriquedagathe.fr\/index.php\/produit\/pantalon-evolutif-pantheres\/","og_locale":"fr_FR","og_type":"article","og_title":"Pantalon \u00e9volutif F\u00e9lin pour l'autre - Sarouels et v\u00eatements \u00e9volutifs pour enfant en coton bio!","og_description":"Pantalon \u00e9volutif enfant en coton bio \ud83c\udf3f Confortable et durable, il grandit avec votre enfant pour \u00eatre port\u00e9 plus longtemps.","og_url":"https:\/\/lafabriquedagathe.fr\/index.php\/produit\/pantalon-evolutif-pantheres\/","og_site_name":"Sarouels et v\u00eatements \u00e9volutifs pour enfant en coton bio!","article_publisher":"https:\/\/www.facebook.com\/lafabriquedagathe","article_modified_time":"2026-03-24T09:51:43+00:00","og_image":[{"width":1062,"height":1500,"url":"https:\/\/lafabriquedagathe.fr\/wp-content\/uploads\/2026\/03\/vectorstock_544329771.jpg","type":"image\/jpeg"}],"twitter_card":"summary_large_image","twitter_misc":{"Dur\u00e9e de lecture estim\u00e9e":"2 minutes"},"schema":{"@context":"https:\/\/schema.org","@graph":[{"@type":"WebPage","@id":"https:\/\/lafabriquedagathe.fr\/index.php\/produit\/pantalon-evolutif-pantheres\/","url":"https:\/\/lafabriquedagathe.fr\/index.php\/produit\/pantalon-evolutif-pantheres\/","name":"Pantalon \u00e9volutif F\u00e9lin pour l'autre - Sarouels et v\u00eatements \u00e9volutifs pour enfant en coton bio!","isPartOf":{"@id":"https:\/\/lafabriquedagathe.fr\/#website"},"primaryImageOfPage":{"@id":"https:\/\/lafabriquedagathe.fr\/index.php\/produit\/pantalon-evolutif-pantheres\/#primaryimage"},"image":{"@id":"https:\/\/lafabriquedagathe.fr\/index.php\/produit\/pantalon-evolutif-pantheres\/#primaryimage"},"thumbnailUrl":"https:\/\/lafabriquedagathe.fr\/wp-content\/uploads\/2026\/03\/vectorstock_544329771.jpg","datePublished":"2026-03-12T14:36:32+00:00","dateModified":"2026-03-24T09:51:43+00:00","description":"Pantalon \u00e9volutif enfant en coton bio \ud83c\udf3f Confortable et durable, il grandit avec votre enfant pour \u00eatre port\u00e9 plus longtemps.","breadcrumb":{"@id":"https:\/\/lafabriquedagathe.fr\/index.php\/produit\/pantalon-evolutif-pantheres\/#breadcrumb"},"inLanguage":"fr-FR","potentialAction":[{"@type":"ReadAction","target":["https:\/\/lafabriquedagathe.fr\/index.php\/produit\/pantalon-evolutif-pantheres\/"]}]},{"@type":"ImageObject","inLanguage":"fr-FR","@id":"https:\/\/lafabriquedagathe.fr\/index.php\/produit\/pantalon-evolutif-pantheres\/#primaryimage","url":"https:\/\/lafabriquedagathe.fr\/wp-content\/uploads\/2026\/03\/vectorstock_544329771.jpg","contentUrl":"https:\/\/lafabriquedagathe.fr\/wp-content\/uploads\/2026\/03\/vectorstock_544329771.jpg","width":1062,"height":1500,"caption":"Motif pour v\u00eatement \u00e9voluti"},{"@type":"BreadcrumbList","@id":"https:\/\/lafabriquedagathe.fr\/index.php\/produit\/pantalon-evolutif-pantheres\/#breadcrumb","itemListElement":[{"@type":"ListItem","position":1,"name":"Accueil","item":"https:\/\/lafabriquedagathe.fr\/"},{"@type":"ListItem","position":2,"name":"Boutique","item":"https:\/\/lafabriquedagathe.fr\/index.php\/boutique\/"},{"@type":"ListItem","position":3,"name":"Pantalon \u00e9volutif F\u00e9lin pour l&rsquo;autre"}]},{"@type":"WebSite","@id":"https:\/\/lafabriquedagathe.fr\/#website","url":"https:\/\/lafabriquedagathe.fr\/","name":"Sarouels et v\u00eatements \u00e9volutifs pour enfant en coton bio!","description":"Pour grandir, jouer et durer.","publisher":{"@id":"https:\/\/lafabriquedagathe.fr\/#organization"},"potentialAction":[{"@type":"SearchAction","target":{"@type":"EntryPoint","urlTemplate":"https:\/\/lafabriquedagathe.fr\/?s={search_term_string}"},"query-input":{"@type":"PropertyValueSpecification","valueRequired":true,"valueName":"search_term_string"}}],"inLanguage":"fr-FR"},{"@type":"Organization","@id":"https:\/\/lafabriquedagathe.fr\/#organization","name":"La fabrique d'Agathe","url":"https:\/\/lafabriquedagathe.fr\/","logo":{"@type":"ImageObject","inLanguage":"fr-FR","@id":"https:\/\/lafabriquedagathe.fr\/#\/schema\/logo\/image\/","url":"https:\/\/lafabriquedagathe.fr\/wp-content\/uploads\/2022\/06\/LOGO1ERE-2.jpg","contentUrl":"https:\/\/lafabriquedagathe.fr\/wp-content\/uploads\/2022\/06\/LOGO1ERE-2.jpg","width":350,"height":175,"caption":"La fabrique d'Agathe"},"image":{"@id":"https:\/\/lafabriquedagathe.fr\/#\/schema\/logo\/image\/"},"sameAs":["https:\/\/www.facebook.com\/lafabriquedagathe","https:\/\/www.instagram.com\/lafabriquedagathe\/"]}]}},"_links":{"self":[{"href":"https:\/\/lafabriquedagathe.fr\/index.php\/wp-json\/wp\/v2\/product\/8407","targetHints":{"allow":["GET"]}}],"collection":[{"href":"https:\/\/lafabriquedagathe.fr\/index.php\/wp-json\/wp\/v2\/product"}],"about":[{"href":"https:\/\/lafabriquedagathe.fr\/index.php\/wp-json\/wp\/v2\/types\/product"}],"replies":[{"embeddable":true,"href":"https:\/\/lafabriquedagathe.fr\/index.php\/wp-json\/wp\/v2\/comments?post=8407"}],"wp:featuredmedia":[{"embeddable":true,"href":"https:\/\/lafabriquedagathe.fr\/index.php\/wp-json\/wp\/v2\/media\/8488"}],"wp:attachment":[{"href":"https:\/\/lafabriquedagathe.fr\/index.php\/wp-json\/wp\/v2\/media?parent=8407"}],"wp:term":[{"taxonomy":"product_brand","embeddable":true,"href":"https:\/\/lafabriquedagathe.fr\/index.php\/wp-json\/wp\/v2\/product_brand?post=8407"},{"taxonomy":"product_cat","embeddable":true,"href":"https:\/\/lafabriquedagathe.fr\/index.php\/wp-json\/wp\/v2\/product_cat?post=8407"},{"taxonomy":"product_tag","embeddable":true,"href":"https:\/\/lafabriquedagathe.fr\/index.php\/wp-json\/wp\/v2\/product_tag?post=8407"}],"curies":[{"name":"wp","href":"https:\/\/api.w.org\/{rel}","templated":true}]}}