{"id":8469,"date":"2026-03-12T15:45:27","date_gmt":"2026-03-12T14:45:27","guid":{"rendered":"https:\/\/lafabriquedagathe.fr\/?post_type=product&#038;p=8469"},"modified":"2026-03-26T10:04:55","modified_gmt":"2026-03-26T09:04:55","slug":"sarouel-evolutif-lion","status":"publish","type":"product","link":"https:\/\/lafabriquedagathe.fr\/index.php\/produit\/sarouel-evolutif-lion\/","title":{"rendered":"Sarouel \u00e9volutif Le roi soleil"},"content":{"rendered":"<h1 data-start=\"286\" data-end=\"363\"><strong data-start=\"286\" data-end=\"363\">Sarouel \u00e9volutif enfant en coton bio \u2013 sweat l\u00e9ger confortable et durable<\/strong><\/h1>\n<p data-start=\"365\" data-end=\"493\">Le <strong data-start=\"368\" data-end=\"395\">sarouel \u00e9volutif enfant<\/strong> est un pantalon confortable, color\u00e9 et pens\u00e9 pour suivre vos enfants dans toutes leurs aventures.<\/p>\n<p data-start=\"495\" data-end=\"765\">Gr\u00e2ce \u00e0 sa coupe ample et \u00e0 ses bandes en bord-c\u00f4te \u00e0 la taille et aux chevilles, ce <strong data-start=\"580\" data-end=\"600\">sarouel \u00e9volutif<\/strong> s\u2019adapte facilement \u00e0 la croissance des enfants. Il peut \u00eatre port\u00e9 beaucoup plus longtemps qu\u2019un pantalon classique, ce qui en fait un choix \u00e9conomique et durable.<\/p>\n<p data-start=\"767\" data-end=\"997\">Con\u00e7u dans un sweat l\u00e9ger en coton biologique, ce <strong data-start=\"817\" data-end=\"844\">sarouel \u00e9volutif enfant<\/strong> est \u00e0 la fois doux, souple et agr\u00e9able \u00e0 porter. Il est id\u00e9al pour accompagner les enfants dans leurs mouvements au quotidien : jouer, courir, explorer.<\/p>\n<p data-start=\"999\" data-end=\"1123\">Son tissu respirant est parfait pour la mi-saison ou les journ\u00e9es plus fra\u00eeches, tout en garantissant un maximum de confort.<\/p>\n<p data-start=\"1125\" data-end=\"1310\">Chaque <strong data-start=\"1132\" data-end=\"1159\">sarouel enfant<\/strong> est enti\u00e8rement cousu \u00e0 la main dans mon atelier dans l\u2019Ain, avec des tissus biologiques soigneusement s\u00e9lectionn\u00e9s pour leur qualit\u00e9 et leur douceur.<\/p>\n<p data-start=\"1312\" data-end=\"1422\">\ud83d\udc49 D\u00e9couvrez \u00e9galement nos <a href=\"https:\/\/lafabriquedagathe.fr\/index.php\/categorie-produit\/enfants\/bas\/pantalon-evolutif\/\"><strong data-start=\"1339\" data-end=\"1369\">pantalons \u00e9volutifs enfant<\/strong><\/a> pour un style plus ajust\u00e9 et tout aussi confortable.<\/p>\n<hr data-start=\"1424\" data-end=\"1427\" \/>\n<h2 data-section-id=\"115hiui\" data-start=\"1429\" data-end=\"1478\">Pourquoi choisir un sarouel \u00e9volutif enfant ?<\/h2>\n<p data-start=\"1480\" data-end=\"1834\">\ud83c\udf3f \u00c9volutif : il accompagne la croissance de votre enfant pendant plusieurs mois, voire plusieurs ann\u00e9es<br data-start=\"1584\" data-end=\"1587\" \/>\ud83c\udf3f Confortable : sa coupe ample offre une grande libert\u00e9 de mouvement<br data-start=\"1656\" data-end=\"1659\" \/>\ud83c\udf3f Doux et souple : r\u00e9alis\u00e9 en coton biologique agr\u00e9able \u00e0 porter<br data-start=\"1724\" data-end=\"1727\" \/>\ud83c\udf3f Durable : un v\u00eatement con\u00e7u pour durer et se transmettre<br data-start=\"1786\" data-end=\"1789\" \/>\ud83c\udf3f Pratique : facile \u00e0 enfiler au quotidien<\/p>\n<hr data-start=\"1836\" data-end=\"1839\" \/>\n<h2 data-section-id=\"1ka5t1a\" data-start=\"1841\" data-end=\"1856\">Composition<\/h2>\n<p data-start=\"1858\" data-end=\"1898\">95 % coton biologique<br data-start=\"1879\" data-end=\"1882\" \/>5 % \u00e9lasthanne<\/p>\n<hr data-start=\"1900\" data-end=\"1903\" \/>\n<h2 data-section-id=\"1p7mhrs\" data-start=\"1905\" data-end=\"1918\">Entretien<\/h2>\n<p data-start=\"1920\" data-end=\"2010\">Lavage en machine \u00e0 30 \u00b0C<br data-start=\"1945\" data-end=\"1948\" \/>Pas de s\u00e8che-linge recommand\u00e9<br data-start=\"1977\" data-end=\"1980\" \/>Repassage doux si n\u00e9cessaire<\/p>\n<p data-start=\"2012\" data-end=\"2099\">Pour pr\u00e9server les couleurs et la douceur du tissu, privil\u00e9giez un lavage sur l\u2019envers.<\/p>\n<p data-start=\"2101\" data-end=\"2201\">\ud83d\udc49 En savoir plus sur les avantages des v\u00eatements \u00e9volutifs pour enfants dans <a href=\"https:\/\/lafabriquedagathe.fr\/index.php\/blog\/\">notre article de blog<\/a>.<\/p>\n<h1><\/h1>\n","protected":false},"excerpt":{"rendered":"<p>Sarouel \u00e9volutif en sweat l\u00e9ger.<\/p>\n<p>95% coton biologique 5% \u00e9lasthanne<\/p>\n<p>Tissu tr\u00e9s confortable.<\/p>\n<p> <a class=\"continue-reading-link\" href=\"https:\/\/lafabriquedagathe.fr\/index.php\/produit\/sarouel-evolutif-lion\/\"><span>Continue reading<\/span><i class=\"crycon-right-dir\"><\/i><\/a> <\/p>\n","protected":false},"featured_media":8302,"comment_status":"open","ping_status":"closed","template":"","meta":[],"product_brand":[],"product_cat":[41,144],"product_tag":[],"class_list":{"0":"post-8469","1":"product","2":"type-product","3":"status-publish","4":"has-post-thumbnail","6":"product_cat-sarouel","7":"product_cat-sarouel-evolutif-sweat","9":"first","10":"instock","11":"taxable","12":"shipping-taxable","13":"purchasable","14":"product-type-variable"},"yoast_head":"<!-- This site is optimized with the Yoast SEO plugin v27.1.1 - https:\/\/yoast.com\/product\/yoast-seo-wordpress\/ -->\n<title>Sarouel \u00e9volutif Le roi soleil - Sarouels et v\u00eatements \u00e9volutifs pour enfant en coton bio!<\/title>\n<meta name=\"description\" content=\"Sarouel \u00e9volutif enfant en coton bio \ud83c\udf3f Confortable et durable, il grandit avec votre enfant pour \u00eatre port\u00e9 plus longtemps.\" \/>\n<meta name=\"robots\" content=\"index, follow, max-snippet:-1, max-image-preview:large, max-video-preview:-1\" \/>\n<link rel=\"canonical\" href=\"https:\/\/lafabriquedagathe.fr\/index.php\/produit\/sarouel-evolutif-lion\/\" \/>\n<meta property=\"og:locale\" content=\"fr_FR\" \/>\n<meta property=\"og:type\" content=\"article\" \/>\n<meta property=\"og:title\" content=\"Sarouel \u00e9volutif Le roi soleil - Sarouels et v\u00eatements \u00e9volutifs pour enfant en coton bio!\" \/>\n<meta property=\"og:description\" content=\"Sarouel \u00e9volutif enfant en coton bio \ud83c\udf3f Confortable et durable, il grandit avec votre enfant pour \u00eatre port\u00e9 plus longtemps.\" \/>\n<meta property=\"og:url\" content=\"https:\/\/lafabriquedagathe.fr\/index.php\/produit\/sarouel-evolutif-lion\/\" \/>\n<meta property=\"og:site_name\" content=\"Sarouels et v\u00eatements \u00e9volutifs pour enfant en coton bio!\" \/>\n<meta property=\"article:publisher\" content=\"https:\/\/www.facebook.com\/lafabriquedagathe\" \/>\n<meta property=\"article:modified_time\" content=\"2026-03-26T09:04:55+00:00\" \/>\n<meta property=\"og:image\" content=\"https:\/\/lafabriquedagathe.fr\/wp-content\/uploads\/2026\/03\/PXL_20260303_1005013423.jpg\" \/>\n\t<meta property=\"og:image:width\" content=\"1134\" \/>\n\t<meta property=\"og:image:height\" content=\"1135\" \/>\n\t<meta property=\"og:image:type\" content=\"image\/jpeg\" \/>\n<meta name=\"twitter:card\" content=\"summary_large_image\" \/>\n<meta name=\"twitter:label1\" content=\"Dur\u00e9e de lecture estim\u00e9e\" \/>\n\t<meta name=\"twitter:data1\" content=\"2 minutes\" \/>\n<script type=\"application\/ld+json\" class=\"yoast-schema-graph\">{\"@context\":\"https:\/\/schema.org\",\"@graph\":[{\"@type\":\"WebPage\",\"@id\":\"https:\/\/lafabriquedagathe.fr\/index.php\/produit\/sarouel-evolutif-lion\/\",\"url\":\"https:\/\/lafabriquedagathe.fr\/index.php\/produit\/sarouel-evolutif-lion\/\",\"name\":\"Sarouel \u00e9volutif Le roi soleil - Sarouels et v\u00eatements \u00e9volutifs pour enfant en coton bio!\",\"isPartOf\":{\"@id\":\"https:\/\/lafabriquedagathe.fr\/#website\"},\"primaryImageOfPage\":{\"@id\":\"https:\/\/lafabriquedagathe.fr\/index.php\/produit\/sarouel-evolutif-lion\/#primaryimage\"},\"image\":{\"@id\":\"https:\/\/lafabriquedagathe.fr\/index.php\/produit\/sarouel-evolutif-lion\/#primaryimage\"},\"thumbnailUrl\":\"https:\/\/lafabriquedagathe.fr\/wp-content\/uploads\/2026\/03\/PXL_20260303_1005013423.jpg\",\"datePublished\":\"2026-03-12T14:45:27+00:00\",\"dateModified\":\"2026-03-26T09:04:55+00:00\",\"description\":\"Sarouel \u00e9volutif enfant en coton bio \ud83c\udf3f Confortable et durable, il grandit avec votre enfant pour \u00eatre port\u00e9 plus longtemps.\",\"breadcrumb\":{\"@id\":\"https:\/\/lafabriquedagathe.fr\/index.php\/produit\/sarouel-evolutif-lion\/#breadcrumb\"},\"inLanguage\":\"fr-FR\",\"potentialAction\":[{\"@type\":\"ReadAction\",\"target\":[\"https:\/\/lafabriquedagathe.fr\/index.php\/produit\/sarouel-evolutif-lion\/\"]}]},{\"@type\":\"ImageObject\",\"inLanguage\":\"fr-FR\",\"@id\":\"https:\/\/lafabriquedagathe.fr\/index.php\/produit\/sarouel-evolutif-lion\/#primaryimage\",\"url\":\"https:\/\/lafabriquedagathe.fr\/wp-content\/uploads\/2026\/03\/PXL_20260303_1005013423.jpg\",\"contentUrl\":\"https:\/\/lafabriquedagathe.fr\/wp-content\/uploads\/2026\/03\/PXL_20260303_1005013423.jpg\",\"width\":1134,\"height\":1135,\"caption\":\"sarouel \u00e9volutif en coton bio\"},{\"@type\":\"BreadcrumbList\",\"@id\":\"https:\/\/lafabriquedagathe.fr\/index.php\/produit\/sarouel-evolutif-lion\/#breadcrumb\",\"itemListElement\":[{\"@type\":\"ListItem\",\"position\":1,\"name\":\"Accueil\",\"item\":\"https:\/\/lafabriquedagathe.fr\/\"},{\"@type\":\"ListItem\",\"position\":2,\"name\":\"Boutique\",\"item\":\"https:\/\/lafabriquedagathe.fr\/index.php\/boutique\/\"},{\"@type\":\"ListItem\",\"position\":3,\"name\":\"Sarouel \u00e9volutif Le roi soleil\"}]},{\"@type\":\"WebSite\",\"@id\":\"https:\/\/lafabriquedagathe.fr\/#website\",\"url\":\"https:\/\/lafabriquedagathe.fr\/\",\"name\":\"Sarouels et v\u00eatements \u00e9volutifs pour enfant en coton bio!\",\"description\":\"Pour grandir, jouer et durer.\",\"publisher\":{\"@id\":\"https:\/\/lafabriquedagathe.fr\/#organization\"},\"potentialAction\":[{\"@type\":\"SearchAction\",\"target\":{\"@type\":\"EntryPoint\",\"urlTemplate\":\"https:\/\/lafabriquedagathe.fr\/?s={search_term_string}\"},\"query-input\":{\"@type\":\"PropertyValueSpecification\",\"valueRequired\":true,\"valueName\":\"search_term_string\"}}],\"inLanguage\":\"fr-FR\"},{\"@type\":\"Organization\",\"@id\":\"https:\/\/lafabriquedagathe.fr\/#organization\",\"name\":\"La fabrique d'Agathe\",\"url\":\"https:\/\/lafabriquedagathe.fr\/\",\"logo\":{\"@type\":\"ImageObject\",\"inLanguage\":\"fr-FR\",\"@id\":\"https:\/\/lafabriquedagathe.fr\/#\/schema\/logo\/image\/\",\"url\":\"https:\/\/lafabriquedagathe.fr\/wp-content\/uploads\/2022\/06\/LOGO1ERE-2.jpg\",\"contentUrl\":\"https:\/\/lafabriquedagathe.fr\/wp-content\/uploads\/2022\/06\/LOGO1ERE-2.jpg\",\"width\":350,\"height\":175,\"caption\":\"La fabrique d'Agathe\"},\"image\":{\"@id\":\"https:\/\/lafabriquedagathe.fr\/#\/schema\/logo\/image\/\"},\"sameAs\":[\"https:\/\/www.facebook.com\/lafabriquedagathe\",\"https:\/\/www.instagram.com\/lafabriquedagathe\/\"]}]}<\/script>\n<!-- \/ Yoast SEO plugin. -->","yoast_head_json":{"title":"Sarouel \u00e9volutif Le roi soleil - Sarouels et v\u00eatements \u00e9volutifs pour enfant en coton bio!","description":"Sarouel \u00e9volutif enfant en coton bio \ud83c\udf3f Confortable et durable, il grandit avec votre enfant pour \u00eatre port\u00e9 plus longtemps.","robots":{"index":"index","follow":"follow","max-snippet":"max-snippet:-1","max-image-preview":"max-image-preview:large","max-video-preview":"max-video-preview:-1"},"canonical":"https:\/\/lafabriquedagathe.fr\/index.php\/produit\/sarouel-evolutif-lion\/","og_locale":"fr_FR","og_type":"article","og_title":"Sarouel \u00e9volutif Le roi soleil - Sarouels et v\u00eatements \u00e9volutifs pour enfant en coton bio!","og_description":"Sarouel \u00e9volutif enfant en coton bio \ud83c\udf3f Confortable et durable, il grandit avec votre enfant pour \u00eatre port\u00e9 plus longtemps.","og_url":"https:\/\/lafabriquedagathe.fr\/index.php\/produit\/sarouel-evolutif-lion\/","og_site_name":"Sarouels et v\u00eatements \u00e9volutifs pour enfant en coton bio!","article_publisher":"https:\/\/www.facebook.com\/lafabriquedagathe","article_modified_time":"2026-03-26T09:04:55+00:00","og_image":[{"width":1134,"height":1135,"url":"https:\/\/lafabriquedagathe.fr\/wp-content\/uploads\/2026\/03\/PXL_20260303_1005013423.jpg","type":"image\/jpeg"}],"twitter_card":"summary_large_image","twitter_misc":{"Dur\u00e9e de lecture estim\u00e9e":"2 minutes"},"schema":{"@context":"https:\/\/schema.org","@graph":[{"@type":"WebPage","@id":"https:\/\/lafabriquedagathe.fr\/index.php\/produit\/sarouel-evolutif-lion\/","url":"https:\/\/lafabriquedagathe.fr\/index.php\/produit\/sarouel-evolutif-lion\/","name":"Sarouel \u00e9volutif Le roi soleil - Sarouels et v\u00eatements \u00e9volutifs pour enfant en coton bio!","isPartOf":{"@id":"https:\/\/lafabriquedagathe.fr\/#website"},"primaryImageOfPage":{"@id":"https:\/\/lafabriquedagathe.fr\/index.php\/produit\/sarouel-evolutif-lion\/#primaryimage"},"image":{"@id":"https:\/\/lafabriquedagathe.fr\/index.php\/produit\/sarouel-evolutif-lion\/#primaryimage"},"thumbnailUrl":"https:\/\/lafabriquedagathe.fr\/wp-content\/uploads\/2026\/03\/PXL_20260303_1005013423.jpg","datePublished":"2026-03-12T14:45:27+00:00","dateModified":"2026-03-26T09:04:55+00:00","description":"Sarouel \u00e9volutif enfant en coton bio \ud83c\udf3f Confortable et durable, il grandit avec votre enfant pour \u00eatre port\u00e9 plus longtemps.","breadcrumb":{"@id":"https:\/\/lafabriquedagathe.fr\/index.php\/produit\/sarouel-evolutif-lion\/#breadcrumb"},"inLanguage":"fr-FR","potentialAction":[{"@type":"ReadAction","target":["https:\/\/lafabriquedagathe.fr\/index.php\/produit\/sarouel-evolutif-lion\/"]}]},{"@type":"ImageObject","inLanguage":"fr-FR","@id":"https:\/\/lafabriquedagathe.fr\/index.php\/produit\/sarouel-evolutif-lion\/#primaryimage","url":"https:\/\/lafabriquedagathe.fr\/wp-content\/uploads\/2026\/03\/PXL_20260303_1005013423.jpg","contentUrl":"https:\/\/lafabriquedagathe.fr\/wp-content\/uploads\/2026\/03\/PXL_20260303_1005013423.jpg","width":1134,"height":1135,"caption":"sarouel \u00e9volutif en coton bio"},{"@type":"BreadcrumbList","@id":"https:\/\/lafabriquedagathe.fr\/index.php\/produit\/sarouel-evolutif-lion\/#breadcrumb","itemListElement":[{"@type":"ListItem","position":1,"name":"Accueil","item":"https:\/\/lafabriquedagathe.fr\/"},{"@type":"ListItem","position":2,"name":"Boutique","item":"https:\/\/lafabriquedagathe.fr\/index.php\/boutique\/"},{"@type":"ListItem","position":3,"name":"Sarouel \u00e9volutif Le roi soleil"}]},{"@type":"WebSite","@id":"https:\/\/lafabriquedagathe.fr\/#website","url":"https:\/\/lafabriquedagathe.fr\/","name":"Sarouels et v\u00eatements \u00e9volutifs pour enfant en coton bio!","description":"Pour grandir, jouer et durer.","publisher":{"@id":"https:\/\/lafabriquedagathe.fr\/#organization"},"potentialAction":[{"@type":"SearchAction","target":{"@type":"EntryPoint","urlTemplate":"https:\/\/lafabriquedagathe.fr\/?s={search_term_string}"},"query-input":{"@type":"PropertyValueSpecification","valueRequired":true,"valueName":"search_term_string"}}],"inLanguage":"fr-FR"},{"@type":"Organization","@id":"https:\/\/lafabriquedagathe.fr\/#organization","name":"La fabrique d'Agathe","url":"https:\/\/lafabriquedagathe.fr\/","logo":{"@type":"ImageObject","inLanguage":"fr-FR","@id":"https:\/\/lafabriquedagathe.fr\/#\/schema\/logo\/image\/","url":"https:\/\/lafabriquedagathe.fr\/wp-content\/uploads\/2022\/06\/LOGO1ERE-2.jpg","contentUrl":"https:\/\/lafabriquedagathe.fr\/wp-content\/uploads\/2022\/06\/LOGO1ERE-2.jpg","width":350,"height":175,"caption":"La fabrique d'Agathe"},"image":{"@id":"https:\/\/lafabriquedagathe.fr\/#\/schema\/logo\/image\/"},"sameAs":["https:\/\/www.facebook.com\/lafabriquedagathe","https:\/\/www.instagram.com\/lafabriquedagathe\/"]}]}},"_links":{"self":[{"href":"https:\/\/lafabriquedagathe.fr\/index.php\/wp-json\/wp\/v2\/product\/8469","targetHints":{"allow":["GET"]}}],"collection":[{"href":"https:\/\/lafabriquedagathe.fr\/index.php\/wp-json\/wp\/v2\/product"}],"about":[{"href":"https:\/\/lafabriquedagathe.fr\/index.php\/wp-json\/wp\/v2\/types\/product"}],"replies":[{"embeddable":true,"href":"https:\/\/lafabriquedagathe.fr\/index.php\/wp-json\/wp\/v2\/comments?post=8469"}],"wp:featuredmedia":[{"embeddable":true,"href":"https:\/\/lafabriquedagathe.fr\/index.php\/wp-json\/wp\/v2\/media\/8302"}],"wp:attachment":[{"href":"https:\/\/lafabriquedagathe.fr\/index.php\/wp-json\/wp\/v2\/media?parent=8469"}],"wp:term":[{"taxonomy":"product_brand","embeddable":true,"href":"https:\/\/lafabriquedagathe.fr\/index.php\/wp-json\/wp\/v2\/product_brand?post=8469"},{"taxonomy":"product_cat","embeddable":true,"href":"https:\/\/lafabriquedagathe.fr\/index.php\/wp-json\/wp\/v2\/product_cat?post=8469"},{"taxonomy":"product_tag","embeddable":true,"href":"https:\/\/lafabriquedagathe.fr\/index.php\/wp-json\/wp\/v2\/product_tag?post=8469"}],"curies":[{"name":"wp","href":"https:\/\/api.w.org\/{rel}","templated":true}]}}